{"id":7170,"date":"2023-07-04T17:21:59","date_gmt":"2023-07-04T16:21:59","guid":{"rendered":"http:\/\/wlportugal.com\/23\/air-freight\/"},"modified":"2024-06-05T10:23:55","modified_gmt":"2024-06-05T09:23:55","slug":"air-freight","status":"publish","type":"page","link":"https:\/\/wlportugal.com\/en\/air-freight\/","title":{"rendered":"Air Freight"},"content":{"rendered":"\t\t<div data-elementor-type=\"wp-page\" data-elementor-id=\"7170\" class=\"elementor elementor-7170 elementor-4417\">\n\t\t\t\t\t\t<section class=\"elementor-section elementor-top-section elementor-element elementor-element-2ae2f1c0 elementor-section-boxed elementor-section-height-default elementor-section-height-default\" data-id=\"2ae2f1c0\" data-element_type=\"section\" data-e-type=\"section\">\n\t\t\t\t\t\t<div class=\"elementor-container elementor-column-gap-extended\">\n\t\t\t\t\t<div class=\"elementor-column elementor-col-66 elementor-top-column elementor-element elementor-element-3b2f52cf\" data-id=\"3b2f52cf\" data-element_type=\"column\" data-e-type=\"column\">\n\t\t\t<div class=\"elementor-widget-wrap elementor-element-populated\">\n\t\t\t\t\t\t<div class=\"elementor-element elementor-element-7439b991 elementor-widget elementor-widget-heading\" data-id=\"7439b991\" data-element_type=\"widget\" data-e-type=\"widget\" data-widget_type=\"heading.default\">\n\t\t\t\t<div class=\"elementor-widget-container\">\n\t\t\t\t\t<h4 class=\"elementor-heading-title elementor-size-default\">Air Freight<\/h4>\t\t\t\t<\/div>\n\t\t\t\t<\/div>\n\t\t\t\t<div class=\"elementor-element elementor-element-5aa3183d elementor-widget elementor-widget-text-editor\" data-id=\"5aa3183d\" data-element_type=\"widget\" data-e-type=\"widget\" data-widget_type=\"text-editor.default\">\n\t\t\t\t<div class=\"elementor-widget-container\">\n\t\t\t\t\t\t\t\t\t<h3 class=\"vc_custom_heading\">Air Freight Solutions and Services<\/h3>\n\t\t\t\t\t\t\t\t<\/div>\n\t\t\t\t<\/div>\n\t\t\t\t<section class=\"elementor-section elementor-inner-section elementor-element elementor-element-4ea7ff9e elementor-section-boxed elementor-section-height-default elementor-section-height-default\" data-id=\"4ea7ff9e\" data-element_type=\"section\" data-e-type=\"section\">\n\t\t\t\t\t\t<div class=\"elementor-container elementor-column-gap-default\">\n\t\t\t\t\t<div class=\"elementor-column elementor-col-33 elementor-inner-column elementor-element elementor-element-66518d03\" data-id=\"66518d03\" data-element_type=\"column\" data-e-type=\"column\">\n\t\t\t<div class=\"elementor-widget-wrap elementor-element-populated\">\n\t\t\t\t\t\t<div class=\"elementor-element elementor-element-14af425a elementor-widget elementor-widget-text-editor\" data-id=\"14af425a\" data-element_type=\"widget\" data-e-type=\"widget\" data-widget_type=\"text-editor.default\">\n\t\t\t\t<div class=\"elementor-widget-container\">\n\t\t\t\t\t\t\t\t\t<ul>\n<li>Strategic partnerships and global agreements with leading airlines<\/li>\n<li>Specialized and dedicated operational team<\/li>\n<li>Consolidation Service with Worldwide Coverage<\/li>\n<\/ul>\n\t\t\t\t\t\t\t\t<\/div>\n\t\t\t\t<\/div>\n\t\t\t\t\t<\/div>\n\t\t<\/div>\n\t\t\t\t<div class=\"elementor-column elementor-col-33 elementor-inner-column elementor-element elementor-element-335c4b09\" data-id=\"335c4b09\" data-element_type=\"column\" data-e-type=\"column\">\n\t\t\t<div class=\"elementor-widget-wrap elementor-element-populated\">\n\t\t\t\t\t\t<div class=\"elementor-element elementor-element-67130d23 elementor-widget elementor-widget-text-editor\" data-id=\"67130d23\" data-element_type=\"widget\" data-e-type=\"widget\" data-widget_type=\"text-editor.default\">\n\t\t\t\t<div class=\"elementor-widget-container\">\n\t\t\t\t\t\t\t\t\t<ul>\n<li>Defined transit times<\/li>\n<li>Temperature controlled\/refrigerated cargo<\/li>\n<li>\n<div id=\"list-icon-wrap-7773\" class=\"uavc-list-content\"><span class=\"uavc-list-desc ult-responsive\" data-ultimate-target=\"#list-icon-wrap-7773 .uavc-list-desc\" data-responsive-json-new=\"{\"font-size\":\"\",\"line-height\":\"\"}\">Multimodal Service<\/span><\/div>\n<\/li>\n<li>Possibility of customs clearance in transit<\/li>\n<\/ul>\n\t\t\t\t\t\t\t\t<\/div>\n\t\t\t\t<\/div>\n\t\t\t\t\t<\/div>\n\t\t<\/div>\n\t\t\t\t<div class=\"elementor-column elementor-col-33 elementor-inner-column elementor-element elementor-element-5f0615e2\" data-id=\"5f0615e2\" data-element_type=\"column\" data-e-type=\"column\">\n\t\t\t<div class=\"elementor-widget-wrap elementor-element-populated\">\n\t\t\t\t\t\t<div class=\"elementor-element elementor-element-cf4915d elementor-widget elementor-widget-text-editor\" data-id=\"cf4915d\" data-element_type=\"widget\" data-e-type=\"widget\" data-widget_type=\"text-editor.default\">\n\t\t\t\t<div class=\"elementor-widget-container\">\n\t\t\t\t\t\t\t\t\t<div id=\"list-icon-wrap-2535\" class=\"uavc-list-content\">\n<div id=\"list-icon-wrap-7398\" class=\"uavc-list-content\">\n<ul>\n<li><span class=\"uavc-list-desc ult-responsive\" data-ultimate-target=\"#list-icon-wrap-9993 .uavc-list-desc\" data-responsive-json-new=\"{\"font-size\":\"\",\"line-height\":\"\"}\">Door to Door service<\/span><\/li>\n<li>Network of agents in more than 180 countries<\/li>\n<li>\n<div id=\"list-icon-wrap-6071\" class=\"uavc-list-content\">Customs Clearance<\/div>\n<\/li>\n<li>\n<div id=\"list-icon-wrap-6432\" class=\"uavc-list-content\">Transport Insurance<\/div>\n<\/li>\n<\/ul>\n<\/div>\n<\/div>\n\t\t\t\t\t\t\t\t<\/div>\n\t\t\t\t<\/div>\n\t\t\t\t\t<\/div>\n\t\t<\/div>\n\t\t\t\t\t<\/div>\n\t\t<\/section>\n\t\t\t\t<div class=\"elementor-element elementor-element-4c218018 elementor-widget elementor-widget-text-editor\" data-id=\"4c218018\" data-element_type=\"widget\" data-e-type=\"widget\" data-widget_type=\"text-editor.default\">\n\t\t\t\t<div class=\"elementor-widget-container\">\n\t\t\t\t\t\t\t\t\t<p>For cargo where delivery time is critical, freight or air cargo is the advised solution.<\/p>\n<p><strong>WLP<\/strong> as an <strong>IATA Agent<\/strong> works with specialized partners and with <strong>all airlines flying to\/from Portugal<\/strong>.<\/p>\n<p>Associates of one of the largest air cargo companies worldwide, with agents and representatives in more than 180 countries, <strong>we satisfy your interests across the globe.<\/strong><\/p>\n<p>We also offer <strong>intermodal transport solutions combining the use of air freight<\/strong> with road or maritime. Integrated and customized solutions, flexible enough to be adapted to the different needs of each of our customers.<\/p>\n<p>Inform us about the starting point and the destination of goods and we will present the most suitable solutions for transportation.<\/p>\n\t\t\t\t\t\t\t\t<\/div>\n\t\t\t\t<\/div>\n\t\t\t\t<div class=\"elementor-element elementor-element-adee9f6 elementor-widget elementor-widget-spacer\" data-id=\"adee9f6\" data-element_type=\"widget\" data-e-type=\"widget\" data-widget_type=\"spacer.default\">\n\t\t\t\t<div class=\"elementor-widget-container\">\n\t\t\t\t\t\t\t<div class=\"elementor-spacer\">\n\t\t\t<div class=\"elementor-spacer-inner\"><\/div>\n\t\t<\/div>\n\t\t\t\t\t\t<\/div>\n\t\t\t\t<\/div>\n\t\t\t\t<div class=\"elementor-element elementor-element-ae33ce3 elementor-widget elementor-widget-spacer\" data-id=\"ae33ce3\" data-element_type=\"widget\" data-e-type=\"widget\" data-widget_type=\"spacer.default\">\n\t\t\t\t<div class=\"elementor-widget-container\">\n\t\t\t\t\t\t\t<div class=\"elementor-spacer\">\n\t\t\t<div class=\"elementor-spacer-inner\"><\/div>\n\t\t<\/div>\n\t\t\t\t\t\t<\/div>\n\t\t\t\t<\/div>\n\t\t\t\t\t<\/div>\n\t\t<\/div>\n\t\t\t\t<div class=\"elementor-column elementor-col-33 elementor-top-column elementor-element elementor-element-d44635b elementor-hidden-tablet elementor-hidden-phone\" data-id=\"d44635b\" data-element_type=\"column\" data-e-type=\"column\">\n\t\t\t<div class=\"elementor-widget-wrap elementor-element-populated\">\n\t\t\t\t\t\t<div class=\"elementor-element elementor-element-2be1c0bb elementor-widget elementor-widget-transx_links_list\" data-id=\"2be1c0bb\" data-element_type=\"widget\" data-e-type=\"widget\" data-widget_type=\"transx_links_list.default\">\n\t\t\t\t<div class=\"elementor-widget-container\">\n\t\t\t\t\t\n        <div class=\"transx_links_list_widget\">\n            <div class=\"transx_links_list_wrapper transx_view_type_2\">\n                <h5 class=\"transx_links_list_title\">Other Services<\/h5>\n\n                                            <a class=\"transx_links_list_item\" href=\"https:\/\/wlportugal.com\/en\/sea-freight\/\" >\n                                <img decoding=\"async\" class=\"transx_img--bg\" src=\"https:\/\/demo.artureanec.com\/themes\/transx-new\/wp-content\/uploads\/2021\/06\/other_3-1.jpg\" alt=\"Background Image\" title=\"\">\n                                <h6>Sea Freight<\/h6>\n                                <span class=\"transx_links_list_counter\">01<\/span>\n                            <\/a>\n                                                        <a class=\"transx_links_list_item\" href=\"https:\/\/wlportugal.com\/en\/road-freight\/\" >\n                                <img decoding=\"async\" class=\"transx_img--bg\" src=\"https:\/\/wlportugal.com\/wp-content\/uploads\/2021\/07\/promo_video.jpg\" alt=\"Background Image\" title=\"\">\n                                <h6>Road Freight<\/h6>\n                                <span class=\"transx_links_list_counter\">02<\/span>\n                            <\/a>\n                                                        <a class=\"transx_links_list_item\" href=\"https:\/\/wlportugal.com\/en\/storage-logistics\/\" >\n                                <img decoding=\"async\" class=\"transx_img--bg\" src=\"https:\/\/wlportugal.com\/wp-content\/uploads\/2021\/06\/loc_4.jpg\" alt=\"Background Image\" title=\"\">\n                                <h6>Storage &amp; Logistics<\/h6>\n                                <span class=\"transx_links_list_counter\">03<\/span>\n                            <\/a>\n                                                            <\/div>\n        <\/div>\n\n        \t\t\t\t<\/div>\n\t\t\t\t<\/div>\n\t\t\t\t<div class=\"elementor-element elementor-element-17dae171 elementor-hidden-desktop elementor-hidden-tablet elementor-hidden-mobile elementor-widget elementor-widget-transx_heading\" data-id=\"17dae171\" data-element_type=\"widget\" data-e-type=\"widget\" data-widget_type=\"transx_heading.default\">\n\t\t\t\t<div class=\"elementor-widget-container\">\n\t\t\t\t\t\n        <div class=\"transx_heading_widget\">\n            \n                <h5 class=\"transx_heading\">\n                    Informa\u00e7\u00f5es \u00dateis                <\/h5>\n                        <\/div>\n        \t\t\t\t<\/div>\n\t\t\t\t<\/div>\n\t\t\t\t<div class=\"elementor-element elementor-element-10370005 elementor-hidden-desktop elementor-hidden-tablet elementor-hidden-mobile elementor-widget elementor-widget-transx_download_doc\" data-id=\"10370005\" data-element_type=\"widget\" data-e-type=\"widget\" data-widget_type=\"transx_download_doc.default\">\n\t\t\t\t<div class=\"elementor-widget-container\">\n\t\t\t\t\t\n        <div class=\"transx_download_doc_widget\">\n            <div class=\"transx_download_doc_widget view_type_3\">\n                                    <div class=\"transx_dd_image_cont\">\n                                                    <img decoding=\"async\" class=\"transx_svg_icon\" src=\"https:\/\/demo.artureanec.com\/themes\/transx-new\/wp-content\/uploads\/2021\/06\/pdf-1.svg\" alt=\"SVG Icon\" title=\"\">\n                                                <\/div>\n\n                    <div class=\"transx_dd_content_cont\">\n                                                    <h6 class=\"transx_dd_title\">\n                                <a class=\"transx_dd_link\" href=\"#\" download=\"Brochura de Apresenta\u00e7\u00e3o\">Brochura de Apresenta\u00e7\u00e3o<\/a>\n                            <\/h6>\n                                                        <div class=\"transx_dd_description\">PDF, 516 Kb<\/div>\n                                                <\/div>\n                                <\/div>\n        <\/div>\n        \t\t\t\t<\/div>\n\t\t\t\t<\/div>\n\t\t\t\t<div class=\"elementor-element elementor-element-468ef26 elementor-hidden-desktop elementor-hidden-tablet elementor-hidden-mobile elementor-widget elementor-widget-transx_download_doc\" data-id=\"468ef26\" data-element_type=\"widget\" data-e-type=\"widget\" data-widget_type=\"transx_download_doc.default\">\n\t\t\t\t<div class=\"elementor-widget-container\">\n\t\t\t\t\t\n        <div class=\"transx_download_doc_widget\">\n            <div class=\"transx_download_doc_widget view_type_3\">\n                                    <div class=\"transx_dd_image_cont\">\n                                                    <img decoding=\"async\" class=\"transx_svg_icon\" src=\"https:\/\/demo.artureanec.com\/themes\/transx-new\/wp-content\/uploads\/2021\/06\/docx-1.svg\" alt=\"SVG Icon\" title=\"\">\n                                                <\/div>\n\n                    <div class=\"transx_dd_content_cont\">\n                                                    <h6 class=\"transx_dd_title\">\n                                <a class=\"transx_dd_link\" href=\"#\" download=\"Equipamentos - Dimens\u00f5es e Volume de Carga\">Equipamentos - Dimens\u00f5es e Volume de Carga<\/a>\n                            <\/h6>\n                                                        <div class=\"transx_dd_description\">html<\/div>\n                                                <\/div>\n                                <\/div>\n        <\/div>\n        \t\t\t\t<\/div>\n\t\t\t\t<\/div>\n\t\t\t\t<div class=\"elementor-element elementor-element-2f2cdea elementor-hidden-desktop elementor-hidden-tablet elementor-hidden-mobile elementor-widget elementor-widget-transx_download_doc\" data-id=\"2f2cdea\" data-element_type=\"widget\" data-e-type=\"widget\" data-widget_type=\"transx_download_doc.default\">\n\t\t\t\t<div class=\"elementor-widget-container\">\n\t\t\t\t\t\n        <div class=\"transx_download_doc_widget\">\n            <div class=\"transx_download_doc_widget view_type_3\">\n                                    <div class=\"transx_dd_image_cont\">\n                                                    <img decoding=\"async\" class=\"transx_svg_icon\" src=\"https:\/\/demo.artureanec.com\/themes\/transx-new\/wp-content\/uploads\/2021\/06\/docx-1.svg\" alt=\"SVG Icon\" title=\"\">\n                                                <\/div>\n\n                    <div class=\"transx_dd_content_cont\">\n                                                    <h6 class=\"transx_dd_title\">\n                                <a class=\"transx_dd_link\" href=\"#\" download=\"Incoterms 2020\">Incoterms 2020<\/a>\n                            <\/h6>\n                                                        <div class=\"transx_dd_description\">html<\/div>\n                                                <\/div>\n                                <\/div>\n        <\/div>\n        \t\t\t\t<\/div>\n\t\t\t\t<\/div>\n\t\t\t\t<div class=\"elementor-element elementor-element-1a9f45f3 elementor-hidden-desktop elementor-hidden-tablet elementor-hidden-mobile elementor-widget elementor-widget-transx_download_doc\" data-id=\"1a9f45f3\" data-element_type=\"widget\" data-e-type=\"widget\" data-widget_type=\"transx_download_doc.default\">\n\t\t\t\t<div class=\"elementor-widget-container\">\n\t\t\t\t\t\n        <div class=\"transx_download_doc_widget\">\n            <div class=\"transx_download_doc_widget view_type_3\">\n                                    <div class=\"transx_dd_image_cont\">\n                                                    <img decoding=\"async\" class=\"transx_svg_icon\" src=\"https:\/\/demo.artureanec.com\/themes\/transx-new\/wp-content\/uploads\/2021\/06\/docx-1.svg\" alt=\"SVG Icon\" title=\"\">\n                                                <\/div>\n\n                    <div class=\"transx_dd_content_cont\">\n                                                    <h6 class=\"transx_dd_title\">\n                                <a class=\"transx_dd_link\" href=\"#\" download=\"Legisla\u00e7\u00e3o\">Legisla\u00e7\u00e3o<\/a>\n                            <\/h6>\n                                                        <div class=\"transx_dd_description\">html<\/div>\n                                                <\/div>\n                                <\/div>\n        <\/div>\n        \t\t\t\t<\/div>\n\t\t\t\t<\/div>\n\t\t\t\t<div class=\"elementor-element elementor-element-6882d166 elementor-widget elementor-widget-html\" data-id=\"6882d166\" data-element_type=\"widget\" data-e-type=\"widget\" data-widget_type=\"html.default\">\n\t\t\t\t<div class=\"elementor-widget-container\">\n\t\t\t\t\t<div class=\"transx_contact-trigger transx_contact-trigger--style-2\">\n\t<img decoding=\"async\" class=\"transx_contact-trigger__img\" src=\"https:\/\/demo.artureanec.com\/themes\/transx\/wp-content\/uploads\/2021\/04\/contact_background.png\" alt=\"img\" title=\"\">\n\n\t<h2 class=\"transx_contact-trigger__title\">Please let us know how we can help you<\/h4>\n\n\t<p class=\"transx_contact-trigger__text\">Would you like us to get in touch with you?<\/p>\n\n\t<a class=\"transx_button\" href=\"https:\/\/wlportugal.com\/en\/contacts-oporto\/\">\n\t\t<span>Get in touch<\/span>\n\t\t<svg class=\"icon\">\n\t\t\t<svg viewbox=\"0 0 150 78.6\" xmlns=\"http:\/\/www.w3.org\/2000\/svg\"><path d=\"M0 31.5h150v12.7H0V31.5zM112.8-.1l30.9 31.5-8.8 9L104 8.9l8.8-9zm18.1 51l-18.4 18.8 8.9 9 18.4-18.8-8.9-9z\"\/><\/svg>\n\t\t<\/svg>\n\t<\/a>\n<\/div>\t\t\t\t<\/div>\n\t\t\t\t<\/div>\n\t\t\t\t\t<\/div>\n\t\t<\/div>\n\t\t\t\t\t<\/div>\n\t\t<\/section>\n\t\t\t\t<\/div>\n\t\t","protected":false},"excerpt":{"rendered":"<p>Air Freight Air Freight Solutions and Services Strategic partnerships and global agreements with leading airlines Specialized and dedicated operational team Consolidation Service with Worldwide Coverage Defined transit times Temperature controlled\/refrigerated cargo Multimodal Service Possibility of customs clearance in transit Door to Door service Network of agents in more than 180 countries Customs Clearance Transport Insurance [&hellip;]<\/p>\n","protected":false},"author":1,"featured_media":6819,"parent":0,"menu_order":0,"comment_status":"closed","ping_status":"closed","template":"","meta":{"om_disable_all_campaigns":false,"_monsterinsights_skip_tracking":false,"_monsterinsights_sitenote_active":false,"_monsterinsights_sitenote_note":"","_monsterinsights_sitenote_category":0,"_uf_show_specific_survey":0,"_uf_disable_surveys":false,"footnotes":""},"class_list":["post-7170","page","type-page","status-publish","has-post-thumbnail","hentry"],"_links":{"self":[{"href":"https:\/\/wlportugal.com\/en\/wp-json\/wp\/v2\/pages\/7170","targetHints":{"allow":["GET"]}}],"collection":[{"href":"https:\/\/wlportugal.com\/en\/wp-json\/wp\/v2\/pages"}],"about":[{"href":"https:\/\/wlportugal.com\/en\/wp-json\/wp\/v2\/types\/page"}],"author":[{"embeddable":true,"href":"https:\/\/wlportugal.com\/en\/wp-json\/wp\/v2\/users\/1"}],"replies":[{"embeddable":true,"href":"https:\/\/wlportugal.com\/en\/wp-json\/wp\/v2\/comments?post=7170"}],"version-history":[{"count":3,"href":"https:\/\/wlportugal.com\/en\/wp-json\/wp\/v2\/pages\/7170\/revisions"}],"predecessor-version":[{"id":10193,"href":"https:\/\/wlportugal.com\/en\/wp-json\/wp\/v2\/pages\/7170\/revisions\/10193"}],"wp:featuredmedia":[{"embeddable":true,"href":"https:\/\/wlportugal.com\/en\/wp-json\/wp\/v2\/media\/6819"}],"wp:attachment":[{"href":"https:\/\/wlportugal.com\/en\/wp-json\/wp\/v2\/media?parent=7170"}],"curies":[{"name":"wp","href":"https:\/\/api.w.org\/{rel}","templated":true}]}}