{"id":7806,"date":"2023-07-21T11:54:16","date_gmt":"2023-07-21T10:54:16","guid":{"rendered":"http:\/\/wlportugal.com\/23\/cookies-policy\/"},"modified":"2023-07-21T12:35:22","modified_gmt":"2023-07-21T11:35:22","slug":"cookies-policy","status":"publish","type":"page","link":"https:\/\/wlportugal.com\/en\/cookies-policy\/","title":{"rendered":"Cookies Policy"},"content":{"rendered":"\t\t<div data-elementor-type=\"wp-page\" data-elementor-id=\"7806\" class=\"elementor elementor-7806 elementor-7788\">\n\t\t\t\t\t\t<section class=\"elementor-section elementor-top-section elementor-element elementor-element-d18e32b elementor-section-boxed elementor-section-height-default elementor-section-height-default\" data-id=\"d18e32b\" data-element_type=\"section\" data-e-type=\"section\">\n\t\t\t\t\t\t<div class=\"elementor-container elementor-column-gap-default\">\n\t\t\t\t\t<div class=\"elementor-column elementor-col-100 elementor-top-column elementor-element elementor-element-7376d93\" data-id=\"7376d93\" data-element_type=\"column\" data-e-type=\"column\">\n\t\t\t<div class=\"elementor-widget-wrap elementor-element-populated\">\n\t\t\t\t\t\t<div class=\"elementor-element elementor-element-69dc06d elementor-widget elementor-widget-transx_heading\" data-id=\"69dc06d\" data-element_type=\"widget\" data-e-type=\"widget\" data-widget_type=\"transx_heading.default\">\n\t\t\t\t<div class=\"elementor-widget-container\">\n\t\t\t\t\t\n        <div class=\"transx_heading_widget\">\n                                <div class=\"transx_up_heading\">Politica de cookies<\/div>\n                    \n                <h2 class=\"transx_heading\">\n                    Usamos cookies no nosso website para melhorar o desempenho e a sua experi\u00eancia.                <\/h2>\n                        <\/div>\n        \t\t\t\t<\/div>\n\t\t\t\t<\/div>\n\t\t\t\t\t<\/div>\n\t\t<\/div>\n\t\t\t\t\t<\/div>\n\t\t<\/section>\n\t\t\t\t<section class=\"elementor-section elementor-top-section elementor-element elementor-element-f44a591 elementor-section-boxed elementor-section-height-default elementor-section-height-default\" data-id=\"f44a591\" data-element_type=\"section\" data-e-type=\"section\">\n\t\t\t\t\t\t<div class=\"elementor-container elementor-column-gap-default\">\n\t\t\t\t\t<div class=\"elementor-column elementor-col-100 elementor-top-column elementor-element elementor-element-fb8de0f\" data-id=\"fb8de0f\" data-element_type=\"column\" data-e-type=\"column\">\n\t\t\t<div class=\"elementor-widget-wrap elementor-element-populated\">\n\t\t\t\t\t\t<div class=\"elementor-element elementor-element-445621c elementor-widget elementor-widget-text-editor\" data-id=\"445621c\" data-element_type=\"widget\" data-e-type=\"widget\" data-widget_type=\"text-editor.default\">\n\t\t\t\t<div class=\"elementor-widget-container\">\n\t\t\t\t\t\t\t\t\t<div class=\"vc_row wpb_row vc_row-fluid\">\n<div class=\"parallax-wrapper\">\n<div class=\"wpb_column vc_column_container vc_col-sm-12\">\n<div class=\"vc_column-inner\">\n<div class=\"wpb_wrapper\">\n<div class=\"wpb_text_column wpb_content_element \">\n<div class=\"wpb_wrapper\">\n<p><strong>What are cookies<\/strong><\/p>\n<p>Cookies are small text files that a site, when visited by the user, places on your computer or on your mobile device through the browser. Placing cookies will help the site recognize your device the next time you visit it.<br \/>We use the term cookies in this policy to refer to all files that collect information in this way.<br \/>The cookies used do not collect information that identifies the user. Cookies collect generic information, such as how users arrive and use the sites or zone of the country\/countries through which they access the site, etc.<br \/>Cookies retain only information related to your preferences.<br \/>At any time, the user may, through their browser, decide to be notified of the receipt of cookies, as well as to block their entry into their system.<br \/>Refusing to use cookies on the site may result in the inability to access some of your areas or to receive personalized information.<\/p>\n<\/div>\n<\/div>\n<\/div>\n<\/div>\n<\/div>\n<\/div>\n<\/div>\n\t\t\t\t\t\t\t\t<\/div>\n\t\t\t\t<\/div>\n\t\t\t\t\t<\/div>\n\t\t<\/div>\n\t\t\t\t\t<\/div>\n\t\t<\/section>\n\t\t\t\t<section class=\"elementor-section elementor-top-section elementor-element elementor-element-a52628d elementor-section-boxed elementor-section-height-default elementor-section-height-default\" data-id=\"a52628d\" data-element_type=\"section\" data-e-type=\"section\">\n\t\t\t\t\t\t<div class=\"elementor-container elementor-column-gap-default\">\n\t\t\t\t\t<div class=\"elementor-column elementor-col-100 elementor-top-column elementor-element elementor-element-575041f\" data-id=\"575041f\" data-element_type=\"column\" data-e-type=\"column\">\n\t\t\t<div class=\"elementor-widget-wrap elementor-element-populated\">\n\t\t\t\t\t\t<div class=\"elementor-element elementor-element-0b70e3c elementor-widget elementor-widget-text-editor\" data-id=\"0b70e3c\" data-element_type=\"widget\" data-e-type=\"widget\" data-widget_type=\"text-editor.default\">\n\t\t\t\t<div class=\"elementor-widget-container\">\n\t\t\t\t\t\t\t\t\t<p><strong>What Cookies Are For<\/strong><\/p>\n<p>Cookies are used to help determine the usability, interest, and number of uses of the sites, allowing for faster and more efficient browsing and eliminating the need to repeatedly enter the same information.<\/p>\n\t\t\t\t\t\t\t\t<\/div>\n\t\t\t\t<\/div>\n\t\t\t\t\t<\/div>\n\t\t<\/div>\n\t\t\t\t\t<\/div>\n\t\t<\/section>\n\t\t\t\t<section class=\"elementor-section elementor-top-section elementor-element elementor-element-0ef718b elementor-section-boxed elementor-section-height-default elementor-section-height-default\" data-id=\"0ef718b\" data-element_type=\"section\" data-e-type=\"section\">\n\t\t\t\t\t\t<div class=\"elementor-container elementor-column-gap-default\">\n\t\t\t\t\t<div class=\"elementor-column elementor-col-100 elementor-top-column elementor-element elementor-element-2af4445\" data-id=\"2af4445\" data-element_type=\"column\" data-e-type=\"column\">\n\t\t\t<div class=\"elementor-widget-wrap elementor-element-populated\">\n\t\t\t\t\t\t<div class=\"elementor-element elementor-element-aa5c1cd elementor-widget elementor-widget-text-editor\" data-id=\"aa5c1cd\" data-element_type=\"widget\" data-e-type=\"widget\" data-widget_type=\"text-editor.default\">\n\t\t\t\t<div class=\"elementor-widget-container\">\n\t\t\t\t\t\t\t\t\t<p><strong>What kind of cookies do we use<\/strong><\/p>\n<p>Our cookies have different functions:<br \/>\u2013 Essential Cookies \u2013 Some cookies are essential to access specific areas of our site.<br \/>Allows site navigation and usage of your applications, such as accessing secure areas of the site through login. Without these cookies, services that require it can not be provided.<br \/>\u2013 Performance cookies \u2013 We use these cookies to analyze how users use the site and monitor its performance. This allows us to provide a high quality experience by customizing our offer and quickly identifying and correcting any issues that arise. For example, we use performance cookies to find out which pages are most popular, which method of linking between pages is most effective, or to determine why some pages are receiving error messages. Based on the use of the site, we may also use these cookies to highlight articles or services of the site that we think are of interest to users. These cookies are used only for the purposes of statistical creation and analysis, without ever collecting personal information.<br \/>\u2013 Functionality Cookies \u2013 We use feature cookies to allow us to recall user preferences. For example, cookies avoid typing the user\u2019s name each time the user accesses the site.<br \/>We also use feature cookies to provide advanced user services, such as commenting on an article.<br \/>In a nutshell, feature cookies save your preferences for your site usage, so you do not need to reconfigure the site each time you visit.<br \/>\u2013 Third-party cookies \u2013 These serve to measure the success of applications and the effectiveness of third-party advertising.<br \/>\u2013 Advertising Cookies \u2013 These serve to target advertising according to the interests of each user, allowing you to limit the number of times the ad is displayed. These cookies help measure the effectiveness of advertising. However, they do not identify the user.<\/p>\n\t\t\t\t\t\t\t\t<\/div>\n\t\t\t\t<\/div>\n\t\t\t\t\t<\/div>\n\t\t<\/div>\n\t\t\t\t\t<\/div>\n\t\t<\/section>\n\t\t\t\t<section class=\"elementor-section elementor-top-section elementor-element elementor-element-c3f38e1 elementor-section-boxed elementor-section-height-default elementor-section-height-default\" data-id=\"c3f38e1\" data-element_type=\"section\" data-e-type=\"section\">\n\t\t\t\t\t\t<div class=\"elementor-container elementor-column-gap-default\">\n\t\t\t\t\t<div class=\"elementor-column elementor-col-100 elementor-top-column elementor-element elementor-element-e94bf79\" data-id=\"e94bf79\" data-element_type=\"column\" data-e-type=\"column\">\n\t\t\t<div class=\"elementor-widget-wrap elementor-element-populated\">\n\t\t\t\t\t\t<div class=\"elementor-element elementor-element-f15fb52 elementor-widget elementor-widget-text-editor\" data-id=\"f15fb52\" data-element_type=\"widget\" data-e-type=\"widget\" data-widget_type=\"text-editor.default\">\n\t\t\t\t<div class=\"elementor-widget-container\">\n\t\t\t\t\t\t\t\t\t<p><strong>The cookies used may be:<\/strong><\/p>\n<p>\u2013 Permanent cookies \u2013 They are stored at the browser level on your access devices (pc, mobile and tablet) and are used whenever the user makes a new visit to the site. They are generally used to direct navigation according to the interests of the user, allowing us to provide a more personalized service.<br \/>\u2013 Session cookies \u2013 These are temporary, remain in the cookies of your browser until you leave the site. The information obtained allows you to identify problems and provide a better browsing experience.<\/p>\n\t\t\t\t\t\t\t\t<\/div>\n\t\t\t\t<\/div>\n\t\t\t\t\t<\/div>\n\t\t<\/div>\n\t\t\t\t\t<\/div>\n\t\t<\/section>\n\t\t\t\t<section class=\"elementor-section elementor-top-section elementor-element elementor-element-47569c6 elementor-section-boxed elementor-section-height-default elementor-section-height-default\" data-id=\"47569c6\" data-element_type=\"section\" data-e-type=\"section\">\n\t\t\t\t\t\t<div class=\"elementor-container elementor-column-gap-default\">\n\t\t\t\t\t<div class=\"elementor-column elementor-col-100 elementor-top-column elementor-element elementor-element-dee7980\" data-id=\"dee7980\" data-element_type=\"column\" data-e-type=\"column\">\n\t\t\t<div class=\"elementor-widget-wrap elementor-element-populated\">\n\t\t\t\t\t\t<div class=\"elementor-element elementor-element-a07f1b2 elementor-widget elementor-widget-text-editor\" data-id=\"a07f1b2\" data-element_type=\"widget\" data-e-type=\"widget\" data-widget_type=\"text-editor.default\">\n\t\t\t\t<div class=\"elementor-widget-container\">\n\t\t\t\t\t\t\t\t\t<p><strong>The use of cookies may be blocked<\/strong><\/p>\n<p>How we explain cookies helps you get the most out of our sites.<br \/>After you authorize the use of cookies, you may always disable some or all of our cookies. To do so, the user must follow the instructions on our page. Para o efeito, o utilizador deve seguir as instru\u00e7\u00f5es na nossa p\u00e1gina \u201d <a href=\"https:\/\/cbcportonorte.pt\/como-gerir-cookies\/\" target=\"_blank\" rel=\"noopener noreferrer\"><strong>How to Manage Cookies<\/strong><\/a>\u201c.<\/p>\n\t\t\t\t\t\t\t\t<\/div>\n\t\t\t\t<\/div>\n\t\t\t\t\t<\/div>\n\t\t<\/div>\n\t\t\t\t\t<\/div>\n\t\t<\/section>\n\t\t\t\t<section class=\"elementor-section elementor-top-section elementor-element elementor-element-d43e599 elementor-section-boxed elementor-section-height-default elementor-section-height-default\" data-id=\"d43e599\" data-element_type=\"section\" data-e-type=\"section\">\n\t\t\t\t\t\t<div class=\"elementor-container elementor-column-gap-default\">\n\t\t\t\t\t<div class=\"elementor-column elementor-col-100 elementor-top-column elementor-element elementor-element-b0f6138\" data-id=\"b0f6138\" data-element_type=\"column\" data-e-type=\"column\">\n\t\t\t<div class=\"elementor-widget-wrap elementor-element-populated\">\n\t\t\t\t\t\t<div class=\"elementor-element elementor-element-abc621b elementor-widget elementor-widget-text-editor\" data-id=\"abc621b\" data-element_type=\"widget\" data-e-type=\"widget\" data-widget_type=\"text-editor.default\">\n\t\t\t\t<div class=\"elementor-widget-container\">\n\t\t\t\t\t\t\t\t\t<p><strong>We remind you that by turning off cookies, parts of our site may not function properly.<\/strong><\/p>\n\t\t\t\t\t\t\t\t<\/div>\n\t\t\t\t<\/div>\n\t\t\t\t\t<\/div>\n\t\t<\/div>\n\t\t\t\t\t<\/div>\n\t\t<\/section>\n\t\t\t\t<section class=\"elementor-section elementor-top-section elementor-element elementor-element-07e862c elementor-section-boxed elementor-section-height-default elementor-section-height-default\" data-id=\"07e862c\" data-element_type=\"section\" data-e-type=\"section\">\n\t\t\t\t\t\t<div class=\"elementor-container elementor-column-gap-default\">\n\t\t\t\t\t<div class=\"elementor-column elementor-col-100 elementor-top-column elementor-element elementor-element-48c6c4e\" data-id=\"48c6c4e\" data-element_type=\"column\" data-e-type=\"column\">\n\t\t\t<div class=\"elementor-widget-wrap elementor-element-populated\">\n\t\t\t\t\t\t<div class=\"elementor-element elementor-element-e5b5b19 elementor-widget elementor-widget-text-editor\" data-id=\"e5b5b19\" data-element_type=\"widget\" data-e-type=\"widget\" data-widget_type=\"text-editor.default\">\n\t\t\t\t<div class=\"elementor-widget-container\">\n\t\t\t\t\t\t\t\t\t<p><strong>Use of cookies at the opening of our newsletters<\/strong><\/p>\n<p>Our newsletters can, for statistical purposes, contain a single \u201cpixel\u201d that lets us know if they are open and check the clicks through links or ads within the newsletter.<br \/>The user always has the possibility to cancel the reception of our newsletter by clicking on the \u201cCancel\u201d link in the footer of the newsletter.<\/p>\n\t\t\t\t\t\t\t\t<\/div>\n\t\t\t\t<\/div>\n\t\t\t\t\t<\/div>\n\t\t<\/div>\n\t\t\t\t\t<\/div>\n\t\t<\/section>\n\t\t\t\t<\/div>\n\t\t","protected":false},"excerpt":{"rendered":"<p>What are cookies Cookies are small text files that a site, when visited by the user, places on your computer or on your mobile device through the browser. Placing cookies will help the site recognize your device the next time you visit it.We use the term cookies in this policy to refer to all files [&hellip;]<\/p>\n","protected":false},"author":1,"featured_media":7090,"parent":0,"menu_order":0,"comment_status":"closed","ping_status":"closed","template":"","meta":{"om_disable_all_campaigns":false,"_monsterinsights_skip_tracking":false,"_monsterinsights_sitenote_active":false,"_monsterinsights_sitenote_note":"","_monsterinsights_sitenote_category":0,"_uf_show_specific_survey":0,"_uf_disable_surveys":false,"footnotes":""},"class_list":["post-7806","page","type-page","status-publish","has-post-thumbnail","hentry"],"_links":{"self":[{"href":"https:\/\/wlportugal.com\/en\/wp-json\/wp\/v2\/pages\/7806","targetHints":{"allow":["GET"]}}],"collection":[{"href":"https:\/\/wlportugal.com\/en\/wp-json\/wp\/v2\/pages"}],"about":[{"href":"https:\/\/wlportugal.com\/en\/wp-json\/wp\/v2\/types\/page"}],"author":[{"embeddable":true,"href":"https:\/\/wlportugal.com\/en\/wp-json\/wp\/v2\/users\/1"}],"replies":[{"embeddable":true,"href":"https:\/\/wlportugal.com\/en\/wp-json\/wp\/v2\/comments?post=7806"}],"version-history":[{"count":0,"href":"https:\/\/wlportugal.com\/en\/wp-json\/wp\/v2\/pages\/7806\/revisions"}],"wp:featuredmedia":[{"embeddable":true,"href":"https:\/\/wlportugal.com\/en\/wp-json\/wp\/v2\/media\/7090"}],"wp:attachment":[{"href":"https:\/\/wlportugal.com\/en\/wp-json\/wp\/v2\/media?parent=7806"}],"curies":[{"name":"wp","href":"https:\/\/api.w.org\/{rel}","templated":true}]}}