{"id":9989,"date":"2024-02-26T10:51:50","date_gmt":"2024-02-26T10:51:50","guid":{"rendered":"https:\/\/wlportugal.com\/critical-solutions\/"},"modified":"2024-02-27T11:35:30","modified_gmt":"2024-02-27T11:35:30","slug":"critical-solutions","status":"publish","type":"page","link":"https:\/\/wlportugal.com\/en\/critical-solutions\/","title":{"rendered":"Critical Solutions"},"content":{"rendered":"\t\t<div data-elementor-type=\"wp-page\" data-elementor-id=\"9989\" class=\"elementor elementor-9989 elementor-9931\">\n\t\t\t\t\t\t<section class=\"elementor-section elementor-top-section elementor-element elementor-element-b8a1607 elementor-section-boxed elementor-section-height-default elementor-section-height-default\" data-id=\"b8a1607\" data-element_type=\"section\" data-e-type=\"section\">\n\t\t\t\t\t\t<div class=\"elementor-container elementor-column-gap-default\">\n\t\t\t\t\t<div class=\"elementor-column elementor-col-66 elementor-top-column elementor-element elementor-element-a97348e\" data-id=\"a97348e\" data-element_type=\"column\" data-e-type=\"column\">\n\t\t\t<div class=\"elementor-widget-wrap elementor-element-populated\">\n\t\t\t\t\t\t<div class=\"elementor-element elementor-element-a8115cb elementor-widget elementor-widget-heading\" data-id=\"a8115cb\" data-element_type=\"widget\" data-e-type=\"widget\" data-widget_type=\"heading.default\">\n\t\t\t\t<div class=\"elementor-widget-container\">\n\t\t\t\t\t<h3 class=\"elementor-heading-title elementor-size-default\">Critical Solutions<\/h3>\t\t\t\t<\/div>\n\t\t\t\t<\/div>\n\t\t\t\t<div class=\"elementor-element elementor-element-658f305 elementor-widget elementor-widget-spacer\" data-id=\"658f305\" data-element_type=\"widget\" data-e-type=\"widget\" data-widget_type=\"spacer.default\">\n\t\t\t\t<div class=\"elementor-widget-container\">\n\t\t\t\t\t\t\t<div class=\"elementor-spacer\">\n\t\t\t<div class=\"elementor-spacer-inner\"><\/div>\n\t\t<\/div>\n\t\t\t\t\t\t<\/div>\n\t\t\t\t<\/div>\n\t\t\t\t\t<\/div>\n\t\t<\/div>\n\t\t\t\t<div class=\"elementor-column elementor-col-33 elementor-top-column elementor-element elementor-element-052dcfd\" data-id=\"052dcfd\" data-element_type=\"column\" data-e-type=\"column\">\n\t\t\t<div class=\"elementor-widget-wrap\">\n\t\t\t\t\t\t\t<\/div>\n\t\t<\/div>\n\t\t\t\t\t<\/div>\n\t\t<\/section>\n\t\t\t\t<section class=\"elementor-section elementor-top-section elementor-element elementor-element-2ae2f1c0 elementor-section-boxed elementor-section-height-default elementor-section-height-default\" data-id=\"2ae2f1c0\" data-element_type=\"section\" data-e-type=\"section\">\n\t\t\t\t\t\t<div class=\"elementor-container elementor-column-gap-extended\">\n\t\t\t\t\t<div class=\"elementor-column elementor-col-50 elementor-top-column elementor-element elementor-element-981e343\" data-id=\"981e343\" data-element_type=\"column\" data-e-type=\"column\">\n\t\t\t<div class=\"elementor-widget-wrap elementor-element-populated\">\n\t\t\t\t\t\t<div class=\"elementor-element elementor-element-7439b991 elementor-widget elementor-widget-heading\" data-id=\"7439b991\" data-element_type=\"widget\" data-e-type=\"widget\" data-widget_type=\"heading.default\">\n\t\t\t\t<div class=\"elementor-widget-container\">\n\t\t\t\t\t<h4 class=\"elementor-heading-title elementor-size-default\">AIR CHARTER<\/h4>\t\t\t\t<\/div>\n\t\t\t\t<\/div>\n\t\t\t\t<div class=\"elementor-element elementor-element-a9e1009 elementor-widget elementor-widget-image\" data-id=\"a9e1009\" data-element_type=\"widget\" data-e-type=\"widget\" data-widget_type=\"image.default\">\n\t\t\t\t<div class=\"elementor-widget-container\">\n\t\t\t\t\t\t\t\t\t\t\t\t\t\t\t<img fetchpriority=\"high\" decoding=\"async\" width=\"800\" height=\"490\" src=\"https:\/\/wlportugal.com\/wp-content\/uploads\/2024\/02\/air-charter-800x490-1.jpg\" class=\"attachment-large size-large wp-image-9938\" alt=\"Solu\u00e7\u00f5es Cr\u00edticas - Air Charter ou Fretamento A\u00e9reo - WLP\" srcset=\"https:\/\/wlportugal.com\/wp-content\/uploads\/2024\/02\/air-charter-800x490-1.jpg 800w, https:\/\/wlportugal.com\/wp-content\/uploads\/2024\/02\/air-charter-800x490-1-300x184.jpg 300w, https:\/\/wlportugal.com\/wp-content\/uploads\/2024\/02\/air-charter-800x490-1-768x470.jpg 768w\" sizes=\"(max-width: 800px) 100vw, 800px\" title=\"\">\t\t\t\t\t\t\t\t\t\t\t\t\t\t\t<\/div>\n\t\t\t\t<\/div>\n\t\t\t\t<div class=\"elementor-element elementor-element-8f216e2 elementor-widget elementor-widget-text-editor\" data-id=\"8f216e2\" data-element_type=\"widget\" data-e-type=\"widget\" data-widget_type=\"text-editor.default\">\n\t\t\t\t<div class=\"elementor-widget-container\">\n\t\t\t\t\t\t\t\t\t<p>Today\u2019s dynamic global markets demands a logistics partner that quickly responds with reliable and competitive charter solutions.<\/p>\n<p><strong>Air cargo charter<\/strong> is generally an alternative which companies take when other airfreight options are impractical or impossible. This type of air transport is crucial when customers are facing a line stoppage or have oversized equipment that doesn\u2019t fit on a scheduled commercial flight.<\/p>\n<p><span style=\"letter-spacing: 0px;\">We have direct access to every cargo aircraft on the charter market. This coupled with our global multi-modal freight solutions and network, means we can offer a flexible solution and complete transport service, regardless of the complexity.<\/span><\/p>\n\t\t\t\t\t\t\t\t<\/div>\n\t\t\t\t<\/div>\n\t\t\t\t\t<\/div>\n\t\t<\/div>\n\t\t\t\t<div class=\"elementor-column elementor-col-50 elementor-top-column elementor-element elementor-element-3b2f52cf\" data-id=\"3b2f52cf\" data-element_type=\"column\" data-e-type=\"column\">\n\t\t\t<div class=\"elementor-widget-wrap elementor-element-populated\">\n\t\t\t\t\t\t<div class=\"elementor-element elementor-element-2fc809c elementor-widget elementor-widget-heading\" data-id=\"2fc809c\" data-element_type=\"widget\" data-e-type=\"widget\" data-widget_type=\"heading.default\">\n\t\t\t\t<div class=\"elementor-widget-container\">\n\t\t\t\t\t<h4 class=\"elementor-heading-title elementor-size-default\">ON BOARD COURIER - 24\/7<\/h4>\t\t\t\t<\/div>\n\t\t\t\t<\/div>\n\t\t\t\t<div class=\"elementor-element elementor-element-52ff7d8 elementor-widget elementor-widget-image\" data-id=\"52ff7d8\" data-element_type=\"widget\" data-e-type=\"widget\" data-widget_type=\"image.default\">\n\t\t\t\t<div class=\"elementor-widget-container\">\n\t\t\t\t\t\t\t\t\t\t\t\t\t\t\t<img decoding=\"async\" width=\"800\" height=\"490\" src=\"https:\/\/wlportugal.com\/wp-content\/uploads\/2024\/02\/on-board-courier-800x490px.jpg\" class=\"attachment-large size-large wp-image-9935\" alt=\"on-board-courier\" srcset=\"https:\/\/wlportugal.com\/wp-content\/uploads\/2024\/02\/on-board-courier-800x490px.jpg 800w, https:\/\/wlportugal.com\/wp-content\/uploads\/2024\/02\/on-board-courier-800x490px-300x184.jpg 300w, https:\/\/wlportugal.com\/wp-content\/uploads\/2024\/02\/on-board-courier-800x490px-768x470.jpg 768w\" sizes=\"(max-width: 800px) 100vw, 800px\" title=\"\">\t\t\t\t\t\t\t\t\t\t\t\t\t\t\t<\/div>\n\t\t\t\t<\/div>\n\t\t\t\t<div class=\"elementor-element elementor-element-ff80d81 elementor-widget elementor-widget-text-editor\" data-id=\"ff80d81\" data-element_type=\"widget\" data-e-type=\"widget\" data-widget_type=\"text-editor.default\">\n\t\t\t\t<div class=\"elementor-widget-container\">\n\t\t\t\t\t\t\t\t\t<p>When time is of the essence, an <strong>On-Board Courier<\/strong> service is one of the fastest transportation methods available for your Time Critical shipment.<\/p>\n<p>Each onboard courier solution is unique.<br \/><span style=\"letter-spacing: 0px;\">Every part of the transport, from pick-up to delivery has been created individually to meet your demand, time frame. <\/span><\/p>\n<p>Our on-board courier service isn\u2019t limited to small, handheld consignments. Thanks to our couriers, we\u2019re able to transport significant volumes on board the commercial aircraft, often transporting larger quantities than the maximum payload of smaller charter aircraft.<\/p>\n<p>The On-Board-Courier is the combination of <span style=\"letter-spacing: 0px;\">speed, service, expertise, and experience.<\/span><\/p>\n\t\t\t\t\t\t\t\t<\/div>\n\t\t\t\t<\/div>\n\t\t\t\t\t<\/div>\n\t\t<\/div>\n\t\t\t\t\t<\/div>\n\t\t<\/section>\n\t\t\t\t<section class=\"elementor-section elementor-top-section elementor-element elementor-element-17d7832 elementor-section-boxed elementor-section-height-default elementor-section-height-default\" data-id=\"17d7832\" data-element_type=\"section\" data-e-type=\"section\">\n\t\t\t\t\t\t<div class=\"elementor-container elementor-column-gap-default\">\n\t\t\t\t\t<div class=\"elementor-column elementor-col-100 elementor-top-column elementor-element elementor-element-3e3a9db\" data-id=\"3e3a9db\" data-element_type=\"column\" data-e-type=\"column\">\n\t\t\t<div class=\"elementor-widget-wrap elementor-element-populated\">\n\t\t\t\t\t\t<div class=\"elementor-element elementor-element-1569f0b elementor-widget elementor-widget-spacer\" data-id=\"1569f0b\" data-element_type=\"widget\" data-e-type=\"widget\" data-widget_type=\"spacer.default\">\n\t\t\t\t<div class=\"elementor-widget-container\">\n\t\t\t\t\t\t\t<div class=\"elementor-spacer\">\n\t\t\t<div class=\"elementor-spacer-inner\"><\/div>\n\t\t<\/div>\n\t\t\t\t\t\t<\/div>\n\t\t\t\t<\/div>\n\t\t\t\t\t<\/div>\n\t\t<\/div>\n\t\t\t\t\t<\/div>\n\t\t<\/section>\n\t\t\t\t<section class=\"elementor-section elementor-top-section elementor-element elementor-element-5004894 elementor-section-boxed elementor-section-height-default elementor-section-height-default\" data-id=\"5004894\" data-element_type=\"section\" data-e-type=\"section\">\n\t\t\t\t\t\t<div class=\"elementor-container elementor-column-gap-extended\">\n\t\t\t\t\t<div class=\"elementor-column elementor-col-50 elementor-top-column elementor-element elementor-element-69d9dc9\" data-id=\"69d9dc9\" data-element_type=\"column\" data-e-type=\"column\">\n\t\t\t<div class=\"elementor-widget-wrap elementor-element-populated\">\n\t\t\t\t\t\t<div class=\"elementor-element elementor-element-fd2eba2 elementor-widget elementor-widget-heading\" data-id=\"fd2eba2\" data-element_type=\"widget\" data-e-type=\"widget\" data-widget_type=\"heading.default\">\n\t\t\t\t<div class=\"elementor-widget-container\">\n\t\t\t\t\t<h4 class=\"elementor-heading-title elementor-size-default\">NEXT FLIGHT OUT<\/h4>\t\t\t\t<\/div>\n\t\t\t\t<\/div>\n\t\t\t\t<div class=\"elementor-element elementor-element-c5d405b elementor-widget elementor-widget-image\" data-id=\"c5d405b\" data-element_type=\"widget\" data-e-type=\"widget\" data-widget_type=\"image.default\">\n\t\t\t\t<div class=\"elementor-widget-container\">\n\t\t\t\t\t\t\t\t\t\t\t\t\t\t\t<img decoding=\"async\" width=\"800\" height=\"490\" src=\"https:\/\/wlportugal.com\/wp-content\/uploads\/2024\/02\/next-flight-out-800x490-1.jpg\" class=\"attachment-large size-large wp-image-9944\" alt=\"Solu\u00e7\u00f5es Cr\u00edticas - Pr\u00f3ximo Voo ou Next Flight Out - WLP\" srcset=\"https:\/\/wlportugal.com\/wp-content\/uploads\/2024\/02\/next-flight-out-800x490-1.jpg 800w, https:\/\/wlportugal.com\/wp-content\/uploads\/2024\/02\/next-flight-out-800x490-1-300x184.jpg 300w, https:\/\/wlportugal.com\/wp-content\/uploads\/2024\/02\/next-flight-out-800x490-1-768x470.jpg 768w\" sizes=\"(max-width: 800px) 100vw, 800px\" title=\"\">\t\t\t\t\t\t\t\t\t\t\t\t\t\t\t<\/div>\n\t\t\t\t<\/div>\n\t\t\t\t<div class=\"elementor-element elementor-element-bf16636 elementor-widget elementor-widget-text-editor\" data-id=\"bf16636\" data-element_type=\"widget\" data-e-type=\"widget\" data-widget_type=\"text-editor.default\">\n\t\t\t\t<div class=\"elementor-widget-container\">\n\t\t\t\t\t\t\t\t\t<p>In case of logistics emergencies, our <strong>Next Flight Out<\/strong> (NFO) service ensures the delivery of shipments in the fastest possible time.<\/p>\n<p>The solution for every type of shipment, every destination, and every budget.<\/p>\n<p>Whether you are looking to transport bulky automotive parts, small semiconductor materials or aerospace components, WLP offers proven NFO solutions across the globe to prevent your line-down situations.<\/p>\n<p>Guaranteed access to global air cargo capacity on scheduled air freight for urgent same-day shipments, overnight, or next-day shipments.<\/p>\n\t\t\t\t\t\t\t\t<\/div>\n\t\t\t\t<\/div>\n\t\t\t\t\t<\/div>\n\t\t<\/div>\n\t\t\t\t<div class=\"elementor-column elementor-col-50 elementor-top-column elementor-element elementor-element-66124db\" data-id=\"66124db\" data-element_type=\"column\" data-e-type=\"column\">\n\t\t\t<div class=\"elementor-widget-wrap elementor-element-populated\">\n\t\t\t\t\t\t<div class=\"elementor-element elementor-element-2900e4c elementor-widget elementor-widget-heading\" data-id=\"2900e4c\" data-element_type=\"widget\" data-e-type=\"widget\" data-widget_type=\"heading.default\">\n\t\t\t\t<div class=\"elementor-widget-container\">\n\t\t\t\t\t<h4 class=\"elementor-heading-title elementor-size-default\">EXPRESS ROAD<\/h4>\t\t\t\t<\/div>\n\t\t\t\t<\/div>\n\t\t\t\t<div class=\"elementor-element elementor-element-66e1d96 elementor-widget elementor-widget-image\" data-id=\"66e1d96\" data-element_type=\"widget\" data-e-type=\"widget\" data-widget_type=\"image.default\">\n\t\t\t\t<div class=\"elementor-widget-container\">\n\t\t\t\t\t\t\t\t\t\t\t\t\t\t\t<img loading=\"lazy\" decoding=\"async\" width=\"800\" height=\"490\" src=\"https:\/\/wlportugal.com\/wp-content\/uploads\/2024\/02\/express-road-800x490-1.jpg\" class=\"attachment-large size-large wp-image-9951\" alt=\"Solu\u00e7\u00f5es Cr\u00edticas - Express Road - WLP\" srcset=\"https:\/\/wlportugal.com\/wp-content\/uploads\/2024\/02\/express-road-800x490-1.jpg 800w, https:\/\/wlportugal.com\/wp-content\/uploads\/2024\/02\/express-road-800x490-1-300x184.jpg 300w, https:\/\/wlportugal.com\/wp-content\/uploads\/2024\/02\/express-road-800x490-1-768x470.jpg 768w\" sizes=\"(max-width: 800px) 100vw, 800px\" title=\"\">\t\t\t\t\t\t\t\t\t\t\t\t\t\t\t<\/div>\n\t\t\t\t<\/div>\n\t\t\t\t<div class=\"elementor-element elementor-element-de399c4 elementor-widget elementor-widget-text-editor\" data-id=\"de399c4\" data-element_type=\"widget\" data-e-type=\"widget\" data-widget_type=\"text-editor.default\">\n\t\t\t\t<div class=\"elementor-widget-container\">\n\t\t\t\t\t\t\t\t\t<p>With the changing logistics landscape from flight delivery to truck delivery, providing Express Vans\u2019s logistics services to businesses has become an effective logistics solution to secure supply chains.<\/p>\n<p>For a door-to-door transport service throughout Europe, especially for time-critical larger shipments which can\u2019t be transported onboard aircraft due to size, weight, commodity, or schedule limitations, WLP can offer you a <strong>dedicated road Express service<\/strong>.<\/p>\n<p>Our European Road transport network is continu- ously fine-tuned, based on our customer\u2019s needs. Depending on the size of your shipment, we can offer small and mid-size vans or full trucks.<br \/>Every day of the week, every hour of the day, your shipment will be collected and delivered in the shortest possible time-frame.<\/p>\n\t\t\t\t\t\t\t\t<\/div>\n\t\t\t\t<\/div>\n\t\t\t\t\t<\/div>\n\t\t<\/div>\n\t\t\t\t\t<\/div>\n\t\t<\/section>\n\t\t\t\t<section class=\"elementor-section elementor-top-section elementor-element elementor-element-77ca548 elementor-section-boxed elementor-section-height-default elementor-section-height-default\" data-id=\"77ca548\" data-element_type=\"section\" data-e-type=\"section\">\n\t\t\t\t\t\t<div class=\"elementor-container elementor-column-gap-default\">\n\t\t\t\t\t<div class=\"elementor-column elementor-col-100 elementor-top-column elementor-element elementor-element-7354f29\" data-id=\"7354f29\" data-element_type=\"column\" data-e-type=\"column\">\n\t\t\t<div class=\"elementor-widget-wrap elementor-element-populated\">\n\t\t\t\t\t\t<div class=\"elementor-element elementor-element-6b01242 elementor-widget elementor-widget-spacer\" data-id=\"6b01242\" data-element_type=\"widget\" data-e-type=\"widget\" data-widget_type=\"spacer.default\">\n\t\t\t\t<div class=\"elementor-widget-container\">\n\t\t\t\t\t\t\t<div class=\"elementor-spacer\">\n\t\t\t<div class=\"elementor-spacer-inner\"><\/div>\n\t\t<\/div>\n\t\t\t\t\t\t<\/div>\n\t\t\t\t<\/div>\n\t\t\t\t\t<\/div>\n\t\t<\/div>\n\t\t\t\t\t<\/div>\n\t\t<\/section>\n\t\t\t\t<\/div>\n\t\t","protected":false},"excerpt":{"rendered":"<p>Critical Solutions AIR CHARTER Today\u2019s dynamic global markets demands a logistics partner that quickly responds with reliable and competitive charter solutions. Air cargo charter is generally an alternative which companies take when other airfreight options are impractical or impossible. This type of air transport is crucial when customers are facing a line stoppage or have [&hellip;]<\/p>\n","protected":false},"author":1,"featured_media":9960,"parent":0,"menu_order":0,"comment_status":"closed","ping_status":"closed","template":"","meta":{"om_disable_all_campaigns":false,"_monsterinsights_skip_tracking":false,"_monsterinsights_sitenote_active":false,"_monsterinsights_sitenote_note":"","_monsterinsights_sitenote_category":0,"_uf_show_specific_survey":0,"_uf_disable_surveys":false,"footnotes":""},"class_list":["post-9989","page","type-page","status-publish","has-post-thumbnail","hentry"],"_links":{"self":[{"href":"https:\/\/wlportugal.com\/en\/wp-json\/wp\/v2\/pages\/9989","targetHints":{"allow":["GET"]}}],"collection":[{"href":"https:\/\/wlportugal.com\/en\/wp-json\/wp\/v2\/pages"}],"about":[{"href":"https:\/\/wlportugal.com\/en\/wp-json\/wp\/v2\/types\/page"}],"author":[{"embeddable":true,"href":"https:\/\/wlportugal.com\/en\/wp-json\/wp\/v2\/users\/1"}],"replies":[{"embeddable":true,"href":"https:\/\/wlportugal.com\/en\/wp-json\/wp\/v2\/comments?post=9989"}],"version-history":[{"count":0,"href":"https:\/\/wlportugal.com\/en\/wp-json\/wp\/v2\/pages\/9989\/revisions"}],"wp:featuredmedia":[{"embeddable":true,"href":"https:\/\/wlportugal.com\/en\/wp-json\/wp\/v2\/media\/9960"}],"wp:attachment":[{"href":"https:\/\/wlportugal.com\/en\/wp-json\/wp\/v2\/media?parent=9989"}],"curies":[{"name":"wp","href":"https:\/\/api.w.org\/{rel}","templated":true}]}}