{"id":7190,"date":"2021-06-16T15:52:40","date_gmt":"2021-06-16T14:52:40","guid":{"rendered":"http:\/\/wlportugal.com\/23\/nosotros\/"},"modified":"2025-03-10T18:35:27","modified_gmt":"2025-03-10T18:35:27","slug":"nosotros","status":"publish","type":"page","link":"https:\/\/wlportugal.com\/es\/nosotros\/","title":{"rendered":"Nosotros"},"content":{"rendered":"\t\t<div data-elementor-type=\"wp-page\" data-elementor-id=\"7190\" class=\"elementor elementor-7190 elementor-30\">\n\t\t\t\t\t\t<section class=\"elementor-section elementor-top-section elementor-element elementor-element-d18e32b elementor-section-boxed elementor-section-height-default elementor-section-height-default\" data-id=\"d18e32b\" data-element_type=\"section\" data-e-type=\"section\">\n\t\t\t\t\t\t<div class=\"elementor-container elementor-column-gap-default\">\n\t\t\t\t\t<div class=\"elementor-column elementor-col-100 elementor-top-column elementor-element elementor-element-7376d93\" data-id=\"7376d93\" data-element_type=\"column\" data-e-type=\"column\">\n\t\t\t<div class=\"elementor-widget-wrap elementor-element-populated\">\n\t\t\t\t\t\t<div class=\"elementor-element elementor-element-69dc06d elementor-widget elementor-widget-transx_heading\" data-id=\"69dc06d\" data-element_type=\"widget\" data-e-type=\"widget\" data-widget_type=\"transx_heading.default\">\n\t\t\t\t<div class=\"elementor-widget-container\">\n\t\t\t\t\t\n        <div class=\"transx_heading_widget\">\n                                <div class=\"transx_up_heading\">Quem Somos<\/div>\n                    \n                <h2 class=\"transx_heading\">\n                    <span>Worldwide Logistics Portugal<\/span>                <\/h2>\n                        <\/div>\n        \t\t\t\t<\/div>\n\t\t\t\t<\/div>\n\t\t\t\t<div class=\"elementor-element elementor-element-5f9a505 elementor-widget elementor-widget-text-editor\" data-id=\"5f9a505\" data-element_type=\"widget\" data-e-type=\"widget\" data-widget_type=\"text-editor.default\">\n\t\t\t\t<div class=\"elementor-widget-container\">\n\t\t\t\t\t\t\t\t\t<h3 style=\"text-align: left;\">Soluciones Log\u00edsticas Globales <\/h3>\n\t\t\t\t\t\t\t\t<\/div>\n\t\t\t\t<\/div>\n\t\t\t\t\t<\/div>\n\t\t<\/div>\n\t\t\t\t\t<\/div>\n\t\t<\/section>\n\t\t\t\t<section class=\"elementor-section elementor-top-section elementor-element elementor-element-138211a elementor-section-boxed elementor-section-height-default elementor-section-height-default\" data-id=\"138211a\" data-element_type=\"section\" data-e-type=\"section\">\n\t\t\t\t\t\t<div class=\"elementor-container elementor-column-gap-default\">\n\t\t\t\t\t<div class=\"elementor-column elementor-col-100 elementor-top-column elementor-element elementor-element-bffa42f\" data-id=\"bffa42f\" data-element_type=\"column\" data-e-type=\"column\">\n\t\t\t<div class=\"elementor-widget-wrap elementor-element-populated\">\n\t\t\t\t\t\t<div class=\"elementor-element elementor-element-c37df0f elementor-widget elementor-widget-text-editor\" data-id=\"c37df0f\" data-element_type=\"widget\" data-e-type=\"widget\" data-widget_type=\"text-editor.default\">\n\t\t\t\t<div class=\"elementor-widget-container\">\n\t\t\t\t\t\t\t\t\t<p>Encontrar en un proveedor de servicios de log\u00edstica y transporte un verdadero socio de su empresa puede hacer toda la diferencia en el \u00e9xito de su negocio.<br \/>O\u00edr es diferente de escuchar. es por eso que buscamos conocer lo mejor posible a nuestros clientes. Para que los servicios que prestamos no sean meramente servicios sino verdaderas soluciones que aportan valor. <\/p>\n\t\t\t\t\t\t\t\t<\/div>\n\t\t\t\t<\/div>\n\t\t\t\t<div class=\"elementor-element elementor-element-5503f85 elementor-widget elementor-widget-spacer\" data-id=\"5503f85\" data-element_type=\"widget\" data-e-type=\"widget\" data-widget_type=\"spacer.default\">\n\t\t\t\t<div class=\"elementor-widget-container\">\n\t\t\t\t\t\t\t<div class=\"elementor-spacer\">\n\t\t\t<div class=\"elementor-spacer-inner\"><\/div>\n\t\t<\/div>\n\t\t\t\t\t\t<\/div>\n\t\t\t\t<\/div>\n\t\t\t\t\t<\/div>\n\t\t<\/div>\n\t\t\t\t\t<\/div>\n\t\t<\/section>\n\t\t\t\t<section class=\"elementor-section elementor-top-section elementor-element elementor-element-960f7bb elementor-section-boxed elementor-section-height-default elementor-section-height-default\" data-id=\"960f7bb\" data-element_type=\"section\" data-e-type=\"section\">\n\t\t\t\t\t\t<div class=\"elementor-container elementor-column-gap-default\">\n\t\t\t\t\t<div class=\"elementor-column elementor-col-50 elementor-top-column elementor-element elementor-element-b0223ad\" data-id=\"b0223ad\" data-element_type=\"column\" data-e-type=\"column\">\n\t\t\t<div class=\"elementor-widget-wrap elementor-element-populated\">\n\t\t\t\t\t\t<div class=\"elementor-element elementor-element-e8f1e7e elementor-widget elementor-widget-spacer\" data-id=\"e8f1e7e\" data-element_type=\"widget\" data-e-type=\"widget\" data-widget_type=\"spacer.default\">\n\t\t\t\t<div class=\"elementor-widget-container\">\n\t\t\t\t\t\t\t<div class=\"elementor-spacer\">\n\t\t\t<div class=\"elementor-spacer-inner\"><\/div>\n\t\t<\/div>\n\t\t\t\t\t\t<\/div>\n\t\t\t\t<\/div>\n\t\t\t\t<div class=\"elementor-element elementor-element-7095452 elementor-widget elementor-widget-image\" data-id=\"7095452\" data-element_type=\"widget\" data-e-type=\"widget\" data-widget_type=\"image.default\">\n\t\t\t\t<div class=\"elementor-widget-container\">\n\t\t\t\t\t\t\t\t\t\t\t\t\t\t\t<img decoding=\"async\" width=\"300\" height=\"134\" src=\"https:\/\/wlportugal.com\/wp-content\/uploads\/2023\/07\/wlp-4-pilares.jpg-300x134.webp\" class=\"attachment-medium size-medium wp-image-6782\" alt=\"\" srcset=\"https:\/\/wlportugal.com\/wp-content\/uploads\/2023\/07\/wlp-4-pilares.jpg-300x134.webp 300w, https:\/\/wlportugal.com\/wp-content\/uploads\/2023\/07\/wlp-4-pilares.jpg.webp 600w\" sizes=\"(max-width: 300px) 100vw, 300px\" title=\"\">\t\t\t\t\t\t\t\t\t\t\t\t\t\t\t<\/div>\n\t\t\t\t<\/div>\n\t\t\t\t\t<\/div>\n\t\t<\/div>\n\t\t\t\t<div class=\"elementor-column elementor-col-50 elementor-top-column elementor-element elementor-element-9742dfb\" data-id=\"9742dfb\" data-element_type=\"column\" data-e-type=\"column\">\n\t\t\t<div class=\"elementor-widget-wrap elementor-element-populated\">\n\t\t\t\t\t\t<div class=\"elementor-element elementor-element-bc617fd elementor-widget elementor-widget-text-editor\" data-id=\"bc617fd\" data-element_type=\"widget\" data-e-type=\"widget\" data-widget_type=\"text-editor.default\">\n\t\t\t\t<div class=\"elementor-widget-container\">\n\t\t\t\t\t\t\t\t\t<p><strong>WLP \u2013 Worldwide Logistics Portugal<\/strong> \u2013 naci\u00f3 en 1993 con los principios fundamentales de innovar en las soluciones para presentar al mercado e imprimir una marca de calidad percibida en los servicios.<\/p>\n<p>La evoluci\u00f3n de las econom\u00edas y los mercados en las \u00faltimas d\u00e9cadas nos ha confirmado que s\u00f3lo soluciones flexibles que se adaptan a las diferentes realidades, apoyadas en las \u00faltimas tecnolog\u00edas, pueden realmente responder a los desaf\u00edos que se plantean al sector de la log\u00edstica y el transporte.<\/p>\n<p>Son estos principios que nos gu\u00edan siempre que peri\u00f3dicamente actualizamos la estrategia de nuestra empresa, con el prop\u00f3sito de mantenernos relevantes.<\/p>\n\t\t\t\t\t\t\t\t<\/div>\n\t\t\t\t<\/div>\n\t\t\t\t<div class=\"elementor-element elementor-element-cd3563f elementor-widget elementor-widget-spacer\" data-id=\"cd3563f\" data-element_type=\"widget\" data-e-type=\"widget\" data-widget_type=\"spacer.default\">\n\t\t\t\t<div class=\"elementor-widget-container\">\n\t\t\t\t\t\t\t<div class=\"elementor-spacer\">\n\t\t\t<div class=\"elementor-spacer-inner\"><\/div>\n\t\t<\/div>\n\t\t\t\t\t\t<\/div>\n\t\t\t\t<\/div>\n\t\t\t\t\t<\/div>\n\t\t<\/div>\n\t\t\t\t\t<\/div>\n\t\t<\/section>\n\t\t\t\t<section class=\"elementor-section elementor-top-section elementor-element elementor-element-ffcead5 elementor-section-boxed elementor-section-height-default elementor-section-height-default\" data-id=\"ffcead5\" data-element_type=\"section\" data-e-type=\"section\">\n\t\t\t\t\t\t<div class=\"elementor-container elementor-column-gap-default\">\n\t\t\t\t\t<div class=\"elementor-column elementor-col-50 elementor-top-column elementor-element elementor-element-d34983d\" data-id=\"d34983d\" data-element_type=\"column\" data-e-type=\"column\">\n\t\t\t<div class=\"elementor-widget-wrap elementor-element-populated\">\n\t\t\t\t\t\t<div class=\"elementor-element elementor-element-43ad4ea elementor-widget elementor-widget-image\" data-id=\"43ad4ea\" data-element_type=\"widget\" data-e-type=\"widget\" data-widget_type=\"image.default\">\n\t\t\t\t<div class=\"elementor-widget-container\">\n\t\t\t\t\t\t\t\t\t\t\t\t\t\t\t<img fetchpriority=\"high\" decoding=\"async\" width=\"600\" height=\"300\" src=\"https:\/\/wlportugal.com\/wp-content\/uploads\/2023\/07\/wlp-facjada.jpg.webp\" class=\"attachment-large size-large wp-image-6786\" alt=\"\" srcset=\"https:\/\/wlportugal.com\/wp-content\/uploads\/2023\/07\/wlp-facjada.jpg.webp 600w, https:\/\/wlportugal.com\/wp-content\/uploads\/2023\/07\/wlp-facjada.jpg-300x150.webp 300w\" sizes=\"(max-width: 600px) 100vw, 600px\" title=\"\">\t\t\t\t\t\t\t\t\t\t\t\t\t\t\t<\/div>\n\t\t\t\t<\/div>\n\t\t\t\t\t<\/div>\n\t\t<\/div>\n\t\t\t\t<div class=\"elementor-column elementor-col-50 elementor-top-column elementor-element elementor-element-854b2fc\" data-id=\"854b2fc\" data-element_type=\"column\" data-e-type=\"column\">\n\t\t\t<div class=\"elementor-widget-wrap elementor-element-populated\">\n\t\t\t\t\t\t<div class=\"elementor-element elementor-element-2811983 elementor-widget elementor-widget-image\" data-id=\"2811983\" data-element_type=\"widget\" data-e-type=\"widget\" data-widget_type=\"image.default\">\n\t\t\t\t<div class=\"elementor-widget-container\">\n\t\t\t\t\t\t\t\t\t\t\t\t\t\t\t<img decoding=\"async\" width=\"600\" height=\"300\" src=\"https:\/\/wlportugal.com\/wp-content\/uploads\/2023\/07\/wlp-entrada.jpg.webp\" class=\"attachment-large size-large wp-image-6784\" alt=\"\" srcset=\"https:\/\/wlportugal.com\/wp-content\/uploads\/2023\/07\/wlp-entrada.jpg.webp 600w, https:\/\/wlportugal.com\/wp-content\/uploads\/2023\/07\/wlp-entrada.jpg-300x150.webp 300w\" sizes=\"(max-width: 600px) 100vw, 600px\" title=\"\">\t\t\t\t\t\t\t\t\t\t\t\t\t\t\t<\/div>\n\t\t\t\t<\/div>\n\t\t\t\t\t<\/div>\n\t\t<\/div>\n\t\t\t\t\t<\/div>\n\t\t<\/section>\n\t\t\t\t<section class=\"elementor-section elementor-top-section elementor-element elementor-element-f44a591 elementor-section-boxed elementor-section-height-default elementor-section-height-default\" data-id=\"f44a591\" data-element_type=\"section\" data-e-type=\"section\">\n\t\t\t\t\t\t<div class=\"elementor-container elementor-column-gap-default\">\n\t\t\t\t\t<div class=\"elementor-column elementor-col-100 elementor-top-column elementor-element elementor-element-fb8de0f\" data-id=\"fb8de0f\" data-element_type=\"column\" data-e-type=\"column\">\n\t\t\t<div class=\"elementor-widget-wrap elementor-element-populated\">\n\t\t\t\t\t\t<div class=\"elementor-element elementor-element-c8beed1 elementor-widget elementor-widget-spacer\" data-id=\"c8beed1\" data-element_type=\"widget\" data-e-type=\"widget\" data-widget_type=\"spacer.default\">\n\t\t\t\t<div class=\"elementor-widget-container\">\n\t\t\t\t\t\t\t<div class=\"elementor-spacer\">\n\t\t\t<div class=\"elementor-spacer-inner\"><\/div>\n\t\t<\/div>\n\t\t\t\t\t\t<\/div>\n\t\t\t\t<\/div>\n\t\t\t\t<div class=\"elementor-element elementor-element-445621c elementor-widget elementor-widget-text-editor\" data-id=\"445621c\" data-element_type=\"widget\" data-e-type=\"widget\" data-widget_type=\"text-editor.default\">\n\t\t\t\t<div class=\"elementor-widget-container\">\n\t\t\t\t\t\t\t\t\t<div>\n<div>\n<div>\n<div>\n<div>\n<div>\n<div>\n<p>M\u00e1s de tres d\u00e9cadas despu\u00e9s, con presencia en Porto y Lisboa, WLP \u2013 Worldwide Logistics Portugal \u2013 contin\u00faa con el mismo esp\u00edritu innovador y juvenil, aumentando la inversi\u00f3n en la calidad de sus servicios a trav\u00e9s de la formaci\u00f3n y la continua apreciaci\u00f3n de su equipo y de nuevos conceptos y tecnolog\u00edas.<\/p>\n<p>Adem\u00e1s de la calidad de los servicios que presta, certificada por la Norma ISO 9001: 2015, WLP tiene todos los requisitos legales para operar en las \u00e1reas de Transporte, Log\u00edstica, Almacenamiento y Distribuci\u00f3n. WLP es Miembro de Excelencia de APAT, Agente IATA, FIATA y Agente Reconocido ANAC, adem\u00e1s de PME L\u00edder. La WLP a\u00fan posee el Estatuto de Operador Econ\u00f3mico Autorizado (AEO) y la certificaci\u00f3n de Buenas Pr\u00e1cticas de Distribuci\u00f3n (GDP).<\/p>\n<\/div>\n<\/div>\n<\/div>\n<\/div>\n<\/div>\n<\/div>\n<\/div>\n<div>\n<div>\n<div>\n<div>\n<div>\n<div> <\/div>\n<\/div>\n<\/div>\n<\/div>\n<\/div>\n<\/div>\n<div>\n<p>Ahora que nos conoces un poco mejor, te invitamos a visitar nuestras p\u00e1ginas de servicios y descubrir c\u00f3mo podemos ayudarte. Ver\u00e1 que encuentra en WLP m\u00e1s que un simple provedor de servicios.<\/p>\n<p><\/p>\n<p><strong>El equipo de WLP<\/strong><\/p>\n<\/div>\t\t\t\t\t\t\t\t<\/div>\n\t\t\t\t<\/div>\n\t\t\t\t\t<\/div>\n\t\t<\/div>\n\t\t\t\t\t<\/div>\n\t\t<\/section>\n\t\t\t\t<section class=\"elementor-section elementor-top-section elementor-element elementor-element-238313f5 elementor-hidden-tablet elementor-hidden-phone elementor-section-boxed elementor-section-height-default elementor-section-height-default\" data-id=\"238313f5\" data-element_type=\"section\" data-e-type=\"section\">\n\t\t\t\t\t\t<div class=\"elementor-container elementor-column-gap-default\">\n\t\t\t\t\t<div class=\"elementor-column elementor-col-100 elementor-top-column elementor-element elementor-element-19e49b43\" data-id=\"19e49b43\" data-element_type=\"column\" data-e-type=\"column\">\n\t\t\t<div class=\"elementor-widget-wrap elementor-element-populated\">\n\t\t\t\t\t\t<div class=\"elementor-element elementor-element-1eb3cfb7 elementor-widget elementor-widget-transx_video\" data-id=\"1eb3cfb7\" data-element_type=\"widget\" data-e-type=\"widget\" data-widget_type=\"transx_video.default\">\n\t\t\t\t<div class=\"elementor-widget-container\">\n\t\t\t\t\t\n        <div class=\"transx_video_widget\">\n            <div class=\"transx_preview_container view_type_1\">\n                                    <img decoding=\"async\" src=\"https:\/\/wlportugal.com\/wp-content\/uploads\/2023\/01\/carga-maritima-1920x680px-jan-23-1170x550.jpg\" alt=\"\" title=\"\">\n                    <div class=\"transx_overlay\"><\/div>\n                    \n                <a class=\"transx_video_trigger_button transx_animation_yes\" href=\"https:\/\/youtu.be\/CmSWCVmszvo\" target=\"_blank\" rel=\"noopener\">\n                    <span class=\"transx_button_icon\"><i class=\"fa fa-play\"><\/i><\/span>\n                                            <span class=\"transx_button_text\">V\u00eddeo Institucional<\/span>\n                                        <\/a>\n            <\/div>\n\n                            <div class=\"transx_video_container\">\n                    <div class=\"transx_close_popup_layer\">\n                        <div class=\"transx_close_button\">\n                            <svg viewBox=\"0 0 40 40\"><path d=\"M10,10 L30,30 M30,10 L10,30\"><\/path><\/svg>\n                        <\/div>\n                    <\/div>\n                    <div class=\"transx_video_wrapper\" data-src=\"https:\/\/youtu.be\/CmSWCVmszvo\"><\/div>\n                <\/div>\n                        <\/div>\n        \t\t\t\t<\/div>\n\t\t\t\t<\/div>\n\t\t\t\t\t<\/div>\n\t\t<\/div>\n\t\t\t\t\t<\/div>\n\t\t<\/section>\n\t\t\t\t<section class=\"elementor-section elementor-top-section elementor-element elementor-element-7eafb799 elementor-section-stretched elementor-section-boxed elementor-section-height-default elementor-section-height-default\" data-id=\"7eafb799\" data-element_type=\"section\" data-e-type=\"section\" data-settings=\"{&quot;stretch_section&quot;:&quot;section-stretched&quot;,&quot;background_background&quot;:&quot;classic&quot;}\">\n\t\t\t\t\t\t<div class=\"elementor-container elementor-column-gap-default\">\n\t\t\t\t\t<div class=\"elementor-column elementor-col-100 elementor-top-column elementor-element elementor-element-6e4c7b13\" data-id=\"6e4c7b13\" data-element_type=\"column\" data-e-type=\"column\">\n\t\t\t<div class=\"elementor-widget-wrap elementor-element-populated\">\n\t\t\t\t\t\t\t<\/div>\n\t\t<\/div>\n\t\t\t\t\t<\/div>\n\t\t<\/section>\n\t\t\t\t<section class=\"elementor-section elementor-top-section elementor-element elementor-element-acb9160 elementor-section-boxed elementor-section-height-default elementor-section-height-default\" data-id=\"acb9160\" data-element_type=\"section\" data-e-type=\"section\">\n\t\t\t\t\t\t<div class=\"elementor-container elementor-column-gap-default\">\n\t\t\t\t\t<div class=\"elementor-column elementor-col-100 elementor-top-column elementor-element elementor-element-e8c2db9\" data-id=\"e8c2db9\" data-element_type=\"column\" data-e-type=\"column\">\n\t\t\t<div class=\"elementor-widget-wrap\">\n\t\t\t\t\t\t\t<\/div>\n\t\t<\/div>\n\t\t\t\t\t<\/div>\n\t\t<\/section>\n\t\t\t\t<\/div>\n\t\t","protected":false},"excerpt":{"rendered":"<p>Soluciones Log\u00edsticas Globales Encontrar en un proveedor de servicios de log\u00edstica y transporte un verdadero socio de su empresa puede hacer toda la diferencia en el \u00e9xito de su negocio.O\u00edr es diferente de escuchar. es por eso que buscamos conocer lo mejor posible a nuestros clientes. Para que los servicios que prestamos no sean meramente [&hellip;]<\/p>\n","protected":false},"author":1,"featured_media":8038,"parent":0,"menu_order":0,"comment_status":"closed","ping_status":"closed","template":"","meta":{"om_disable_all_campaigns":false,"_monsterinsights_skip_tracking":false,"_monsterinsights_sitenote_active":false,"_monsterinsights_sitenote_note":"","_monsterinsights_sitenote_category":0,"_uf_show_specific_survey":0,"_uf_disable_surveys":false,"footnotes":""},"class_list":["post-7190","page","type-page","status-publish","has-post-thumbnail","hentry"],"_links":{"self":[{"href":"https:\/\/wlportugal.com\/es\/wp-json\/wp\/v2\/pages\/7190","targetHints":{"allow":["GET"]}}],"collection":[{"href":"https:\/\/wlportugal.com\/es\/wp-json\/wp\/v2\/pages"}],"about":[{"href":"https:\/\/wlportugal.com\/es\/wp-json\/wp\/v2\/types\/page"}],"author":[{"embeddable":true,"href":"https:\/\/wlportugal.com\/es\/wp-json\/wp\/v2\/users\/1"}],"replies":[{"embeddable":true,"href":"https:\/\/wlportugal.com\/es\/wp-json\/wp\/v2\/comments?post=7190"}],"version-history":[{"count":6,"href":"https:\/\/wlportugal.com\/es\/wp-json\/wp\/v2\/pages\/7190\/revisions"}],"predecessor-version":[{"id":10354,"href":"https:\/\/wlportugal.com\/es\/wp-json\/wp\/v2\/pages\/7190\/revisions\/10354"}],"wp:featuredmedia":[{"embeddable":true,"href":"https:\/\/wlportugal.com\/es\/wp-json\/wp\/v2\/media\/8038"}],"wp:attachment":[{"href":"https:\/\/wlportugal.com\/es\/wp-json\/wp\/v2\/media?parent=7190"}],"curies":[{"name":"wp","href":"https:\/\/api.w.org\/{rel}","templated":true}]}}