{"id":7193,"date":"2023-07-05T16:47:21","date_gmt":"2023-07-05T15:47:21","guid":{"rendered":"http:\/\/wlportugal.com\/23\/politica-de-privacidad\/"},"modified":"2023-07-24T10:39:03","modified_gmt":"2023-07-24T09:39:03","slug":"politica-de-privacidad","status":"publish","type":"page","link":"https:\/\/wlportugal.com\/es\/politica-de-privacidad\/","title":{"rendered":"Pol\u00edtica de Privacidad"},"content":{"rendered":"\t\t<div data-elementor-type=\"wp-page\" data-elementor-id=\"7193\" class=\"elementor elementor-7193 elementor-4603\">\n\t\t\t\t\t\t<section class=\"elementor-section elementor-top-section elementor-element elementor-element-d18e32b elementor-section-boxed elementor-section-height-default elementor-section-height-default\" data-id=\"d18e32b\" data-element_type=\"section\" data-e-type=\"section\">\n\t\t\t\t\t\t<div class=\"elementor-container elementor-column-gap-default\">\n\t\t\t\t\t<div class=\"elementor-column elementor-col-100 elementor-top-column elementor-element elementor-element-7376d93\" data-id=\"7376d93\" data-element_type=\"column\" data-e-type=\"column\">\n\t\t\t<div class=\"elementor-widget-wrap elementor-element-populated\">\n\t\t\t\t\t\t<div class=\"elementor-element elementor-element-69dc06d elementor-widget elementor-widget-transx_heading\" data-id=\"69dc06d\" data-element_type=\"widget\" data-e-type=\"widget\" data-widget_type=\"transx_heading.default\">\n\t\t\t\t<div class=\"elementor-widget-container\">\n\t\t\t\t\t\n        <div class=\"transx_heading_widget\">\n                                <div class=\"transx_up_heading\">Pol\u00edtica De Privacidade<\/div>\n                    \n                <h2 class=\"transx_heading\">\n                    <span>RGPD<\/span> - Regulamento Geral de Prote\u00e7\u00e3o de Dados                <\/h2>\n                        <\/div>\n        \t\t\t\t<\/div>\n\t\t\t\t<\/div>\n\t\t\t\t\t<\/div>\n\t\t<\/div>\n\t\t\t\t\t<\/div>\n\t\t<\/section>\n\t\t\t\t<section class=\"elementor-section elementor-top-section elementor-element elementor-element-138211a elementor-section-boxed elementor-section-height-default elementor-section-height-default\" data-id=\"138211a\" data-element_type=\"section\" data-e-type=\"section\">\n\t\t\t\t\t\t<div class=\"elementor-container elementor-column-gap-default\">\n\t\t\t\t\t<div class=\"elementor-column elementor-col-100 elementor-top-column elementor-element elementor-element-bffa42f\" data-id=\"bffa42f\" data-element_type=\"column\" data-e-type=\"column\">\n\t\t\t<div class=\"elementor-widget-wrap elementor-element-populated\">\n\t\t\t\t\t\t<div class=\"elementor-element elementor-element-c37df0f elementor-widget elementor-widget-text-editor\" data-id=\"c37df0f\" data-element_type=\"widget\" data-e-type=\"widget\" data-widget_type=\"text-editor.default\">\n\t\t\t\t<div class=\"elementor-widget-container\">\n\t\t\t\t\t\t\t\t\t<p><strong>WLP Transit\u00e1rios, Lda.<\/strong> grantiza el tratamiento confidencial, y con seguridad, de toda la informaci\u00f3n facilitada por nuestros clientes.<br \/>Todos los datos personales recogidos por nuestro sitio se destinan exclusivamente al uso comercial de nuestra empresa, en campa\u00f1as de marketing y otras comunicaciones con el cliente, no siendo en ning\u00fan caso disponibles a terceros.<\/p><p>Garantizamos que el titular de los datos tendr\u00e1 todos los derechos consagrados al mismo en el Reglamento General de Protecci\u00f3n de Datos.<\/p><p><a href=\"https:\/\/commission.europa.eu\/law\/law-topic\/data-protection\/reform\/rules-business-and-organisations_pt\" target=\"_blank\" rel=\"noopener\"><strong>Consulte aqu\u00ed <\/strong><\/a><strong>la informaci\u00f3n sobre el RGPD \u2013 Reglamento General de Protecci\u00f3n de Datos \u2013 disponible por la Comisi\u00f3n Europea.<\/strong><br \/>En cualquier momento podr\u00e1 ejercer los derechos consagrados en el Reglamento General de Protecci\u00f3n de Datos utilizando para ello los contactos abajo indicados.<br \/>En el caso espec\u00edfico de nuestra Newsletter, usted puede en cualquier momento cancelar su suscripci\u00f3n y recepci\u00f3n a trav\u00e9s del enlace de cancelaci\u00f3n \u00abcancelar\u00bb que aparece en el pie de los boletines que recibe en su e-mail.<\/p>\t\t\t\t\t\t\t\t<\/div>\n\t\t\t\t<\/div>\n\t\t\t\t\t<\/div>\n\t\t<\/div>\n\t\t\t\t\t<\/div>\n\t\t<\/section>\n\t\t\t\t<section class=\"elementor-section elementor-top-section elementor-element elementor-element-3142a39 elementor-section-boxed elementor-section-height-default elementor-section-height-default\" data-id=\"3142a39\" data-element_type=\"section\" data-e-type=\"section\">\n\t\t\t\t\t\t<div class=\"elementor-container elementor-column-gap-default\">\n\t\t\t\t\t<div class=\"elementor-column elementor-col-100 elementor-top-column elementor-element elementor-element-2fafd0b\" data-id=\"2fafd0b\" data-element_type=\"column\" data-e-type=\"column\">\n\t\t\t<div class=\"elementor-widget-wrap elementor-element-populated\">\n\t\t\t\t\t\t<div class=\"elementor-element elementor-element-ee0bc9f elementor-widget elementor-widget-heading\" data-id=\"ee0bc9f\" data-element_type=\"widget\" data-e-type=\"widget\" data-widget_type=\"heading.default\">\n\t\t\t\t<div class=\"elementor-widget-container\">\n\t\t\t\t\t<h4 class=\"elementor-heading-title elementor-size-default\">EPD (DPO) \u2013 Encargado de Protecci\u00f3n de Datos (Data Protection Officer)<\/h4>\t\t\t\t<\/div>\n\t\t\t\t<\/div>\n\t\t\t\t\t<\/div>\n\t\t<\/div>\n\t\t\t\t\t<\/div>\n\t\t<\/section>\n\t\t\t\t<section class=\"elementor-section elementor-top-section elementor-element elementor-element-22f5cb3 elementor-section-boxed elementor-section-height-default elementor-section-height-default\" data-id=\"22f5cb3\" data-element_type=\"section\" data-e-type=\"section\">\n\t\t\t\t\t\t<div class=\"elementor-container elementor-column-gap-default\">\n\t\t\t\t\t<div class=\"elementor-column elementor-col-100 elementor-top-column elementor-element elementor-element-121d3fd\" data-id=\"121d3fd\" data-element_type=\"column\" data-e-type=\"column\">\n\t\t\t<div class=\"elementor-widget-wrap elementor-element-populated\">\n\t\t\t\t\t\t<div class=\"elementor-element elementor-element-1dd480d elementor-widget elementor-widget-text-editor\" data-id=\"1dd480d\" data-element_type=\"widget\" data-e-type=\"widget\" data-widget_type=\"text-editor.default\">\n\t\t\t\t<div class=\"elementor-widget-container\">\n\t\t\t\t\t\t\t\t\t<p>La entidad responsable de la recolecci\u00f3n y tratamiento de datos personales es WLP Tr\u00e2nsit\u00e1rios, Lda., Persona colectiva n\u00famero 503007820. Cualquier pregunta o si desea ejercer alguno de sus derechos por favor, cont\u00e1ctenos a trav\u00e9s de los siguientes medios.<\/p>\n<p><strong>Carta<\/strong><\/p>\n<p>Via Jos\u00e9 R\u00e9gio 281, 4485-860 Vilar de Pinheiro<br \/>Oporto, PORTUGAL<\/p>\n<p><strong>Correo Electr\u00f3nico (Email)<\/strong><br \/>geral.opo@wlportugal.com<\/p>\n\t\t\t\t\t\t\t\t<\/div>\n\t\t\t\t<\/div>\n\t\t\t\t\t<\/div>\n\t\t<\/div>\n\t\t\t\t\t<\/div>\n\t\t<\/section>\n\t\t\t\t<\/div>\n\t\t","protected":false},"excerpt":{"rendered":"<p>WLP Transit\u00e1rios, Lda. grantiza el tratamiento confidencial, y con seguridad, de toda la informaci\u00f3n facilitada por nuestros clientes.Todos los datos personales recogidos por nuestro sitio se destinan exclusivamente al uso comercial de nuestra empresa, en campa\u00f1as de marketing y otras comunicaciones con el cliente, no siendo en ning\u00fan caso disponibles a terceros. Garantizamos que el [&hellip;]<\/p>\n","protected":false},"author":1,"featured_media":7554,"parent":0,"menu_order":0,"comment_status":"closed","ping_status":"closed","template":"","meta":{"om_disable_all_campaigns":false,"_monsterinsights_skip_tracking":false,"_monsterinsights_sitenote_active":false,"_monsterinsights_sitenote_note":"","_monsterinsights_sitenote_category":0,"_uf_show_specific_survey":0,"_uf_disable_surveys":false,"footnotes":""},"class_list":["post-7193","page","type-page","status-publish","has-post-thumbnail","hentry"],"_links":{"self":[{"href":"https:\/\/wlportugal.com\/es\/wp-json\/wp\/v2\/pages\/7193","targetHints":{"allow":["GET"]}}],"collection":[{"href":"https:\/\/wlportugal.com\/es\/wp-json\/wp\/v2\/pages"}],"about":[{"href":"https:\/\/wlportugal.com\/es\/wp-json\/wp\/v2\/types\/page"}],"author":[{"embeddable":true,"href":"https:\/\/wlportugal.com\/es\/wp-json\/wp\/v2\/users\/1"}],"replies":[{"embeddable":true,"href":"https:\/\/wlportugal.com\/es\/wp-json\/wp\/v2\/comments?post=7193"}],"version-history":[{"count":0,"href":"https:\/\/wlportugal.com\/es\/wp-json\/wp\/v2\/pages\/7193\/revisions"}],"wp:featuredmedia":[{"embeddable":true,"href":"https:\/\/wlportugal.com\/es\/wp-json\/wp\/v2\/media\/7554"}],"wp:attachment":[{"href":"https:\/\/wlportugal.com\/es\/wp-json\/wp\/v2\/media?parent=7193"}],"curies":[{"name":"wp","href":"https:\/\/api.w.org\/{rel}","templated":true}]}}