{"id":7202,"date":"2023-07-04T17:33:48","date_gmt":"2023-07-04T16:33:48","guid":{"rendered":"http:\/\/wlportugal.com\/23\/almacenamiento-y-logistica\/"},"modified":"2024-06-05T10:33:53","modified_gmt":"2024-06-05T09:33:53","slug":"almacenamiento-y-logistica","status":"publish","type":"page","link":"https:\/\/wlportugal.com\/es\/almacenamiento-y-logistica\/","title":{"rendered":"Almacenamiento y Log\u00edstica"},"content":{"rendered":"\t\t<div data-elementor-type=\"wp-page\" data-elementor-id=\"7202\" class=\"elementor elementor-7202 elementor-4436\">\n\t\t\t\t\t\t<section class=\"elementor-section elementor-top-section elementor-element elementor-element-2ae2f1c0 elementor-section-boxed elementor-section-height-default elementor-section-height-default\" data-id=\"2ae2f1c0\" data-element_type=\"section\" data-e-type=\"section\">\n\t\t\t\t\t\t<div class=\"elementor-container elementor-column-gap-extended\">\n\t\t\t\t\t<div class=\"elementor-column elementor-col-66 elementor-top-column elementor-element elementor-element-3b2f52cf\" data-id=\"3b2f52cf\" data-element_type=\"column\" data-e-type=\"column\">\n\t\t\t<div class=\"elementor-widget-wrap elementor-element-populated\">\n\t\t\t\t\t\t<div class=\"elementor-element elementor-element-7439b991 elementor-widget elementor-widget-heading\" data-id=\"7439b991\" data-element_type=\"widget\" data-e-type=\"widget\" data-widget_type=\"heading.default\">\n\t\t\t\t<div class=\"elementor-widget-container\">\n\t\t\t\t\t<h4 class=\"elementor-heading-title elementor-size-default\">Log\u00edstica<\/h4>\t\t\t\t<\/div>\n\t\t\t\t<\/div>\n\t\t\t\t<div class=\"elementor-element elementor-element-5aa3183d elementor-widget elementor-widget-text-editor\" data-id=\"5aa3183d\" data-element_type=\"widget\" data-e-type=\"widget\" data-widget_type=\"text-editor.default\">\n\t\t\t\t<div class=\"elementor-widget-container\">\n\t\t\t\t\t\t\t\t\t<h3 class=\"vc_custom_heading\">Soluciones y Servicios de Almacenamiento y Log\u00edstica<\/h3>\n\t\t\t\t\t\t\t\t<\/div>\n\t\t\t\t<\/div>\n\t\t\t\t<section class=\"elementor-section elementor-inner-section elementor-element elementor-element-4ea7ff9e elementor-section-boxed elementor-section-height-default elementor-section-height-default\" data-id=\"4ea7ff9e\" data-element_type=\"section\" data-e-type=\"section\">\n\t\t\t\t\t\t<div class=\"elementor-container elementor-column-gap-default\">\n\t\t\t\t\t<div class=\"elementor-column elementor-col-33 elementor-inner-column elementor-element elementor-element-66518d03\" data-id=\"66518d03\" data-element_type=\"column\" data-e-type=\"column\">\n\t\t\t<div class=\"elementor-widget-wrap elementor-element-populated\">\n\t\t\t\t\t\t<div class=\"elementor-element elementor-element-14af425a elementor-widget elementor-widget-text-editor\" data-id=\"14af425a\" data-element_type=\"widget\" data-e-type=\"widget\" data-widget_type=\"text-editor.default\">\n\t\t\t\t<div class=\"elementor-widget-container\">\n\t\t\t\t\t\t\t\t\t<ul>\n<li>Almacenes Aduaneros a la Exportaci\u00f3n<\/li>\n<li>\n<div id=\"list-icon-wrap-6071\" class=\"uavc-list-content\">Almacenes Aduaneros a la Importaci\u00f3n<\/div>\n<\/li>\n<li>\n<div id=\"list-icon-wrap-6432\" class=\"uavc-list-content\">Operaciones de Coss-Docking de Mercanc\u00edas<\/div>\n<\/li>\n<li>Provisi\u00f3n<\/li>\n<\/ul>\n\t\t\t\t\t\t\t\t<\/div>\n\t\t\t\t<\/div>\n\t\t\t\t\t<\/div>\n\t\t<\/div>\n\t\t\t\t<div class=\"elementor-column elementor-col-33 elementor-inner-column elementor-element elementor-element-335c4b09\" data-id=\"335c4b09\" data-element_type=\"column\" data-e-type=\"column\">\n\t\t\t<div class=\"elementor-widget-wrap elementor-element-populated\">\n\t\t\t\t\t\t<div class=\"elementor-element elementor-element-67130d23 elementor-widget elementor-widget-text-editor\" data-id=\"67130d23\" data-element_type=\"widget\" data-e-type=\"widget\" data-widget_type=\"text-editor.default\">\n\t\t\t\t<div class=\"elementor-widget-container\">\n\t\t\t\t\t\t\t\t\t<ul>\n<li>\n<div id=\"list-icon-wrap-2120\" class=\"uavc-list-content\">Gesti\u00f3n, Control de Stock<\/div>\n<\/li>\n<li>Preparaci\u00f3n de encomiendas<\/li>\n<li>\n<div id=\"list-icon-wrap-6735\" class=\"uavc-list-content\">Env\u00edo\/Expedici\u00f3n<\/div>\n<\/li>\n<li>Administraci\u00f3n\/Documentaci\u00f3n<\/li>\n<\/ul>\n\t\t\t\t\t\t\t\t<\/div>\n\t\t\t\t<\/div>\n\t\t\t\t\t<\/div>\n\t\t<\/div>\n\t\t\t\t<div class=\"elementor-column elementor-col-33 elementor-inner-column elementor-element elementor-element-5f0615e2\" data-id=\"5f0615e2\" data-element_type=\"column\" data-e-type=\"column\">\n\t\t\t<div class=\"elementor-widget-wrap elementor-element-populated\">\n\t\t\t\t\t\t<div class=\"elementor-element elementor-element-cf4915d elementor-widget elementor-widget-text-editor\" data-id=\"cf4915d\" data-element_type=\"widget\" data-e-type=\"widget\" data-widget_type=\"text-editor.default\">\n\t\t\t\t<div class=\"elementor-widget-container\">\n\t\t\t\t\t\t\t\t\t<ul>\n<li>\n<div id=\"list-icon-wrap-1013\" class=\"uavc-list-content\">Distribuci\u00f3n en Territorio Nacional e Internacional<\/div>\n<\/li>\n<li>Servicio Urgente<\/li>\n<li>Almac\u00e9n Aduanero<\/li>\n<li>Dep\u00f3sito Temporal<\/li>\n<\/ul>\n\t\t\t\t\t\t\t\t<\/div>\n\t\t\t\t<\/div>\n\t\t\t\t\t<\/div>\n\t\t<\/div>\n\t\t\t\t\t<\/div>\n\t\t<\/section>\n\t\t\t\t<div class=\"elementor-element elementor-element-4c218018 elementor-widget elementor-widget-text-editor\" data-id=\"4c218018\" data-element_type=\"widget\" data-e-type=\"widget\" data-widget_type=\"text-editor.default\">\n\t\t\t\t<div class=\"elementor-widget-container\">\n\t\t\t\t\t\t\t\t\t<p>WLP \u2013 Worldwide Logistics Portugal \u2013 ofrece a sus clientes <strong>almacenes de aduana para la exportaci\u00f3n y importaci\u00f3n<\/strong> debidamente equipados para proporcionar <strong>una amplia gama de servicios<\/strong> <strong>log\u00edsticos<\/strong>.<\/p>\n<p>En asociaci\u00f3n con operadores especializados WLP realiza <strong>servicios de distribuci\u00f3n con cobertura nacional<\/strong> y adaptado a las necesidades del cliente.<\/p>\n<p>Realizamos <strong>servicios Puerta a Puerta<\/strong>, <strong>servicios urgentes<\/strong> o <strong>transportes especiales<\/strong> y tratamos de todas las <strong>cuestiones administrativas, formalidades aduaneras,<\/strong> <strong>seguros de mercanc\u00eda,<\/strong> etc., para que no tenga que preocuparse por nada.<\/p>\n<p>A trav\u00e9s de un <strong>servicio de tracking<\/strong> informamos regularmente a nuestros clientes de los diferentes puntos en el recorrido en que se encuentra el transporte de sus mercanc\u00edas.<\/p>\n\t\t\t\t\t\t\t\t<\/div>\n\t\t\t\t<\/div>\n\t\t\t\t<div class=\"elementor-element elementor-element-31fea6c elementor-widget elementor-widget-spacer\" data-id=\"31fea6c\" data-element_type=\"widget\" data-e-type=\"widget\" data-widget_type=\"spacer.default\">\n\t\t\t\t<div class=\"elementor-widget-container\">\n\t\t\t\t\t\t\t<div class=\"elementor-spacer\">\n\t\t\t<div class=\"elementor-spacer-inner\"><\/div>\n\t\t<\/div>\n\t\t\t\t\t\t<\/div>\n\t\t\t\t<\/div>\n\t\t\t\t\t<\/div>\n\t\t<\/div>\n\t\t\t\t<div class=\"elementor-column elementor-col-33 elementor-top-column elementor-element elementor-element-d44635b elementor-hidden-tablet elementor-hidden-phone\" data-id=\"d44635b\" data-element_type=\"column\" data-e-type=\"column\">\n\t\t\t<div class=\"elementor-widget-wrap elementor-element-populated\">\n\t\t\t\t\t\t<div class=\"elementor-element elementor-element-2be1c0bb elementor-widget elementor-widget-transx_links_list\" data-id=\"2be1c0bb\" data-element_type=\"widget\" data-e-type=\"widget\" data-widget_type=\"transx_links_list.default\">\n\t\t\t\t<div class=\"elementor-widget-container\">\n\t\t\t\t\t\n        <div class=\"transx_links_list_widget\">\n            <div class=\"transx_links_list_wrapper transx_view_type_2\">\n                <h5 class=\"transx_links_list_title\">Otros Servicios<\/h5>\n\n                                            <a class=\"transx_links_list_item\" href=\"https:\/\/wlportugal.com\/es\/transporte-maritimo\/\" >\n                                <img decoding=\"async\" class=\"transx_img--bg\" src=\"https:\/\/wlportugal.com\/wp-content\/uploads\/2023\/06\/aerial-view-container-cargo-ship-sea-scaled-e1689936832972.jpg\" alt=\"Background Image\" title=\"\">\n                                <h6>Transporte Mar\u00edtimo<\/h6>\n                                <span class=\"transx_links_list_counter\">01<\/span>\n                            <\/a>\n                                                        <a class=\"transx_links_list_item\" href=\"https:\/\/wlportugal.com\/es\/transporte-aereo\/\" >\n                                <img decoding=\"async\" class=\"transx_img--bg\" src=\"https:\/\/wlportugal.com\/wp-content\/uploads\/2021\/06\/service-details_img.jpg\" alt=\"Background Image\" title=\"\">\n                                <h6>Transporte A\u00e9reo<\/h6>\n                                <span class=\"transx_links_list_counter\">02<\/span>\n                            <\/a>\n                                                        <a class=\"transx_links_list_item\" href=\"https:\/\/wlportugal.com\/es\/transporte-terrestre\/\" >\n                                <img decoding=\"async\" class=\"transx_img--bg\" src=\"https:\/\/wlportugal.com\/wp-content\/uploads\/2014\/11\/4563435333-17_3.jpg\" alt=\"Background Image\" title=\"\">\n                                <h6>Transporte Terrestre<\/h6>\n                                <span class=\"transx_links_list_counter\">03<\/span>\n                            <\/a>\n                                                            <\/div>\n        <\/div>\n\n        \t\t\t\t<\/div>\n\t\t\t\t<\/div>\n\t\t\t\t<div class=\"elementor-element elementor-element-6882d166 elementor-widget elementor-widget-html\" data-id=\"6882d166\" data-element_type=\"widget\" data-e-type=\"widget\" data-widget_type=\"html.default\">\n\t\t\t\t<div class=\"elementor-widget-container\">\n\t\t\t\t\t<div class=\"transx_contact-trigger transx_contact-trigger--style-2\">\n\t<img decoding=\"async\" class=\"transx_contact-trigger__img\" src=\"https:\/\/demo.artureanec.com\/themes\/transx\/wp-content\/uploads\/2021\/04\/contact_background.png\" alt=\"img\" title=\"\">\n\n\t<h4 class=\"transx_contact-trigger__title\">D\u00edganos c\u00f3mo podemos ayudar<\/h4>\n\n\t<p class=\"transx_contact-trigger__text\">\u00bfDesea que nos pongamos en contacto con usted?<\/p>\n\n\t<a class=\"transx_button\" href=\"http:\/\/wlportugal.com\/23\/es\/contactos-oporto\/\">\n\t\t<span>Obtener contacto<\/span>\n\t\t<svg class=\"icon\">\n\t\t\t<svg viewbox=\"0 0 150 78.6\" xmlns=\"http:\/\/www.w3.org\/2000\/svg\"><path d=\"M0 31.5h150v12.7H0V31.5zM112.8-.1l30.9 31.5-8.8 9L104 8.9l8.8-9zm18.1 51l-18.4 18.8 8.9 9 18.4-18.8-8.9-9z\"\/><\/svg>\n\t\t<\/svg>\n\t<\/a>\n<\/div>\t\t\t\t<\/div>\n\t\t\t\t<\/div>\n\t\t\t\t\t<\/div>\n\t\t<\/div>\n\t\t\t\t\t<\/div>\n\t\t<\/section>\n\t\t\t\t<\/div>\n\t\t","protected":false},"excerpt":{"rendered":"<p>Log\u00edstica Soluciones y Servicios de Almacenamiento y Log\u00edstica Almacenes Aduaneros a la Exportaci\u00f3n Almacenes Aduaneros a la Importaci\u00f3n Operaciones de Coss-Docking de Mercanc\u00edas Provisi\u00f3n Gesti\u00f3n, Control de Stock Preparaci\u00f3n de encomiendas Env\u00edo\/Expedici\u00f3n Administraci\u00f3n\/Documentaci\u00f3n Distribuci\u00f3n en Territorio Nacional e Internacional Servicio Urgente Almac\u00e9n Aduanero Dep\u00f3sito Temporal WLP \u2013 Worldwide Logistics Portugal \u2013 ofrece a sus clientes [&hellip;]<\/p>\n","protected":false},"author":1,"featured_media":7009,"parent":0,"menu_order":0,"comment_status":"closed","ping_status":"closed","template":"","meta":{"om_disable_all_campaigns":false,"_monsterinsights_skip_tracking":false,"_monsterinsights_sitenote_active":false,"_monsterinsights_sitenote_note":"","_monsterinsights_sitenote_category":0,"_uf_show_specific_survey":0,"_uf_disable_surveys":false,"footnotes":""},"class_list":["post-7202","page","type-page","status-publish","has-post-thumbnail","hentry"],"_links":{"self":[{"href":"https:\/\/wlportugal.com\/es\/wp-json\/wp\/v2\/pages\/7202","targetHints":{"allow":["GET"]}}],"collection":[{"href":"https:\/\/wlportugal.com\/es\/wp-json\/wp\/v2\/pages"}],"about":[{"href":"https:\/\/wlportugal.com\/es\/wp-json\/wp\/v2\/types\/page"}],"author":[{"embeddable":true,"href":"https:\/\/wlportugal.com\/es\/wp-json\/wp\/v2\/users\/1"}],"replies":[{"embeddable":true,"href":"https:\/\/wlportugal.com\/es\/wp-json\/wp\/v2\/comments?post=7202"}],"version-history":[{"count":3,"href":"https:\/\/wlportugal.com\/es\/wp-json\/wp\/v2\/pages\/7202\/revisions"}],"predecessor-version":[{"id":10211,"href":"https:\/\/wlportugal.com\/es\/wp-json\/wp\/v2\/pages\/7202\/revisions\/10211"}],"wp:featuredmedia":[{"embeddable":true,"href":"https:\/\/wlportugal.com\/es\/wp-json\/wp\/v2\/media\/7009"}],"wp:attachment":[{"href":"https:\/\/wlportugal.com\/es\/wp-json\/wp\/v2\/media?parent=7202"}],"curies":[{"name":"wp","href":"https:\/\/api.w.org\/{rel}","templated":true}]}}