{"id":7211,"date":"2023-07-04T17:29:36","date_gmt":"2023-07-04T16:29:36","guid":{"rendered":"http:\/\/wlportugal.com\/23\/transporte-terrestre\/"},"modified":"2024-06-05T10:33:21","modified_gmt":"2024-06-05T09:33:21","slug":"transporte-terrestre","status":"publish","type":"page","link":"https:\/\/wlportugal.com\/es\/transporte-terrestre\/","title":{"rendered":"Transporte Terrestre"},"content":{"rendered":"\t\t<div data-elementor-type=\"wp-page\" data-elementor-id=\"7211\" class=\"elementor elementor-7211 elementor-4428\">\n\t\t\t\t\t\t<section class=\"elementor-section elementor-top-section elementor-element elementor-element-2ae2f1c0 elementor-section-boxed elementor-section-height-default elementor-section-height-default\" data-id=\"2ae2f1c0\" data-element_type=\"section\" data-e-type=\"section\">\n\t\t\t\t\t\t<div class=\"elementor-container elementor-column-gap-extended\">\n\t\t\t\t\t<div class=\"elementor-column elementor-col-66 elementor-top-column elementor-element elementor-element-3b2f52cf\" data-id=\"3b2f52cf\" data-element_type=\"column\" data-e-type=\"column\">\n\t\t\t<div class=\"elementor-widget-wrap elementor-element-populated\">\n\t\t\t\t\t\t<div class=\"elementor-element elementor-element-7439b991 elementor-widget elementor-widget-heading\" data-id=\"7439b991\" data-element_type=\"widget\" data-e-type=\"widget\" data-widget_type=\"heading.default\">\n\t\t\t\t<div class=\"elementor-widget-container\">\n\t\t\t\t\t<h4 class=\"elementor-heading-title elementor-size-default\">Transporte Terrestre<\/h4>\t\t\t\t<\/div>\n\t\t\t\t<\/div>\n\t\t\t\t<div class=\"elementor-element elementor-element-5aa3183d elementor-widget elementor-widget-text-editor\" data-id=\"5aa3183d\" data-element_type=\"widget\" data-e-type=\"widget\" data-widget_type=\"text-editor.default\">\n\t\t\t\t<div class=\"elementor-widget-container\">\n\t\t\t\t\t\t\t\t\t<h3 class=\"vc_custom_heading\">Soluciones y Servicios de Transporte Terrestre de Mercanc\u00edas<\/h3>\n\t\t\t\t\t\t\t\t<\/div>\n\t\t\t\t<\/div>\n\t\t\t\t<section class=\"elementor-section elementor-inner-section elementor-element elementor-element-4ea7ff9e elementor-section-boxed elementor-section-height-default elementor-section-height-default\" data-id=\"4ea7ff9e\" data-element_type=\"section\" data-e-type=\"section\">\n\t\t\t\t\t\t<div class=\"elementor-container elementor-column-gap-default\">\n\t\t\t\t\t<div class=\"elementor-column elementor-col-33 elementor-inner-column elementor-element elementor-element-66518d03\" data-id=\"66518d03\" data-element_type=\"column\" data-e-type=\"column\">\n\t\t\t<div class=\"elementor-widget-wrap elementor-element-populated\">\n\t\t\t\t\t\t<div class=\"elementor-element elementor-element-14af425a elementor-widget elementor-widget-text-editor\" data-id=\"14af425a\" data-element_type=\"widget\" data-e-type=\"widget\" data-widget_type=\"text-editor.default\">\n\t\t\t\t<div class=\"elementor-widget-container\">\n\t\t\t\t\t\t\t\t\t<ul>\n<li>Cargas Completas, L\u00edneas de Grupaje<\/li>\n<li>\n<div id=\"list-icon-wrap-6071\" class=\"uavc-list-content\">Salidas Regulares desde y hacia toda Europa<\/div>\n<\/li>\n<li>\n<div id=\"list-icon-wrap-6432\" class=\"uavc-list-content\">Transporte Urgente<\/div>\n<\/li>\n<\/ul>\n\t\t\t\t\t\t\t\t<\/div>\n\t\t\t\t<\/div>\n\t\t\t\t\t<\/div>\n\t\t<\/div>\n\t\t\t\t<div class=\"elementor-column elementor-col-33 elementor-inner-column elementor-element elementor-element-335c4b09\" data-id=\"335c4b09\" data-element_type=\"column\" data-e-type=\"column\">\n\t\t\t<div class=\"elementor-widget-wrap elementor-element-populated\">\n\t\t\t\t\t\t<div class=\"elementor-element elementor-element-67130d23 elementor-widget elementor-widget-text-editor\" data-id=\"67130d23\" data-element_type=\"widget\" data-e-type=\"widget\" data-widget_type=\"text-editor.default\">\n\t\t\t\t<div class=\"elementor-widget-container\">\n\t\t\t\t\t\t\t\t\t<ul>\n<li>\n<div id=\"list-icon-wrap-2120\" class=\"uavc-list-content\"><span class=\"uavc-list-desc ult-responsive\" data-ultimate-target=\"#list-icon-wrap-2120 .uavc-list-desc\" data-responsive-json-new=\"{\"font-size\":\"\",\"line-height\":\"\"}\">Transportes Especiales<\/span><\/div>\n<\/li>\n<li>Formalidades Aduaneras<\/li>\n<li>\n<div id=\"list-icon-wrap-6735\" class=\"uavc-list-content\"><span class=\"uavc-list-desc ult-responsive\" data-ultimate-target=\"#list-icon-wrap-6735 .uavc-list-desc\" data-responsive-json-new=\"{\"font-size\":\"\",\"line-height\":\"\"}\">Seguros de Mercanc\u00edas<\/span><\/div>\n<\/li>\n<\/ul>\n\t\t\t\t\t\t\t\t<\/div>\n\t\t\t\t<\/div>\n\t\t\t\t\t<\/div>\n\t\t<\/div>\n\t\t\t\t<div class=\"elementor-column elementor-col-33 elementor-inner-column elementor-element elementor-element-5f0615e2\" data-id=\"5f0615e2\" data-element_type=\"column\" data-e-type=\"column\">\n\t\t\t<div class=\"elementor-widget-wrap elementor-element-populated\">\n\t\t\t\t\t\t<div class=\"elementor-element elementor-element-cf4915d elementor-widget elementor-widget-text-editor\" data-id=\"cf4915d\" data-element_type=\"widget\" data-e-type=\"widget\" data-widget_type=\"text-editor.default\">\n\t\t\t\t<div class=\"elementor-widget-container\">\n\t\t\t\t\t\t\t\t\t<ul>\n<li>Servicios Puerta a Puerta: \u00abllave en mano\u00bb<\/li>\n<li>\n<div id=\"list-icon-wrap-1013\" class=\"uavc-list-content\">Tracking \u2013 Informaci\u00f3n detallada de la trayectoria de la mercancia<\/div>\n<\/li>\n<\/ul>\n\t\t\t\t\t\t\t\t<\/div>\n\t\t\t\t<\/div>\n\t\t\t\t\t<\/div>\n\t\t<\/div>\n\t\t\t\t\t<\/div>\n\t\t<\/section>\n\t\t\t\t<div class=\"elementor-element elementor-element-4c218018 elementor-widget elementor-widget-text-editor\" data-id=\"4c218018\" data-element_type=\"widget\" data-e-type=\"widget\" data-widget_type=\"text-editor.default\">\n\t\t\t\t<div class=\"elementor-widget-container\">\n\t\t\t\t\t\t\t\t\t<p>WLP \u2013 Worldwide Logistics Portugal, a trav\u00e9s de su <strong>red de agentes ubicados estrat\u00e9gicamente en diferentes puntos de Europa<\/strong>, ofrece a sus clientes servicios de transporte terrestre con una amplia variedad de <strong>l\u00edneas regulares y de servicios directos de importaci\u00f3n y exportaci\u00f3n<\/strong>.<\/p>\n<p>Ofrecemos tambi\u00e9n a nuestros clientes <strong>servicios de grupaje<\/strong> o consolidaci\u00f3n y, a trav\u00e9s de la utilizaci\u00f3n de <strong>almacenes aduaneros<\/strong>, ofrecemos soluciones de <em><strong>crossdocking<\/strong><\/em> de mercanc\u00edas.<\/p>\n<p>Realizamos <strong>servicios Puerta a Puerta<\/strong>, <strong>servicios urgentes<\/strong> o <strong>transportes especiales<\/strong> y tratamos de todas las <strong>cuestiones administrativas, formalidades aduaneras,<\/strong> <strong>seguros de mercanc\u00eda,<\/strong> etc., para que no tenga que preocuparse por nada.<\/p>\n<p>A trav\u00e9s de un <strong>servicio de tracking<\/strong> informamos regularmente a nuestros clientes de los diferentes puntos en el recorrido en que se encuentra el transporte de sus mercanc\u00edas.<\/p>\n<p>Combinamos el uso del medio terrestre con el transporte mar\u00edtimo y\/o a\u00e9reo para ofrecer a nuestros clientes <strong>soluciones de transporte intermodal o multimodal de mercanc\u00edas.<\/strong><\/p>\n\t\t\t\t\t\t\t\t<\/div>\n\t\t\t\t<\/div>\n\t\t\t\t<div class=\"elementor-element elementor-element-6cfa256 elementor-widget elementor-widget-spacer\" data-id=\"6cfa256\" data-element_type=\"widget\" data-e-type=\"widget\" data-widget_type=\"spacer.default\">\n\t\t\t\t<div class=\"elementor-widget-container\">\n\t\t\t\t\t\t\t<div class=\"elementor-spacer\">\n\t\t\t<div class=\"elementor-spacer-inner\"><\/div>\n\t\t<\/div>\n\t\t\t\t\t\t<\/div>\n\t\t\t\t<\/div>\n\t\t\t\t\t<\/div>\n\t\t<\/div>\n\t\t\t\t<div class=\"elementor-column elementor-col-33 elementor-top-column elementor-element elementor-element-d44635b elementor-hidden-tablet elementor-hidden-phone\" data-id=\"d44635b\" data-element_type=\"column\" data-e-type=\"column\">\n\t\t\t<div class=\"elementor-widget-wrap elementor-element-populated\">\n\t\t\t\t\t\t<div class=\"elementor-element elementor-element-2be1c0bb elementor-widget elementor-widget-transx_links_list\" data-id=\"2be1c0bb\" data-element_type=\"widget\" data-e-type=\"widget\" data-widget_type=\"transx_links_list.default\">\n\t\t\t\t<div class=\"elementor-widget-container\">\n\t\t\t\t\t\n        <div class=\"transx_links_list_widget\">\n            <div class=\"transx_links_list_wrapper transx_view_type_2\">\n                <h5 class=\"transx_links_list_title\">Otros Servicios<\/h5>\n\n                                            <a class=\"transx_links_list_item\" href=\"https:\/\/wlportugal.com\/es\/transporte-maritimo\/\" >\n                                <img decoding=\"async\" class=\"transx_img--bg\" src=\"https:\/\/wlportugal.com\/wp-content\/uploads\/2021\/07\/promo_2.jpg\" alt=\"Background Image\" title=\"\">\n                                <h6>Transporte Mar\u00edtimo<\/h6>\n                                <span class=\"transx_links_list_counter\">01<\/span>\n                            <\/a>\n                                                        <a class=\"transx_links_list_item\" href=\"https:\/\/wlportugal.com\/es\/transporte-aereo\/\" >\n                                <img decoding=\"async\" class=\"transx_img--bg\" src=\"https:\/\/wlportugal.com\/wp-content\/uploads\/2021\/07\/services_new_3.jpg\" alt=\"Background Image\" title=\"\">\n                                <h6>Transporte A\u00e9reo<\/h6>\n                                <span class=\"transx_links_list_counter\">02<\/span>\n                            <\/a>\n                                                        <a class=\"transx_links_list_item\" href=\"https:\/\/wlportugal.com\/es\/almacenamiento-y-logistica\/\" >\n                                <img decoding=\"async\" class=\"transx_img--bg\" src=\"https:\/\/wlportugal.com\/wp-content\/uploads\/2023\/07\/empty-warehouse-in-logistic-center-2022-12-16-12-00-18-utc.jpg\" alt=\"Background Image\" title=\"\">\n                                <h6>Almacenamiento &amp; Log\u00edstica<\/h6>\n                                <span class=\"transx_links_list_counter\">03<\/span>\n                            <\/a>\n                                                            <\/div>\n        <\/div>\n\n        \t\t\t\t<\/div>\n\t\t\t\t<\/div>\n\t\t\t\t<div class=\"elementor-element elementor-element-6882d166 elementor-widget elementor-widget-html\" data-id=\"6882d166\" data-element_type=\"widget\" data-e-type=\"widget\" data-widget_type=\"html.default\">\n\t\t\t\t<div class=\"elementor-widget-container\">\n\t\t\t\t\t<div class=\"transx_contact-trigger transx_contact-trigger--style-2\">\n\t<img decoding=\"async\" class=\"transx_contact-trigger__img\" src=\"https:\/\/demo.artureanec.com\/themes\/transx\/wp-content\/uploads\/2021\/04\/contact_background.png\" alt=\"img\" title=\"\">\n\n\t<h4 class=\"transx_contact-trigger__title\">D\u00edganos c\u00f3mo podemos ayudar<\/h4>\n\n\t<p class=\"transx_contact-trigger__text\">\u00bfDesea que nos pongamos en contacto con usted?<\/p>\n\n\t<a class=\"transx_button\" href=\"http:\/\/wlportugal.com\/23\/es\/contactos-oporto\/\">\n\t\t<span>Obtener contacto<\/span>\n\t\t<svg class=\"icon\">\n\t\t\t<svg viewbox=\"0 0 150 78.6\" xmlns=\"http:\/\/www.w3.org\/2000\/svg\"><path d=\"M0 31.5h150v12.7H0V31.5zM112.8-.1l30.9 31.5-8.8 9L104 8.9l8.8-9zm18.1 51l-18.4 18.8 8.9 9 18.4-18.8-8.9-9z\"\/><\/svg>\n\t\t<\/svg>\n\t<\/a>\n<\/div>\t\t\t\t<\/div>\n\t\t\t\t<\/div>\n\t\t\t\t\t<\/div>\n\t\t<\/div>\n\t\t\t\t\t<\/div>\n\t\t<\/section>\n\t\t\t\t<\/div>\n\t\t","protected":false},"excerpt":{"rendered":"<p>Transporte Terrestre Soluciones y Servicios de Transporte Terrestre de Mercanc\u00edas Cargas Completas, L\u00edneas de Grupaje Salidas Regulares desde y hacia toda Europa Transporte Urgente Transportes Especiales Formalidades Aduaneras Seguros de Mercanc\u00edas Servicios Puerta a Puerta: \u00abllave en mano\u00bb Tracking \u2013 Informaci\u00f3n detallada de la trayectoria de la mercancia WLP \u2013 Worldwide Logistics Portugal, a trav\u00e9s [&hellip;]<\/p>\n","protected":false},"author":1,"featured_media":6826,"parent":0,"menu_order":0,"comment_status":"closed","ping_status":"closed","template":"","meta":{"om_disable_all_campaigns":false,"_monsterinsights_skip_tracking":false,"_monsterinsights_sitenote_active":false,"_monsterinsights_sitenote_note":"","_monsterinsights_sitenote_category":0,"_uf_show_specific_survey":0,"_uf_disable_surveys":false,"footnotes":""},"class_list":["post-7211","page","type-page","status-publish","has-post-thumbnail","hentry"],"_links":{"self":[{"href":"https:\/\/wlportugal.com\/es\/wp-json\/wp\/v2\/pages\/7211","targetHints":{"allow":["GET"]}}],"collection":[{"href":"https:\/\/wlportugal.com\/es\/wp-json\/wp\/v2\/pages"}],"about":[{"href":"https:\/\/wlportugal.com\/es\/wp-json\/wp\/v2\/types\/page"}],"author":[{"embeddable":true,"href":"https:\/\/wlportugal.com\/es\/wp-json\/wp\/v2\/users\/1"}],"replies":[{"embeddable":true,"href":"https:\/\/wlportugal.com\/es\/wp-json\/wp\/v2\/comments?post=7211"}],"version-history":[{"count":3,"href":"https:\/\/wlportugal.com\/es\/wp-json\/wp\/v2\/pages\/7211\/revisions"}],"predecessor-version":[{"id":10208,"href":"https:\/\/wlportugal.com\/es\/wp-json\/wp\/v2\/pages\/7211\/revisions\/10208"}],"wp:featuredmedia":[{"embeddable":true,"href":"https:\/\/wlportugal.com\/es\/wp-json\/wp\/v2\/media\/6826"}],"wp:attachment":[{"href":"https:\/\/wlportugal.com\/es\/wp-json\/wp\/v2\/media?parent=7211"}],"curies":[{"name":"wp","href":"https:\/\/api.w.org\/{rel}","templated":true}]}}