{"id":7215,"date":"2021-06-16T16:02:05","date_gmt":"2021-06-16T15:02:05","guid":{"rendered":"http:\/\/wlportugal.com\/23\/transporte-maritimo\/"},"modified":"2024-06-05T10:32:03","modified_gmt":"2024-06-05T09:32:03","slug":"transporte-maritimo","status":"publish","type":"page","link":"https:\/\/wlportugal.com\/es\/transporte-maritimo\/","title":{"rendered":"Transporte Mar\u00edtimo"},"content":{"rendered":"\t\t<div data-elementor-type=\"wp-page\" data-elementor-id=\"7215\" class=\"elementor elementor-7215 elementor-88\">\n\t\t\t\t\t\t<section class=\"elementor-section elementor-top-section elementor-element elementor-element-2ae2f1c0 elementor-section-boxed elementor-section-height-default elementor-section-height-default\" data-id=\"2ae2f1c0\" data-element_type=\"section\" data-e-type=\"section\">\n\t\t\t\t\t\t<div class=\"elementor-container elementor-column-gap-extended\">\n\t\t\t\t\t<div class=\"elementor-column elementor-col-66 elementor-top-column elementor-element elementor-element-3b2f52cf\" data-id=\"3b2f52cf\" data-element_type=\"column\" data-e-type=\"column\">\n\t\t\t<div class=\"elementor-widget-wrap elementor-element-populated\">\n\t\t\t\t\t\t<div class=\"elementor-element elementor-element-7439b991 elementor-widget elementor-widget-heading\" data-id=\"7439b991\" data-element_type=\"widget\" data-e-type=\"widget\" data-widget_type=\"heading.default\">\n\t\t\t\t<div class=\"elementor-widget-container\">\n\t\t\t\t\t<h4 class=\"elementor-heading-title elementor-size-default\">Transporte Mar\u00edtimo<\/h4>\t\t\t\t<\/div>\n\t\t\t\t<\/div>\n\t\t\t\t<div class=\"elementor-element elementor-element-5aa3183d elementor-widget elementor-widget-text-editor\" data-id=\"5aa3183d\" data-element_type=\"widget\" data-e-type=\"widget\" data-widget_type=\"text-editor.default\">\n\t\t\t\t<div class=\"elementor-widget-container\">\n\t\t\t\t\t\t\t\t\t<h3 class=\"vc_custom_heading\">Soluciones y Servicios de Transporte Mar\u00edtimo de Mercanc\u00edas<\/h3>\n\t\t\t\t\t\t\t\t<\/div>\n\t\t\t\t<\/div>\n\t\t\t\t<section class=\"elementor-section elementor-inner-section elementor-element elementor-element-4ea7ff9e elementor-section-boxed elementor-section-height-default elementor-section-height-default\" data-id=\"4ea7ff9e\" data-element_type=\"section\" data-e-type=\"section\">\n\t\t\t\t\t\t<div class=\"elementor-container elementor-column-gap-default\">\n\t\t\t\t\t<div class=\"elementor-column elementor-col-33 elementor-inner-column elementor-element elementor-element-66518d03\" data-id=\"66518d03\" data-element_type=\"column\" data-e-type=\"column\">\n\t\t\t<div class=\"elementor-widget-wrap elementor-element-populated\">\n\t\t\t\t\t\t<div class=\"elementor-element elementor-element-14af425a elementor-widget elementor-widget-text-editor\" data-id=\"14af425a\" data-element_type=\"widget\" data-e-type=\"widget\" data-widget_type=\"text-editor.default\">\n\t\t\t\t<div class=\"elementor-widget-container\">\n\t\t\t\t\t\t\t\t\t<ul>\n<li>FCL \u2013 Contenedor Completo con Cobertura Mundial<\/li>\n<li>\n<div id=\"list-icon-wrap-6071\" class=\"uavc-list-content\"><span class=\"uavc-list-desc ult-responsive\" data-ultimate-target=\"#list-icon-wrap-6071 .uavc-list-desc\" data-responsive-json-new=\"{\"font-size\":\"\",\"line-height\":\"\"}\">LCL \u2013 Servicio de Grupaje con Cobertura Mundial<\/span><\/div>\n<\/li>\n<li>\n<div id=\"list-icon-wrap-6432\" class=\"uavc-list-content\"><span class=\"uavc-list-desc ult-responsive\" data-ultimate-target=\"#list-icon-wrap-6432 .uavc-list-desc\" data-responsive-json-new=\"{\"font-size\":\"\",\"line-height\":\"\"}\">Transportes Especiales (<em>Reefer, Flexitank, Bulk, etc.<\/em>)<\/span><\/div>\n<\/li>\n<\/ul>\n\t\t\t\t\t\t\t\t<\/div>\n\t\t\t\t<\/div>\n\t\t\t\t\t<\/div>\n\t\t<\/div>\n\t\t\t\t<div class=\"elementor-column elementor-col-33 elementor-inner-column elementor-element elementor-element-335c4b09\" data-id=\"335c4b09\" data-element_type=\"column\" data-e-type=\"column\">\n\t\t\t<div class=\"elementor-widget-wrap elementor-element-populated\">\n\t\t\t\t\t\t<div class=\"elementor-element elementor-element-67130d23 elementor-widget elementor-widget-text-editor\" data-id=\"67130d23\" data-element_type=\"widget\" data-e-type=\"widget\" data-widget_type=\"text-editor.default\">\n\t\t\t\t<div class=\"elementor-widget-container\">\n\t\t\t\t\t\t\t\t\t<ul>\n<li>Tracking \u2013 Informaci\u00f3n detallada de la trayectoria de la mercancia<\/li>\n<li>Cross Trade<\/li>\n<li>\n<div id=\"list-icon-wrap-7398\" class=\"uavc-list-content\"><span class=\"uavc-list-desc ult-responsive\" data-ultimate-target=\"#list-icon-wrap-7398 .uavc-list-desc\" data-responsive-json-new=\"{\"font-size\":\"\",\"line-height\":\"\"}\">Despacho de Aduanas<\/span><\/div>\n<\/li>\n<\/ul>\n\t\t\t\t\t\t\t\t<\/div>\n\t\t\t\t<\/div>\n\t\t\t\t\t<\/div>\n\t\t<\/div>\n\t\t\t\t<div class=\"elementor-column elementor-col-33 elementor-inner-column elementor-element elementor-element-5f0615e2\" data-id=\"5f0615e2\" data-element_type=\"column\" data-e-type=\"column\">\n\t\t\t<div class=\"elementor-widget-wrap elementor-element-populated\">\n\t\t\t\t\t\t<div class=\"elementor-element elementor-element-cf4915d elementor-widget elementor-widget-text-editor\" data-id=\"cf4915d\" data-element_type=\"widget\" data-e-type=\"widget\" data-widget_type=\"text-editor.default\">\n\t\t\t\t<div class=\"elementor-widget-container\">\n\t\t\t\t\t\t\t\t\t<ul>\n<li>\n<div id=\"list-icon-wrap-1013\" class=\"uavc-list-content\"><span class=\"uavc-list-desc ult-responsive\" data-ultimate-target=\"#list-icon-wrap-1013 .uavc-list-desc\" data-responsive-json-new=\"{\"font-size\":\"\",\"line-height\":\"\"}\">Seguro de Transporte<\/span><\/div>\n<\/li>\n<li>\n<div id=\"list-icon-wrap-2535\" class=\"uavc-list-content\"><span class=\"uavc-list-desc ult-responsive\" data-ultimate-target=\"#list-icon-wrap-2535 .uavc-list-desc\" data-responsive-json-new=\"{\"font-size\":\"\",\"line-height\":\"\"}\">Transporte Intermodal<\/span><\/div>\n<\/li>\n<li>\n<div id=\"list-icon-wrap-2535\" class=\"uavc-list-content\">\n<p><span class=\"uavc-list-desc ult-responsive\" data-ultimate-target=\"#list-icon-wrap-4521 .uavc-list-desc\" data-responsive-json-new=\"{\"font-size\":\"\",\"line-height\":\"\"}\">Proyecto Llave en Mano<\/span><\/p>\n<div id=\"list-icon-wrap-7398\" class=\"uavc-list-content\"> <\/div>\n<\/div>\n<\/li>\n<\/ul>\n\t\t\t\t\t\t\t\t<\/div>\n\t\t\t\t<\/div>\n\t\t\t\t\t<\/div>\n\t\t<\/div>\n\t\t\t\t\t<\/div>\n\t\t<\/section>\n\t\t\t\t<div class=\"elementor-element elementor-element-4c218018 elementor-widget elementor-widget-text-editor\" data-id=\"4c218018\" data-element_type=\"widget\" data-e-type=\"widget\" data-widget_type=\"text-editor.default\">\n\t\t\t\t<div class=\"elementor-widget-container\">\n\t\t\t\t\t\t\t\t\t<p>El Servicio de Transporte Mar\u00edtimo de Mercanc\u00edas es el que presenta la <strong>mejor relaci\u00f3n precio\/volumen<\/strong> de carga y es el m\u00e1s indicado para el transporte de cargas pesadas o de dimensiones se\u00f1alables.<\/p>\n<p><strong>WLP \u2013 Worldwide Logistics Portugal \u2013 tiene una amplia experiencia en el suministro de soluciones y servicios de transporte de mercanc\u00edas por mar.<\/strong><\/p>\n<p>Trabajando con las mayores empresas de carga mar\u00edtima a nivel mundial, <strong>dise\u00f1amos<\/strong> con las diferentes opciones disponibles, <strong>las soluciones que mejor respondan a las necesidades de nuestros clientes.<\/strong><\/p>\n<p>Si desea buscar servicios de contenedor completo, grupaje o servicios especiales de transporte (Carga de grandes dimensiones, contenedor refrigerado, transporte de l\u00edquidos, etc.) WLP le presenta las soluciones m\u00e1s adecuadas, <strong>teniendo en cuenta factores como el tiempo, el precio o la seguridad<\/strong>.<\/p>\n<p>Tratamos de todas las <strong>cuestiones administrativas, formalidades aduaneras, seguros de transporte<\/strong>, etc, de modo que no tenga que preocuparse por nada.<\/p>\n<p>Ofrecemos a nuestros clientes un <strong>servicio de tracking i<\/strong>nform\u00e1ndoles regularmente de los diferentes puntos en el recorrido en que se encuentra el transporte de sus mercanc\u00edas.<\/p>\n<p>Combinamos la utilizaci\u00f3n del medio mar\u00edtimo con tierra y, o, a\u00e9reo, para ofrecer a nuestros clientes <strong>soluciones de transporte intermodal o multimodal de mercanc\u00edas.<\/strong><\/p>\n\t\t\t\t\t\t\t\t<\/div>\n\t\t\t\t<\/div>\n\t\t\t\t\t<\/div>\n\t\t<\/div>\n\t\t\t\t<div class=\"elementor-column elementor-col-33 elementor-top-column elementor-element elementor-element-d44635b elementor-hidden-tablet elementor-hidden-phone\" data-id=\"d44635b\" data-element_type=\"column\" data-e-type=\"column\">\n\t\t\t<div class=\"elementor-widget-wrap elementor-element-populated\">\n\t\t\t\t\t\t<div class=\"elementor-element elementor-element-2be1c0bb elementor-widget elementor-widget-transx_links_list\" data-id=\"2be1c0bb\" data-element_type=\"widget\" data-e-type=\"widget\" data-widget_type=\"transx_links_list.default\">\n\t\t\t\t<div class=\"elementor-widget-container\">\n\t\t\t\t\t\n        <div class=\"transx_links_list_widget\">\n            <div class=\"transx_links_list_wrapper transx_view_type_2\">\n                <h5 class=\"transx_links_list_title\">Otros Servicios<\/h5>\n\n                                            <a class=\"transx_links_list_item\" href=\"https:\/\/wlportugal.com\/es\/transporte-aereo\/\" >\n                                <img decoding=\"async\" class=\"transx_img--bg\" src=\"https:\/\/wlportugal.com\/wp-content\/uploads\/2021\/07\/services_new_3.jpg\" alt=\"Background Image\" title=\"\">\n                                <h6>Transporte A\u00e9reo<\/h6>\n                                <span class=\"transx_links_list_counter\">01<\/span>\n                            <\/a>\n                                                        <a class=\"transx_links_list_item\" href=\"https:\/\/wlportugal.com\/es\/transporte-terrestre\/\" >\n                                <img decoding=\"async\" class=\"transx_img--bg\" src=\"https:\/\/demo.artureanec.com\/themes\/transx-new\/wp-content\/uploads\/2021\/06\/other_2-1.jpg\" alt=\"Background Image\" title=\"\">\n                                <h6>Transporte Terrestre<\/h6>\n                                <span class=\"transx_links_list_counter\">02<\/span>\n                            <\/a>\n                                                        <a class=\"transx_links_list_item\" href=\"https:\/\/wlportugal.com\/es\/almacenamiento-y-logistica\/\" >\n                                <img decoding=\"async\" class=\"transx_img--bg\" src=\"https:\/\/wlportugal.com\/wp-content\/uploads\/2023\/07\/empty-warehouse-in-logistic-center-2022-12-16-12-00-18-utc.jpg\" alt=\"Background Image\" title=\"\">\n                                <h6>Almacenamiento &amp; Log\u00edstica<\/h6>\n                                <span class=\"transx_links_list_counter\">03<\/span>\n                            <\/a>\n                                                            <\/div>\n        <\/div>\n\n        \t\t\t\t<\/div>\n\t\t\t\t<\/div>\n\t\t\t\t<div class=\"elementor-element elementor-element-6882d166 elementor-widget elementor-widget-html\" data-id=\"6882d166\" data-element_type=\"widget\" data-e-type=\"widget\" data-widget_type=\"html.default\">\n\t\t\t\t<div class=\"elementor-widget-container\">\n\t\t\t\t\t<div class=\"transx_contact-trigger transx_contact-trigger--style-2\">\n\t<img decoding=\"async\" class=\"transx_contact-trigger__img\" src=\"https:\/\/demo.artureanec.com\/themes\/transx\/wp-content\/uploads\/2021\/04\/contact_background.png\" alt=\"img\" title=\"\">\n\n\t<h4 class=\"transx_contact-trigger__title\">D\u00edganos c\u00f3mo podemos ayudar<\/h4>\n\n\t<p class=\"transx_contact-trigger__text\">\u00bfDesea que nos pongamos en contacto con usted?<\/p>\n\n\t<a class=\"transx_button\" href=\"http:\/\/wlportugal.com\/23\/es\/contactos-oporto\/\">\n\t\t<span>Obtener contacto<\/span>\n\t\t<svg class=\"icon\">\n\t\t\t<svg viewbox=\"0 0 150 78.6\" xmlns=\"http:\/\/www.w3.org\/2000\/svg\"><path d=\"M0 31.5h150v12.7H0V31.5zM112.8-.1l30.9 31.5-8.8 9L104 8.9l8.8-9zm18.1 51l-18.4 18.8 8.9 9 18.4-18.8-8.9-9z\"\/><\/svg>\n\t\t<\/svg>\n\t<\/a>\n<\/div>\t\t\t\t<\/div>\n\t\t\t\t<\/div>\n\t\t\t\t\t<\/div>\n\t\t<\/div>\n\t\t\t\t\t<\/div>\n\t\t<\/section>\n\t\t\t\t<\/div>\n\t\t","protected":false},"excerpt":{"rendered":"<p>Transporte Mar\u00edtimo Soluciones y Servicios de Transporte Mar\u00edtimo de Mercanc\u00edas FCL \u2013 Contenedor Completo con Cobertura Mundial LCL \u2013 Servicio de Grupaje con Cobertura Mundial Transportes Especiales (Reefer, Flexitank, Bulk, etc.) Tracking \u2013 Informaci\u00f3n detallada de la trayectoria de la mercancia Cross Trade Despacho de Aduanas Seguro de Transporte Transporte Intermodal Proyecto Llave en Mano [&hellip;]<\/p>\n","protected":false},"author":1,"featured_media":6750,"parent":0,"menu_order":0,"comment_status":"closed","ping_status":"closed","template":"","meta":{"om_disable_all_campaigns":false,"_monsterinsights_skip_tracking":false,"_monsterinsights_sitenote_active":false,"_monsterinsights_sitenote_note":"","_monsterinsights_sitenote_category":0,"_uf_show_specific_survey":0,"_uf_disable_surveys":false,"footnotes":""},"class_list":["post-7215","page","type-page","status-publish","has-post-thumbnail","hentry"],"_links":{"self":[{"href":"https:\/\/wlportugal.com\/es\/wp-json\/wp\/v2\/pages\/7215","targetHints":{"allow":["GET"]}}],"collection":[{"href":"https:\/\/wlportugal.com\/es\/wp-json\/wp\/v2\/pages"}],"about":[{"href":"https:\/\/wlportugal.com\/es\/wp-json\/wp\/v2\/types\/page"}],"author":[{"embeddable":true,"href":"https:\/\/wlportugal.com\/es\/wp-json\/wp\/v2\/users\/1"}],"replies":[{"embeddable":true,"href":"https:\/\/wlportugal.com\/es\/wp-json\/wp\/v2\/comments?post=7215"}],"version-history":[{"count":3,"href":"https:\/\/wlportugal.com\/es\/wp-json\/wp\/v2\/pages\/7215\/revisions"}],"predecessor-version":[{"id":10202,"href":"https:\/\/wlportugal.com\/es\/wp-json\/wp\/v2\/pages\/7215\/revisions\/10202"}],"wp:featuredmedia":[{"embeddable":true,"href":"https:\/\/wlportugal.com\/es\/wp-json\/wp\/v2\/media\/6750"}],"wp:attachment":[{"href":"https:\/\/wlportugal.com\/es\/wp-json\/wp\/v2\/media?parent=7215"}],"curies":[{"name":"wp","href":"https:\/\/api.w.org\/{rel}","templated":true}]}}