{"id":7221,"date":"2021-06-16T15:53:35","date_gmt":"2021-06-16T14:53:35","guid":{"rendered":"https:\/\/wlportugal.com\/23\/noticias-press-releases\/"},"modified":"2023-10-18T18:00:29","modified_gmt":"2023-10-18T17:00:29","slug":"noticias-press-releases","status":"publish","type":"page","link":"https:\/\/wlportugal.com\/es\/noticias-press-releases\/","title":{"rendered":"Noticias &amp; Press Releases"},"content":{"rendered":"\t\t<div data-elementor-type=\"wp-page\" data-elementor-id=\"7221\" class=\"elementor elementor-7221 elementor-36\">\n\t\t\t\t\t\t<section class=\"elementor-section elementor-top-section elementor-element elementor-element-3561e36f elementor-section-boxed elementor-section-height-default elementor-section-height-default\" data-id=\"3561e36f\" data-element_type=\"section\" data-e-type=\"section\">\n\t\t\t\t\t\t<div class=\"elementor-container elementor-column-gap-default\">\n\t\t\t\t\t<div class=\"elementor-column elementor-col-100 elementor-top-column elementor-element elementor-element-54b91072\" data-id=\"54b91072\" data-element_type=\"column\" data-e-type=\"column\">\n\t\t\t<div class=\"elementor-widget-wrap elementor-element-populated\">\n\t\t\t\t\t\t<div class=\"elementor-element elementor-element-43bce01d elementor-widget elementor-widget-transx_blog_listing\" data-id=\"43bce01d\" data-element_type=\"widget\" data-e-type=\"widget\" data-widget_type=\"transx_blog_listing.default\">\n\t\t\t\t<div class=\"elementor-widget-container\">\n\t\t\t\t\t\n        <div class=\"transx_blog_listing_widget\">\n            <div class=\"transx_blog_listing_wrapper transx_view_type_1\">\n                                        <div class=\"transx_blog_listing_item\">\n                                                            <div class=\"transx_blog_listing_image_container\">\n                                    \n                                    <img decoding=\"async\" class=\"transx_img--bg\" src=\"https:\/\/wlportugal.com\/wp-content\/uploads\/2026\/05\/digitalizacao-na-logistica-wlp-1200x598.jpg\" alt=\"Featured Image\" title=\"\">\n                                    <div class=\"transx_post_cat_cont\">\n                                        <div class=\"transx_post_cat_wrapper\"><a href=\"https:\/\/wlportugal.com\/es\/category\/articulos\/\" class=\"link link_text\">Art\u00edculos<\/a>, <a href=\"https:\/\/wlportugal.com\/es\/category\/blog-es\/\" class=\"link link_text\">Blog<\/a><\/div>\n                                    <\/div>\n                                <\/div>\n                                \n                            <div class=\"transx_blog_listing_content_wrapper\">\n                                <div class=\"transx_blog_listing_meta\">\n                                    <span class=\"transx_blog_listing_date\">7 de mayo de 2026<\/span>\n                                    <span class=\"transx_separator\">\/<\/span>\n                                    <span class=\"transx_blog_listing_author\">by WLP<\/span>\n                                <\/div>\n\n                                                                    <h3 class=\"transx_blog_listing_title\">\n                                        <a href=\"https:\/\/wlportugal.com\/es\/digitalizacion-en-la-logistica-como-la-tecnologia-esta-transformando-el-transporte-internacional\/\">Digitalizaci\u00f3n en la Log\u00edstica: C\u00f3mo la Tecnolog\u00eda Est\u00e1 Transformando el Transporte Internacional<\/a>\n                                    <\/h3>\n                                                                        <p class=\"transx_blog_listing_excerpt\">Digitalizaci\u00f3n en la Log\u00edstica: C\u00f3mo la Tecnolog\u00eda Est\u00e1 Transformando el Transporte Internacional La digitalizaci\u00f3n en la log\u00edstica ha dejado de ser solo una tendencia tecnol\u00f3gica para convertirse en un factor estrat\u00e9gico de competitividad. En un sector...<\/p>\n                                    \n                                <a class=\"transx_button transx_button--primary\" href=\"https:\/\/wlportugal.com\/es\/digitalizacion-en-la-logistica-como-la-tecnologia-esta-transformando-el-transporte-internacional\/\">Explore More<\/a>\n                            <\/div>\n                        <\/div>\n                                                <div class=\"transx_blog_listing_item\">\n                                                            <div class=\"transx_blog_listing_image_container\">\n                                    \n                                    <img decoding=\"async\" class=\"transx_img--bg\" src=\"https:\/\/wlportugal.com\/wp-content\/uploads\/2026\/04\/Sustentabilidade-na-Logistica-Global-1200x598.webp\" alt=\"Featured Image\" title=\"\">\n                                    <div class=\"transx_post_cat_cont\">\n                                        <div class=\"transx_post_cat_wrapper\"><a href=\"https:\/\/wlportugal.com\/es\/category\/articulos\/\" class=\"link link_text\">Art\u00edculos<\/a>, <a href=\"https:\/\/wlportugal.com\/es\/category\/blog-es\/\" class=\"link link_text\">Blog<\/a><\/div>\n                                    <\/div>\n                                <\/div>\n                                \n                            <div class=\"transx_blog_listing_content_wrapper\">\n                                <div class=\"transx_blog_listing_meta\">\n                                    <span class=\"transx_blog_listing_date\">30 de abril de 2026<\/span>\n                                    <span class=\"transx_separator\">\/<\/span>\n                                    <span class=\"transx_blog_listing_author\">by WLP<\/span>\n                                <\/div>\n\n                                                                    <h3 class=\"transx_blog_listing_title\">\n                                        <a href=\"https:\/\/wlportugal.com\/es\/sostenibilidad-en-la-logistica-global-de-tendencia-a-exigencia-estrategica\/\">Sostenibilidad en la Log\u00edstica Global: De Tendencia a Exigencia Estrat\u00e9gica<\/a>\n                                    <\/h3>\n                                                                        <p class=\"transx_blog_listing_excerpt\">Sostenibilidad en la Log\u00edstica Global: De Tendencia a Exigencia Estrat\u00e9gica La sostenibilidad en la log\u00edstica global ha dejado de ser un tema secundario para convertirse en un factor cr\u00edtico de competitividad. Hoy en d\u00eda, las empresas exportadoras e...<\/p>\n                                    \n                                <a class=\"transx_button transx_button--primary\" href=\"https:\/\/wlportugal.com\/es\/sostenibilidad-en-la-logistica-global-de-tendencia-a-exigencia-estrategica\/\">Explore More<\/a>\n                            <\/div>\n                        <\/div>\n                                                <div class=\"transx_blog_listing_item\">\n                                                            <div class=\"transx_blog_listing_image_container\">\n                                    \n                                    <img decoding=\"async\" class=\"transx_img--bg\" src=\"https:\/\/wlportugal.com\/wp-content\/uploads\/2026\/04\/transporte-multimodal-estrategico-1200x598.webp\" alt=\"Featured Image\" title=\"\">\n                                    <div class=\"transx_post_cat_cont\">\n                                        <div class=\"transx_post_cat_wrapper\"><a href=\"https:\/\/wlportugal.com\/es\/category\/articulos\/\" class=\"link link_text\">Art\u00edculos<\/a>, <a href=\"https:\/\/wlportugal.com\/es\/category\/blog-es\/\" class=\"link link_text\">Blog<\/a><\/div>\n                                    <\/div>\n                                <\/div>\n                                \n                            <div class=\"transx_blog_listing_content_wrapper\">\n                                <div class=\"transx_blog_listing_meta\">\n                                    <span class=\"transx_blog_listing_date\">24 de abril de 2026<\/span>\n                                    <span class=\"transx_separator\">\/<\/span>\n                                    <span class=\"transx_blog_listing_author\">by WLP<\/span>\n                                <\/div>\n\n                                                                    <h3 class=\"transx_blog_listing_title\">\n                                        <a href=\"https:\/\/wlportugal.com\/es\/transporte-multimodal-estrategico-como-optimizar-costes-y-ganar-ventaja-competitiva\/\">Transporte Multimodal Estrat\u00e9gico: C\u00f3mo Optimizar Costes y Ganar Ventaja Competitiva<\/a>\n                                    <\/h3>\n                                                                        <p class=\"transx_blog_listing_excerpt\">Transporte Multimodal Estrat\u00e9gico: C\u00f3mo Optimizar Costes y Ganar Ventaja Competitiva En un entorno global cada vez m\u00e1s competitivo, donde los plazos, los costes y la fiabilidad son determinantes, el transporte multimodal estrat\u00e9gico desempe\u00f1a un papel...<\/p>\n                                    \n                                <a class=\"transx_button transx_button--primary\" href=\"https:\/\/wlportugal.com\/es\/transporte-multimodal-estrategico-como-optimizar-costes-y-ganar-ventaja-competitiva\/\">Explore More<\/a>\n                            <\/div>\n                        <\/div>\n                                    <\/div>\n\n                            <div class=\"transx_pagination\">\n                    \n\t<nav class=\"navigation pagination\" aria-label=\"Paginaci\u00f3n de entradas\">\n\t\t<h2 class=\"screen-reader-text\">Paginaci\u00f3n de entradas<\/h2>\n\t\t<div class=\"nav-links\"><span aria-current=\"page\" class=\"page-numbers current\">1<\/span>\n<a class=\"page-numbers\" href=\"https:\/\/wlportugal.com\/es\/wp-json\/wp\/v2\/pages\/7221\/page\/2\/\">2<\/a>\n<span class=\"page-numbers dots\">&hellip;<\/span>\n<a class=\"page-numbers\" href=\"https:\/\/wlportugal.com\/es\/wp-json\/wp\/v2\/pages\/7221\/page\/29\/\">29<\/a>\n<a class=\"next page-numbers\" href=\"https:\/\/wlportugal.com\/es\/wp-json\/wp\/v2\/pages\/7221\/page\/2\/\">Next<\/a><\/div>\n\t<\/nav>                <\/div>\n                        <\/div>\n        \t\t\t\t<\/div>\n\t\t\t\t<\/div>\n\t\t\t\t\t<\/div>\n\t\t<\/div>\n\t\t\t\t\t<\/div>\n\t\t<\/section>\n\t\t\t\t<\/div>\n\t\t","protected":false},"excerpt":{"rendered":"","protected":false},"author":1,"featured_media":7565,"parent":0,"menu_order":0,"comment_status":"closed","ping_status":"closed","template":"","meta":{"om_disable_all_campaigns":false,"_monsterinsights_skip_tracking":false,"_monsterinsights_sitenote_active":false,"_monsterinsights_sitenote_note":"","_monsterinsights_sitenote_category":0,"_uf_show_specific_survey":0,"_uf_disable_surveys":false,"footnotes":""},"class_list":["post-7221","page","type-page","status-publish","has-post-thumbnail","hentry"],"_links":{"self":[{"href":"https:\/\/wlportugal.com\/es\/wp-json\/wp\/v2\/pages\/7221","targetHints":{"allow":["GET"]}}],"collection":[{"href":"https:\/\/wlportugal.com\/es\/wp-json\/wp\/v2\/pages"}],"about":[{"href":"https:\/\/wlportugal.com\/es\/wp-json\/wp\/v2\/types\/page"}],"author":[{"embeddable":true,"href":"https:\/\/wlportugal.com\/es\/wp-json\/wp\/v2\/users\/1"}],"replies":[{"embeddable":true,"href":"https:\/\/wlportugal.com\/es\/wp-json\/wp\/v2\/comments?post=7221"}],"version-history":[{"count":0,"href":"https:\/\/wlportugal.com\/es\/wp-json\/wp\/v2\/pages\/7221\/revisions"}],"wp:featuredmedia":[{"embeddable":true,"href":"https:\/\/wlportugal.com\/es\/wp-json\/wp\/v2\/media\/7565"}],"wp:attachment":[{"href":"https:\/\/wlportugal.com\/es\/wp-json\/wp\/v2\/media?parent=7221"}],"curies":[{"name":"wp","href":"https:\/\/api.w.org\/{rel}","templated":true}]}}