{"id":7231,"date":"2023-07-07T21:00:25","date_gmt":"2023-07-07T20:00:25","guid":{"rendered":"http:\/\/wlportugal.com\/23\/responsabilidad-social\/"},"modified":"2024-04-05T18:50:44","modified_gmt":"2024-04-05T17:50:44","slug":"responsabilidad-social","status":"publish","type":"page","link":"https:\/\/wlportugal.com\/es\/responsabilidad-social\/","title":{"rendered":"Responsabilidad Social"},"content":{"rendered":"\t\t<div data-elementor-type=\"wp-page\" data-elementor-id=\"7231\" class=\"elementor elementor-7231 elementor-4832\">\n\t\t\t\t\t\t<section class=\"elementor-section elementor-top-section elementor-element elementor-element-d18e32b elementor-section-boxed elementor-section-height-default elementor-section-height-default\" data-id=\"d18e32b\" data-element_type=\"section\" data-e-type=\"section\">\n\t\t\t\t\t\t<div class=\"elementor-container elementor-column-gap-default\">\n\t\t\t\t\t<div class=\"elementor-column elementor-col-100 elementor-top-column elementor-element elementor-element-7376d93\" data-id=\"7376d93\" data-element_type=\"column\" data-e-type=\"column\">\n\t\t\t<div class=\"elementor-widget-wrap elementor-element-populated\">\n\t\t\t\t\t\t<div class=\"elementor-element elementor-element-69dc06d elementor-widget elementor-widget-transx_heading\" data-id=\"69dc06d\" data-element_type=\"widget\" data-e-type=\"widget\" data-widget_type=\"transx_heading.default\">\n\t\t\t\t<div class=\"elementor-widget-container\">\n\t\t\t\t\t\n        <div class=\"transx_heading_widget\">\n                                <div class=\"transx_up_heading\">Responsabilidad Social<\/div>\n                    \n                <h2 class=\"transx_heading\">\n                    <span>Pr\u00e1cticas comerciales responsables  <\/span> en todas nuestras actividades                <\/h2>\n                        <\/div>\n        \t\t\t\t<\/div>\n\t\t\t\t<\/div>\n\t\t\t\t\t<\/div>\n\t\t<\/div>\n\t\t\t\t\t<\/div>\n\t\t<\/section>\n\t\t\t\t<section class=\"elementor-section elementor-top-section elementor-element elementor-element-138211a elementor-section-boxed elementor-section-height-default elementor-section-height-default\" data-id=\"138211a\" data-element_type=\"section\" data-e-type=\"section\">\n\t\t\t\t\t\t<div class=\"elementor-container elementor-column-gap-default\">\n\t\t\t\t\t<div class=\"elementor-column elementor-col-100 elementor-top-column elementor-element elementor-element-bffa42f\" data-id=\"bffa42f\" data-element_type=\"column\" data-e-type=\"column\">\n\t\t\t<div class=\"elementor-widget-wrap elementor-element-populated\">\n\t\t\t\t\t\t<div class=\"elementor-element elementor-element-c37df0f elementor-widget elementor-widget-text-editor\" data-id=\"c37df0f\" data-element_type=\"widget\" data-e-type=\"widget\" data-widget_type=\"text-editor.default\">\n\t\t\t\t<div class=\"elementor-widget-container\">\n\t\t\t\t\t\t\t\t\t<p>En WLP estamos empe\u00f1ados en integrar las pr\u00e1cticas empresariales responsables en todas nuestras actividades, no s\u00f3lo con palabras, sino Tambi\u00e9n con Acciones. Con nuestro compromiso de Responsabilidad Social Corporativa, pretendemos tener un impacto positivo no s\u00f3lo en el mercado, sino tambi\u00e9n en el lugar de trabajo, el medio ambiente y la comunidad.<\/p>\n\t\t\t\t\t\t\t\t<\/div>\n\t\t\t\t<\/div>\n\t\t\t\t<div class=\"elementor-element elementor-element-e0a3835 elementor-widget elementor-widget-spacer\" data-id=\"e0a3835\" data-element_type=\"widget\" data-e-type=\"widget\" data-widget_type=\"spacer.default\">\n\t\t\t\t<div class=\"elementor-widget-container\">\n\t\t\t\t\t\t\t<div class=\"elementor-spacer\">\n\t\t\t<div class=\"elementor-spacer-inner\"><\/div>\n\t\t<\/div>\n\t\t\t\t\t\t<\/div>\n\t\t\t\t<\/div>\n\t\t\t\t\t<\/div>\n\t\t<\/div>\n\t\t\t\t\t<\/div>\n\t\t<\/section>\n\t\t\t\t<section class=\"elementor-section elementor-top-section elementor-element elementor-element-f44a591 elementor-section-boxed elementor-section-height-default elementor-section-height-default\" data-id=\"f44a591\" data-element_type=\"section\" data-e-type=\"section\">\n\t\t\t\t\t\t<div class=\"elementor-container elementor-column-gap-default\">\n\t\t\t\t\t<div class=\"elementor-column elementor-col-100 elementor-top-column elementor-element elementor-element-fb8de0f\" data-id=\"fb8de0f\" data-element_type=\"column\" data-e-type=\"column\">\n\t\t\t<div class=\"elementor-widget-wrap elementor-element-populated\">\n\t\t\t\t\t\t<div class=\"elementor-element elementor-element-445621c elementor-widget elementor-widget-text-editor\" data-id=\"445621c\" data-element_type=\"widget\" data-e-type=\"widget\" data-widget_type=\"text-editor.default\">\n\t\t\t\t<div class=\"elementor-widget-container\">\n\t\t\t\t\t\t\t\t\t<div class=\"vc_row wpb_row vc_row-fluid\">\n<div class=\"parallax-wrapper\">\n<div class=\"wpb_column vc_column_container vc_col-sm-12\">\n<div class=\"vc_column-inner\">\n<div class=\"wpb_wrapper\">\n<div class=\"wpb_text_column wpb_content_element \">\n<div class=\"wpb_wrapper\">\n<h4>Pony Club de Oporto<\/h4>\n<\/div>\n<\/div>\n<\/div>\n<\/div>\n<\/div>\n<\/div>\n<\/div>\n\t\t\t\t\t\t\t\t<\/div>\n\t\t\t\t<\/div>\n\t\t\t\t\t<\/div>\n\t\t<\/div>\n\t\t\t\t\t<\/div>\n\t\t<\/section>\n\t\t\t\t<section class=\"elementor-section elementor-top-section elementor-element elementor-element-e199499 elementor-section-boxed elementor-section-height-default elementor-section-height-default\" data-id=\"e199499\" data-element_type=\"section\" data-e-type=\"section\">\n\t\t\t\t\t\t<div class=\"elementor-container elementor-column-gap-default\">\n\t\t\t\t\t<div class=\"elementor-column elementor-col-33 elementor-top-column elementor-element elementor-element-de7a318\" data-id=\"de7a318\" data-element_type=\"column\" data-e-type=\"column\">\n\t\t\t<div class=\"elementor-widget-wrap elementor-element-populated\">\n\t\t\t\t\t\t<div class=\"elementor-element elementor-element-aa956ff elementor-widget elementor-widget-image\" data-id=\"aa956ff\" data-element_type=\"widget\" data-e-type=\"widget\" data-widget_type=\"image.default\">\n\t\t\t\t<div class=\"elementor-widget-container\">\n\t\t\t\t\t\t\t\t\t\t\t\t\t\t\t<img decoding=\"async\" width=\"175\" height=\"180\" src=\"https:\/\/wlportugal.com\/wp-content\/uploads\/2019\/05\/pony-club-porto-2.jpg\" class=\"attachment-medium size-medium wp-image-6290\" alt=\"\" title=\"\">\t\t\t\t\t\t\t\t\t\t\t\t\t\t\t<\/div>\n\t\t\t\t<\/div>\n\t\t\t\t\t<\/div>\n\t\t<\/div>\n\t\t\t\t<div class=\"elementor-column elementor-col-66 elementor-top-column elementor-element elementor-element-4ceb416\" data-id=\"4ceb416\" data-element_type=\"column\" data-e-type=\"column\">\n\t\t\t<div class=\"elementor-widget-wrap elementor-element-populated\">\n\t\t\t\t\t\t<div class=\"elementor-element elementor-element-2ce0c39 elementor-widget elementor-widget-text-editor\" data-id=\"2ce0c39\" data-element_type=\"widget\" data-e-type=\"widget\" data-widget_type=\"text-editor.default\">\n\t\t\t\t<div class=\"elementor-widget-container\">\n\t\t\t\t\t\t\t\t\t<h3>Pony Club de Oporto<\/h3>\n<div class=\"wpb_text_column wpb_content_element \">\n<div class=\"wpb_wrapper\">\n<p>Asociaci\u00f3n de Solidaridad Social<br \/>IBAN: PT50 0036 0407 9910 6002 83274<br \/>NIF: 516 685 722<\/p>\n<\/div>\n<\/div>\n\t\t\t\t\t\t\t\t<\/div>\n\t\t\t\t<\/div>\n\t\t\t\t<div class=\"elementor-element elementor-element-31de928 elementor-widget elementor-widget-spacer\" data-id=\"31de928\" data-element_type=\"widget\" data-e-type=\"widget\" data-widget_type=\"spacer.default\">\n\t\t\t\t<div class=\"elementor-widget-container\">\n\t\t\t\t\t\t\t<div class=\"elementor-spacer\">\n\t\t\t<div class=\"elementor-spacer-inner\"><\/div>\n\t\t<\/div>\n\t\t\t\t\t\t<\/div>\n\t\t\t\t<\/div>\n\t\t\t\t<div class=\"elementor-element elementor-element-ebe8c2e elementor-widget elementor-widget-text-editor\" data-id=\"ebe8c2e\" data-element_type=\"widget\" data-e-type=\"widget\" data-widget_type=\"text-editor.default\">\n\t\t\t\t<div class=\"elementor-widget-container\">\n\t\t\t\t\t\t\t\t\t<div class=\"wpb_text_column wpb_content_element \">\n<div class=\"wpb_wrapper\">\n<p>Con una motivaci\u00f3n fuerte de extender su recorrido emprendedor a causas sociales, WLP decidi\u00f3 apoyar al Pony Club de Oporto.<\/p>\n<p>El Pony Club es una instituci\u00f3n particular de solidaridad social y su misi\u00f3n humanitaria pasa por proporcionar el acceso a pr\u00e1cticas deportivas y terap\u00e9uticas de forma inclusiva, sin fronteras de orden econ\u00f3mico o social.<\/p>\n<p>El Pony Club surgi\u00f3 para apoyar a ni\u00f1os y personas con necesidades especiales, f\u00edsicas y\/o mentales, en su desarrollo biol\u00f3gico y psicosocial. La estrategia de la instituci\u00f3n es estimular las potencialidades de cada una de estas personas especiales a trav\u00e9s de actividades de equitaci\u00f3n.<\/p>\n<\/div>\n<\/div>\n<div class=\"wpb_text_column wpb_content_element \">\n<div class=\"wpb_wrapper\">\n<p>A WLP decidi\u00f3 unirse a esta causa y es uno de los patrocinadores de esta instituci\u00f3n.<\/p>\n<\/div>\n<\/div>\n\t\t\t\t\t\t\t\t<\/div>\n\t\t\t\t<\/div>\n\t\t\t\t\t<\/div>\n\t\t<\/div>\n\t\t\t\t\t<\/div>\n\t\t<\/section>\n\t\t\t\t<section class=\"elementor-section elementor-top-section elementor-element elementor-element-3625c43 elementor-section-boxed elementor-section-height-default elementor-section-height-default\" data-id=\"3625c43\" data-element_type=\"section\" data-e-type=\"section\">\n\t\t\t\t\t\t<div class=\"elementor-container elementor-column-gap-default\">\n\t\t\t\t\t<div class=\"elementor-column elementor-col-100 elementor-top-column elementor-element elementor-element-1b520b7\" data-id=\"1b520b7\" data-element_type=\"column\" data-e-type=\"column\">\n\t\t\t<div class=\"elementor-widget-wrap elementor-element-populated\">\n\t\t\t\t\t\t<div class=\"elementor-element elementor-element-22c75f9 elementor-widget elementor-widget-spacer\" data-id=\"22c75f9\" data-element_type=\"widget\" data-e-type=\"widget\" data-widget_type=\"spacer.default\">\n\t\t\t\t<div class=\"elementor-widget-container\">\n\t\t\t\t\t\t\t<div class=\"elementor-spacer\">\n\t\t\t<div class=\"elementor-spacer-inner\"><\/div>\n\t\t<\/div>\n\t\t\t\t\t\t<\/div>\n\t\t\t\t<\/div>\n\t\t\t\t<div class=\"elementor-element elementor-element-2380476 elementor-widget elementor-widget-text-editor\" data-id=\"2380476\" data-element_type=\"widget\" data-e-type=\"widget\" data-widget_type=\"text-editor.default\">\n\t\t\t\t<div class=\"elementor-widget-container\">\n\t\t\t\t\t\t\t\t\t<div class=\"vc_row wpb_row vc_row-fluid\">\n<div class=\"parallax-wrapper\">\n<div class=\"wpb_column vc_column_container vc_col-sm-12\">\n<div class=\"vc_column-inner\">\n<div class=\"wpb_wrapper\">\n<div class=\"wpb_text_column wpb_content_element \">\n<div class=\"wpb_wrapper\">\n<h4>Ajuda Sem Rosto (Ayuda Sin Rostro)<\/h4>\n<\/div>\n<\/div>\n<\/div>\n<\/div>\n<\/div>\n<\/div>\n<\/div>\n\t\t\t\t\t\t\t\t<\/div>\n\t\t\t\t<\/div>\n\t\t\t\t<section class=\"elementor-section elementor-inner-section elementor-element elementor-element-5344bf8 elementor-section-boxed elementor-section-height-default elementor-section-height-default\" data-id=\"5344bf8\" data-element_type=\"section\" data-e-type=\"section\">\n\t\t\t\t\t\t<div class=\"elementor-container elementor-column-gap-default\">\n\t\t\t\t\t<div class=\"elementor-column elementor-col-50 elementor-inner-column elementor-element elementor-element-e1b8d80\" data-id=\"e1b8d80\" data-element_type=\"column\" data-e-type=\"column\">\n\t\t\t<div class=\"elementor-widget-wrap elementor-element-populated\">\n\t\t\t\t\t\t<div class=\"elementor-element elementor-element-b7ea8bd elementor-widget elementor-widget-image\" data-id=\"b7ea8bd\" data-element_type=\"widget\" data-e-type=\"widget\" data-widget_type=\"image.default\">\n\t\t\t\t<div class=\"elementor-widget-container\">\n\t\t\t\t\t\t\t\t\t\t\t\t\t\t\t<img decoding=\"async\" width=\"164\" height=\"180\" src=\"https:\/\/wlportugal.com\/wp-content\/uploads\/2024\/01\/Ajuda-sem-Rosto-Logotipo.jpg\" class=\"attachment-large size-large wp-image-9692\" alt=\"Ajuda Sem Rosto\" title=\"\">\t\t\t\t\t\t\t\t\t\t\t\t\t\t\t<\/div>\n\t\t\t\t<\/div>\n\t\t\t\t\t<\/div>\n\t\t<\/div>\n\t\t\t\t<div class=\"elementor-column elementor-col-50 elementor-inner-column elementor-element elementor-element-179edce\" data-id=\"179edce\" data-element_type=\"column\" data-e-type=\"column\">\n\t\t\t<div class=\"elementor-widget-wrap elementor-element-populated\">\n\t\t\t\t\t\t<div class=\"elementor-element elementor-element-d4b7f87 elementor-widget elementor-widget-text-editor\" data-id=\"d4b7f87\" data-element_type=\"widget\" data-e-type=\"widget\" data-widget_type=\"text-editor.default\">\n\t\t\t\t<div class=\"elementor-widget-container\">\n\t\t\t\t\t\t\t\t\t<h3 style=\"font-weight: 400;\"><strong>Ajuda Sem Rosto (Ayuda Sin Rostro)<\/strong><\/h3>\n<p style=\"font-weight: 400;\">Asociaci\u00f3n de Solidaridad Social<br \/>IBAN: PT50 0018 0003 5485 3213 02016<br \/>NIF: 516 563 882<\/p>\n\t\t\t\t\t\t\t\t<\/div>\n\t\t\t\t<\/div>\n\t\t\t\t<div class=\"elementor-element elementor-element-f09bfd7 elementor-widget elementor-widget-spacer\" data-id=\"f09bfd7\" data-element_type=\"widget\" data-e-type=\"widget\" data-widget_type=\"spacer.default\">\n\t\t\t\t<div class=\"elementor-widget-container\">\n\t\t\t\t\t\t\t<div class=\"elementor-spacer\">\n\t\t\t<div class=\"elementor-spacer-inner\"><\/div>\n\t\t<\/div>\n\t\t\t\t\t\t<\/div>\n\t\t\t\t<\/div>\n\t\t\t\t<div class=\"elementor-element elementor-element-78ec3c3 elementor-widget elementor-widget-text-editor\" data-id=\"78ec3c3\" data-element_type=\"widget\" data-e-type=\"widget\" data-widget_type=\"text-editor.default\">\n\t\t\t\t<div class=\"elementor-widget-container\">\n\t\t\t\t\t\t\t\t\t<p id=\"tw-target-text\" class=\"tw-data-text tw-text-large tw-ta\" dir=\"ltr\" data-placeholder=\"Tradu\u00e7\u00e3o\" data-ved=\"2ahUKEwiGnI_QvqqEAxWihf0HHQ_aBtUQ3ewLegQIBRAU\"><span class=\"Y2IQFc\" lang=\"es\">La creciente importancia que le damos a la Responsabilidad Social en WLP y el prop\u00f3sito y m\u00e9rito de las acciones realizadas por \u201cAjuda Sem Rosto\u201d nos convencieron de extender nuestro apoyo a esta instituci\u00f3n. <br \/><br \/>Las palabras de su presidenta Cristina Ferreira al describir la actividad de esta asociaci\u00f3n \u201cNo s\u00f3lo damos el pescado\u2026 \u00a1damos la ca\u00f1a y ense\u00f1amos a pescar!\u201d Son un ejemplo para nosotros.<\/span><\/p><p style=\"font-weight: 400;\"><br \/><br \/>Ajuda Sem Rosto (Ayuda Sin Rostro) comenz\u00f3 con la buena voluntad de dos amigos que, al inicio de la pandemia, se dieron cuenta del hambre de algunas familias, \u00a1un hambre vergonzosa y oculta!<\/p><p style=\"font-weight: 400;\">Decidimos ayudar, pero como cada vez hab\u00eda m\u00e1s solicitudes, creamos un grupo en las redes sociales, \u00a1para que nuestros amigos y conocidos tambi\u00e9n pudieran ayudar!<\/p><p style=\"font-weight: 400;\">Toda la ayuda y el apoyo se brindaron en la m\u00e1s estricta confidencialidad, para que las familias no se sintieran degradadas y criticadas por la maldad de otras personas.<\/p><p style=\"font-weight: 400;\">El grupo creci\u00f3 mucho, se aceptaban solicitudes y se brindaba ayuda, pero nos dimos cuenta que esto era solo una soluci\u00f3n temporal y que ten\u00edamos que hacer algo m\u00e1s, ten\u00edamos que ayudar a estas familias a recuperarse.<\/p><p style=\"font-weight: 400;\">As\u00ed creamos \u00abAjuda sem Rosto \u2013 Associa\u00e7\u00e3o Solidariedade Social\u00bb, una asociaci\u00f3n sin fines de lucro.<br \/>Formamos alianzas con varias empresas, tanto para apoyo psicol\u00f3gico como legal.<\/p><p style=\"font-weight: 400;\">Creamos empleo y apoyamos la b\u00fasqueda de empleo.<br \/>\u201cNo solo te damos el pescado\u2026 \u00a1te damos la ca\u00f1a y te ense\u00f1amos a pescar!\u201d<\/p><p style=\"font-weight: 400;\">Aunque somos una asociaci\u00f3n relativamente nueva, ya hemos logrado reconstruir a m\u00e1s de 100 familias, de las cuales 27 reciben apoyo actualmente y tienen m\u00e1s de 60 ni\u00f1os.<\/p><p style=\"font-weight: 400;\">Todas las solicitudes son rigurosamente estudiadas y filtradas, para que podamos estar seguros de que quien ayudamos realmente necesita, excluyendo as\u00ed algunos casos de abuso o adicci\u00f3n a preguntar.<\/p><p style=\"font-weight: 400;\">S\u00f3lo dependemos de donaciones, tanto alimentarias como monetarias.<\/p><p style=\"font-weight: 400;\">Sin la ayuda de otros, no podremos continuar nuestra misi\u00f3n.<\/p><p style=\"font-weight: 400;\">\u00a1Ay\u00fadanos a ayudar!<\/p><p style=\"font-weight: 400;\"><em><strong>Cristina Ferreira<\/strong><\/em><br \/><em><strong>(Presidente)<\/strong><\/em><\/p>\t\t\t\t\t\t\t\t<\/div>\n\t\t\t\t<\/div>\n\t\t\t\t\t<\/div>\n\t\t<\/div>\n\t\t\t\t\t<\/div>\n\t\t<\/section>\n\t\t\t\t<section class=\"elementor-section elementor-inner-section elementor-element elementor-element-fd17205 elementor-section-boxed elementor-section-height-default elementor-section-height-default\" data-id=\"fd17205\" data-element_type=\"section\" data-e-type=\"section\">\n\t\t\t\t\t\t<div class=\"elementor-container elementor-column-gap-default\">\n\t\t\t\t\t<div class=\"elementor-column elementor-col-50 elementor-inner-column elementor-element elementor-element-faf2dc8\" data-id=\"faf2dc8\" data-element_type=\"column\" data-e-type=\"column\">\n\t\t\t<div class=\"elementor-widget-wrap\">\n\t\t\t\t\t\t\t<\/div>\n\t\t<\/div>\n\t\t\t\t<div class=\"elementor-column elementor-col-50 elementor-inner-column elementor-element elementor-element-cbffe08\" data-id=\"cbffe08\" data-element_type=\"column\" data-e-type=\"column\">\n\t\t\t<div class=\"elementor-widget-wrap\">\n\t\t\t\t\t\t\t<\/div>\n\t\t<\/div>\n\t\t\t\t\t<\/div>\n\t\t<\/section>\n\t\t\t\t\t<\/div>\n\t\t<\/div>\n\t\t\t\t\t<\/div>\n\t\t<\/section>\n\t\t\t\t<section class=\"elementor-section elementor-top-section elementor-element elementor-element-19b4ef7 elementor-section-boxed elementor-section-height-default elementor-section-height-default\" data-id=\"19b4ef7\" data-element_type=\"section\" data-e-type=\"section\">\n\t\t\t\t\t\t<div class=\"elementor-container elementor-column-gap-default\">\n\t\t\t\t\t<div class=\"elementor-column elementor-col-100 elementor-top-column elementor-element elementor-element-28dbaf4\" data-id=\"28dbaf4\" data-element_type=\"column\" data-e-type=\"column\">\n\t\t\t<div class=\"elementor-widget-wrap elementor-element-populated\">\n\t\t\t\t\t\t<div class=\"elementor-element elementor-element-951ff3e elementor-widget elementor-widget-spacer\" data-id=\"951ff3e\" data-element_type=\"widget\" data-e-type=\"widget\" data-widget_type=\"spacer.default\">\n\t\t\t\t<div class=\"elementor-widget-container\">\n\t\t\t\t\t\t\t<div class=\"elementor-spacer\">\n\t\t\t<div class=\"elementor-spacer-inner\"><\/div>\n\t\t<\/div>\n\t\t\t\t\t\t<\/div>\n\t\t\t\t<\/div>\n\t\t\t\t\t<\/div>\n\t\t<\/div>\n\t\t\t\t\t<\/div>\n\t\t<\/section>\n\t\t\t\t<section class=\"elementor-section elementor-top-section elementor-element elementor-element-bce471b elementor-section-boxed elementor-section-height-default elementor-section-height-default\" data-id=\"bce471b\" data-element_type=\"section\" data-e-type=\"section\">\n\t\t\t\t\t\t<div class=\"elementor-container elementor-column-gap-default\">\n\t\t\t\t\t<div class=\"elementor-column elementor-col-33 elementor-top-column elementor-element elementor-element-c9db313\" data-id=\"c9db313\" data-element_type=\"column\" data-e-type=\"column\">\n\t\t\t<div class=\"elementor-widget-wrap elementor-element-populated\">\n\t\t\t\t\t\t<div class=\"elementor-element elementor-element-dc72ae0 elementor-widget elementor-widget-image\" data-id=\"dc72ae0\" data-element_type=\"widget\" data-e-type=\"widget\" data-widget_type=\"image.default\">\n\t\t\t\t<div class=\"elementor-widget-container\">\n\t\t\t\t\t\t\t\t\t\t\t\t\t\t\t<img fetchpriority=\"high\" decoding=\"async\" width=\"460\" height=\"234\" src=\"https:\/\/wlportugal.com\/wp-content\/uploads\/2024\/02\/medicos-sem-fronteiras-logo.jpeg\" class=\"attachment-large size-large wp-image-9853\" alt=\"M\u00e9dicos Sem Fronteiras\" srcset=\"https:\/\/wlportugal.com\/wp-content\/uploads\/2024\/02\/medicos-sem-fronteiras-logo.jpeg 460w, https:\/\/wlportugal.com\/wp-content\/uploads\/2024\/02\/medicos-sem-fronteiras-logo-300x153.jpeg 300w\" sizes=\"(max-width: 460px) 100vw, 460px\" title=\"\">\t\t\t\t\t\t\t\t\t\t\t\t\t\t\t<\/div>\n\t\t\t\t<\/div>\n\t\t\t\t\t<\/div>\n\t\t<\/div>\n\t\t\t\t<div class=\"elementor-column elementor-col-66 elementor-top-column elementor-element elementor-element-7f8e1a8\" data-id=\"7f8e1a8\" data-element_type=\"column\" data-e-type=\"column\">\n\t\t\t<div class=\"elementor-widget-wrap elementor-element-populated\">\n\t\t\t\t\t\t<div class=\"elementor-element elementor-element-935767a elementor-widget elementor-widget-image\" data-id=\"935767a\" data-element_type=\"widget\" data-e-type=\"widget\" data-widget_type=\"image.default\">\n\t\t\t\t<div class=\"elementor-widget-container\">\n\t\t\t\t\t\t\t\t\t\t\t\t\t\t\t<img loading=\"lazy\" decoding=\"async\" width=\"740\" height=\"493\" src=\"https:\/\/wlportugal.com\/wp-content\/uploads\/2024\/02\/medicos-sem-fronteiras.png\" class=\"attachment-large size-large wp-image-9850\" alt=\"M\u00e9dicos Sem Fronteiras\" srcset=\"https:\/\/wlportugal.com\/wp-content\/uploads\/2024\/02\/medicos-sem-fronteiras.png 740w, https:\/\/wlportugal.com\/wp-content\/uploads\/2024\/02\/medicos-sem-fronteiras-300x200.png 300w\" sizes=\"(max-width: 740px) 100vw, 740px\" title=\"\">\t\t\t\t\t\t\t\t\t\t\t\t\t\t\t<\/div>\n\t\t\t\t<\/div>\n\t\t\t\t<div class=\"elementor-element elementor-element-9ee581c elementor-widget elementor-widget-text-editor\" data-id=\"9ee581c\" data-element_type=\"widget\" data-e-type=\"widget\" data-widget_type=\"text-editor.default\">\n\t\t\t\t<div class=\"elementor-widget-container\">\n\t\t\t\t\t\t\t\t\t<p><strong>WLP apoya a la organizaci\u00f3n \u201cM\u00e9dicos Sin Fronteras\u201d.<\/strong><\/p><p>M\u00e9dicos Sin Fronteras es una organizaci\u00f3n internacional, no gubernamental y sin \u00e1nimo de lucro que ofrece ayuda m\u00e9dica y humanitaria en situaciones de emergencia, en casos como conflictos armados, desastres, epidemias, hambre y exclusi\u00f3n social.<\/p>\t\t\t\t\t\t\t\t<\/div>\n\t\t\t\t<\/div>\n\t\t\t\t\t<\/div>\n\t\t<\/div>\n\t\t\t\t\t<\/div>\n\t\t<\/section>\n\t\t\t\t<section class=\"elementor-section elementor-top-section elementor-element elementor-element-6040517 elementor-section-boxed elementor-section-height-default elementor-section-height-default\" data-id=\"6040517\" data-element_type=\"section\" data-e-type=\"section\">\n\t\t\t\t\t\t<div class=\"elementor-container elementor-column-gap-default\">\n\t\t\t\t\t<div class=\"elementor-column elementor-col-100 elementor-top-column elementor-element elementor-element-b85e2dd\" data-id=\"b85e2dd\" data-element_type=\"column\" data-e-type=\"column\">\n\t\t\t<div class=\"elementor-widget-wrap\">\n\t\t\t\t\t\t\t<\/div>\n\t\t<\/div>\n\t\t\t\t\t<\/div>\n\t\t<\/section>\n\t\t\t\t<\/div>\n\t\t","protected":false},"excerpt":{"rendered":"<p>En WLP estamos empe\u00f1ados en integrar las pr\u00e1cticas empresariales responsables en todas nuestras actividades, no s\u00f3lo con palabras, sino Tambi\u00e9n con Acciones. Con nuestro compromiso de Responsabilidad Social Corporativa, pretendemos tener un impacto positivo no s\u00f3lo en el mercado, sino tambi\u00e9n en el lugar de trabajo, el medio ambiente y la comunidad. Pony Club de [&hellip;]<\/p>\n","protected":false},"author":1,"featured_media":7557,"parent":0,"menu_order":0,"comment_status":"closed","ping_status":"closed","template":"","meta":{"om_disable_all_campaigns":false,"_monsterinsights_skip_tracking":false,"_monsterinsights_sitenote_active":false,"_monsterinsights_sitenote_note":"","_monsterinsights_sitenote_category":0,"_uf_show_specific_survey":0,"_uf_disable_surveys":false,"footnotes":""},"class_list":["post-7231","page","type-page","status-publish","has-post-thumbnail","hentry"],"_links":{"self":[{"href":"https:\/\/wlportugal.com\/es\/wp-json\/wp\/v2\/pages\/7231","targetHints":{"allow":["GET"]}}],"collection":[{"href":"https:\/\/wlportugal.com\/es\/wp-json\/wp\/v2\/pages"}],"about":[{"href":"https:\/\/wlportugal.com\/es\/wp-json\/wp\/v2\/types\/page"}],"author":[{"embeddable":true,"href":"https:\/\/wlportugal.com\/es\/wp-json\/wp\/v2\/users\/1"}],"replies":[{"embeddable":true,"href":"https:\/\/wlportugal.com\/es\/wp-json\/wp\/v2\/comments?post=7231"}],"version-history":[{"count":0,"href":"https:\/\/wlportugal.com\/es\/wp-json\/wp\/v2\/pages\/7231\/revisions"}],"wp:featuredmedia":[{"embeddable":true,"href":"https:\/\/wlportugal.com\/es\/wp-json\/wp\/v2\/media\/7557"}],"wp:attachment":[{"href":"https:\/\/wlportugal.com\/es\/wp-json\/wp\/v2\/media?parent=7231"}],"curies":[{"name":"wp","href":"https:\/\/api.w.org\/{rel}","templated":true}]}}