{"id":7305,"date":"2021-06-16T16:00:57","date_gmt":"2021-06-16T15:00:57","guid":{"rendered":"http:\/\/wlportugal.com\/23\/presupuesto\/"},"modified":"2023-11-15T11:04:28","modified_gmt":"2023-11-15T11:04:28","slug":"presupuesto","status":"publish","type":"page","link":"https:\/\/wlportugal.com\/es\/presupuesto\/","title":{"rendered":"Solicitud de Presupuesto"},"content":{"rendered":"\t\t<div data-elementor-type=\"wp-page\" data-elementor-id=\"7305\" class=\"elementor elementor-7305 elementor-82\">\n\t\t\t\t\t\t<section class=\"elementor-section elementor-top-section elementor-element elementor-element-b94f336 elementor-section-boxed elementor-section-height-default elementor-section-height-default\" data-id=\"b94f336\" data-element_type=\"section\" data-e-type=\"section\">\n\t\t\t\t\t\t<div class=\"elementor-container elementor-column-gap-default\">\n\t\t\t\t\t<div class=\"elementor-column elementor-col-100 elementor-top-column elementor-element elementor-element-966e4d0\" data-id=\"966e4d0\" data-element_type=\"column\" data-e-type=\"column\">\n\t\t\t<div class=\"elementor-widget-wrap elementor-element-populated\">\n\t\t\t\t\t\t<div class=\"elementor-element elementor-element-01c6278 elementor-widget elementor-widget-spacer\" data-id=\"01c6278\" data-element_type=\"widget\" data-e-type=\"widget\" data-widget_type=\"spacer.default\">\n\t\t\t\t<div class=\"elementor-widget-container\">\n\t\t\t\t\t\t\t<div class=\"elementor-spacer\">\n\t\t\t<div class=\"elementor-spacer-inner\"><\/div>\n\t\t<\/div>\n\t\t\t\t\t\t<\/div>\n\t\t\t\t<\/div>\n\t\t\t\t\t<\/div>\n\t\t<\/div>\n\t\t\t\t\t<\/div>\n\t\t<\/section>\n\t\t\t\t<section class=\"elementor-section elementor-top-section elementor-element elementor-element-89458a5 elementor-section-boxed elementor-section-height-default elementor-section-height-default\" data-id=\"89458a5\" data-element_type=\"section\" data-e-type=\"section\">\n\t\t\t\t\t\t<div class=\"elementor-container elementor-column-gap-default\">\n\t\t\t\t\t<div class=\"elementor-column elementor-col-100 elementor-top-column elementor-element elementor-element-0f1187e\" data-id=\"0f1187e\" data-element_type=\"column\" data-e-type=\"column\">\n\t\t\t<div class=\"elementor-widget-wrap elementor-element-populated\">\n\t\t\t\t\t\t<div class=\"elementor-element elementor-element-1e0505e elementor-widget elementor-widget-transx_heading\" data-id=\"1e0505e\" data-element_type=\"widget\" data-e-type=\"widget\" data-widget_type=\"transx_heading.default\">\n\t\t\t\t<div class=\"elementor-widget-container\">\n\t\t\t\t\t\n        <div class=\"transx_heading_widget\">\n            \n                <h2 class=\"transx_heading\">\n                    Pedido de Cota\u00e7\u00e3o                <\/h2>\n                        <\/div>\n        \t\t\t\t<\/div>\n\t\t\t\t<\/div>\n\t\t\t\t<div class=\"elementor-element elementor-element-6d046ca elementor-widget__width-initial elementor-widget elementor-widget-text-editor\" data-id=\"6d046ca\" data-element_type=\"widget\" data-e-type=\"widget\" data-widget_type=\"text-editor.default\">\n\t\t\t\t<div class=\"elementor-widget-container\">\n\t\t\t\t\t\t\t\t\t<h4>Por favor, proporcione la informaci\u00f3n m\u00e1s completa y detallada posible.<br \/>Si se necesita informaci\u00f3n adicional nos pondremos en contacto con usted.<\/h4>\n\t\t\t\t\t\t\t\t<\/div>\n\t\t\t\t<\/div>\n\t\t\t\t\t<\/div>\n\t\t<\/div>\n\t\t\t\t\t<\/div>\n\t\t<\/section>\n\t\t\t\t<section class=\"elementor-section elementor-top-section elementor-element elementor-element-459556d elementor-section-boxed elementor-section-height-default elementor-section-height-default\" data-id=\"459556d\" data-element_type=\"section\" data-e-type=\"section\">\n\t\t\t\t\t\t<div class=\"elementor-container elementor-column-gap-default\">\n\t\t\t\t\t<div class=\"elementor-column elementor-col-100 elementor-top-column elementor-element elementor-element-84eab0c\" data-id=\"84eab0c\" data-element_type=\"column\" data-e-type=\"column\">\n\t\t\t<div class=\"elementor-widget-wrap elementor-element-populated\">\n\t\t\t\t\t\t<div class=\"elementor-element elementor-element-0df5ff8 elementor-widget elementor-widget-spacer\" data-id=\"0df5ff8\" data-element_type=\"widget\" data-e-type=\"widget\" data-widget_type=\"spacer.default\">\n\t\t\t\t<div class=\"elementor-widget-container\">\n\t\t\t\t\t\t\t<div class=\"elementor-spacer\">\n\t\t\t<div class=\"elementor-spacer-inner\"><\/div>\n\t\t<\/div>\n\t\t\t\t\t\t<\/div>\n\t\t\t\t<\/div>\n\t\t\t\t\t<\/div>\n\t\t<\/div>\n\t\t\t\t\t<\/div>\n\t\t<\/section>\n\t\t\t\t<section class=\"elementor-section elementor-top-section elementor-element elementor-element-d9abac6 elementor-section-boxed elementor-section-height-default elementor-section-height-default\" data-id=\"d9abac6\" data-element_type=\"section\" data-e-type=\"section\">\n\t\t\t\t\t\t<div class=\"elementor-container elementor-column-gap-default\">\n\t\t\t\t\t<div class=\"elementor-column elementor-col-33 elementor-top-column elementor-element elementor-element-f90adfe\" data-id=\"f90adfe\" data-element_type=\"column\" data-e-type=\"column\">\n\t\t\t<div class=\"elementor-widget-wrap elementor-element-populated\">\n\t\t\t\t\t\t<div class=\"elementor-element elementor-element-9984db9 elementor-position-top elementor-widget elementor-widget-image-box\" data-id=\"9984db9\" data-element_type=\"widget\" data-e-type=\"widget\" data-widget_type=\"image-box.default\">\n\t\t\t\t<div class=\"elementor-widget-container\">\n\t\t\t\t\t<div class=\"elementor-image-box-wrapper\"><figure class=\"elementor-image-box-img\"><a href=\"https:\/\/wlportugal.com\/es\/presupuesto\/solicitud-de-presupuesto-de-transporte-maritimo\/\" tabindex=\"-1\"><img decoding=\"async\" width=\"200\" height=\"150\" src=\"https:\/\/wlportugal.com\/wp-content\/uploads\/2023\/11\/carga-maritima-200x150px-v3.png\" class=\"attachment-full size-full wp-image-8973\" alt=\"\" title=\"\"><\/a><\/figure><div class=\"elementor-image-box-content\"><h3 class=\"elementor-image-box-title\"><a href=\"https:\/\/wlportugal.com\/es\/presupuesto\/solicitud-de-presupuesto-de-transporte-maritimo\/\">Solicitud de Presupuesto de Transporte Mar\u00edtimo<\/a><\/h3><\/div><\/div>\t\t\t\t<\/div>\n\t\t\t\t<\/div>\n\t\t\t\t<div class=\"elementor-element elementor-element-1c720a2 elementor-align-center elementor-widget elementor-widget-button\" data-id=\"1c720a2\" data-element_type=\"widget\" data-e-type=\"widget\" data-widget_type=\"button.default\">\n\t\t\t\t<div class=\"elementor-widget-container\">\n\t\t\t\t\t\t\t\t\t<div class=\"elementor-button-wrapper\">\n\t\t\t\t\t<a class=\"elementor-button elementor-button-link elementor-size-sm\" href=\"https:\/\/wlportugal.com\/es\/presupuesto\/solicitud-de-presupuesto-de-transporte-maritimo\/\">\n\t\t\t\t\t\t<span class=\"elementor-button-content-wrapper\">\n\t\t\t\t\t\t\t\t\t<span class=\"elementor-button-text\">Solicitud de Presupuesto<\/span>\n\t\t\t\t\t<\/span>\n\t\t\t\t\t<\/a>\n\t\t\t\t<\/div>\n\t\t\t\t\t\t\t\t<\/div>\n\t\t\t\t<\/div>\n\t\t\t\t\t<\/div>\n\t\t<\/div>\n\t\t\t\t<div class=\"elementor-column elementor-col-33 elementor-top-column elementor-element elementor-element-7d3524a\" data-id=\"7d3524a\" data-element_type=\"column\" data-e-type=\"column\">\n\t\t\t<div class=\"elementor-widget-wrap elementor-element-populated\">\n\t\t\t\t\t\t<div class=\"elementor-element elementor-element-474f7be elementor-position-top elementor-widget elementor-widget-image-box\" data-id=\"474f7be\" data-element_type=\"widget\" data-e-type=\"widget\" data-widget_type=\"image-box.default\">\n\t\t\t\t<div class=\"elementor-widget-container\">\n\t\t\t\t\t<div class=\"elementor-image-box-wrapper\"><figure class=\"elementor-image-box-img\"><a href=\"https:\/\/wlportugal.com\/es\/presupuesto\/solicitud-de-presupuesto-de-transporte-aereo\/\" tabindex=\"-1\"><img decoding=\"async\" width=\"200\" height=\"150\" src=\"https:\/\/wlportugal.com\/wp-content\/uploads\/2023\/11\/carga-aerea-200x150px-v3.png\" class=\"attachment-full size-full wp-image-8970\" alt=\"\" title=\"\"><\/a><\/figure><div class=\"elementor-image-box-content\"><h3 class=\"elementor-image-box-title\"><a href=\"https:\/\/wlportugal.com\/es\/presupuesto\/solicitud-de-presupuesto-de-transporte-aereo\/\">Solicitud de Presupuesto de Transporte A\u00e9reo<\/a><\/h3><\/div><\/div>\t\t\t\t<\/div>\n\t\t\t\t<\/div>\n\t\t\t\t<div class=\"elementor-element elementor-element-b305c71 elementor-align-center elementor-widget elementor-widget-button\" data-id=\"b305c71\" data-element_type=\"widget\" data-e-type=\"widget\" data-widget_type=\"button.default\">\n\t\t\t\t<div class=\"elementor-widget-container\">\n\t\t\t\t\t\t\t\t\t<div class=\"elementor-button-wrapper\">\n\t\t\t\t\t<a class=\"elementor-button elementor-button-link elementor-size-sm\" href=\"https:\/\/wlportugal.com\/es\/presupuesto\/solicitud-de-presupuesto-de-transporte-aereo\/\">\n\t\t\t\t\t\t<span class=\"elementor-button-content-wrapper\">\n\t\t\t\t\t\t\t\t\t<span class=\"elementor-button-text\">Solicitud de Presupuesto<\/span>\n\t\t\t\t\t<\/span>\n\t\t\t\t\t<\/a>\n\t\t\t\t<\/div>\n\t\t\t\t\t\t\t\t<\/div>\n\t\t\t\t<\/div>\n\t\t\t\t\t<\/div>\n\t\t<\/div>\n\t\t\t\t<div class=\"elementor-column elementor-col-33 elementor-top-column elementor-element elementor-element-2acd56c\" data-id=\"2acd56c\" data-element_type=\"column\" data-e-type=\"column\">\n\t\t\t<div class=\"elementor-widget-wrap elementor-element-populated\">\n\t\t\t\t\t\t<div class=\"elementor-element elementor-element-4bb7148 elementor-position-top elementor-widget elementor-widget-image-box\" data-id=\"4bb7148\" data-element_type=\"widget\" data-e-type=\"widget\" data-widget_type=\"image-box.default\">\n\t\t\t\t<div class=\"elementor-widget-container\">\n\t\t\t\t\t<div class=\"elementor-image-box-wrapper\"><figure class=\"elementor-image-box-img\"><a href=\"https:\/\/wlportugal.com\/es\/presupuesto\/solicitud-de-presupuesto-de-transporte-terrestre\/\" tabindex=\"-1\"><img decoding=\"async\" width=\"200\" height=\"150\" src=\"https:\/\/wlportugal.com\/wp-content\/uploads\/2023\/11\/carga-terrestre-200x150px-v3.png\" class=\"attachment-full size-full wp-image-8976\" alt=\"\" title=\"\"><\/a><\/figure><div class=\"elementor-image-box-content\"><h3 class=\"elementor-image-box-title\"><a href=\"https:\/\/wlportugal.com\/es\/presupuesto\/solicitud-de-presupuesto-de-transporte-terrestre\/\">Solicitud de Presupuesto de Transporte Terrestre<\/a><\/h3><\/div><\/div>\t\t\t\t<\/div>\n\t\t\t\t<\/div>\n\t\t\t\t<div class=\"elementor-element elementor-element-9ea5eb1 elementor-align-center elementor-widget elementor-widget-button\" data-id=\"9ea5eb1\" data-element_type=\"widget\" data-e-type=\"widget\" data-widget_type=\"button.default\">\n\t\t\t\t<div class=\"elementor-widget-container\">\n\t\t\t\t\t\t\t\t\t<div class=\"elementor-button-wrapper\">\n\t\t\t\t\t<a class=\"elementor-button elementor-button-link elementor-size-sm\" href=\"https:\/\/wlportugal.com\/es\/presupuesto\/solicitud-de-presupuesto-de-transporte-terrestre\/\">\n\t\t\t\t\t\t<span class=\"elementor-button-content-wrapper\">\n\t\t\t\t\t\t\t\t\t<span class=\"elementor-button-text\">Solicitud de Presupuesto<\/span>\n\t\t\t\t\t<\/span>\n\t\t\t\t\t<\/a>\n\t\t\t\t<\/div>\n\t\t\t\t\t\t\t\t<\/div>\n\t\t\t\t<\/div>\n\t\t\t\t\t<\/div>\n\t\t<\/div>\n\t\t\t\t\t<\/div>\n\t\t<\/section>\n\t\t\t\t<section class=\"elementor-section elementor-top-section elementor-element elementor-element-c870233 elementor-section-boxed elementor-section-height-default elementor-section-height-default\" data-id=\"c870233\" data-element_type=\"section\" data-e-type=\"section\">\n\t\t\t\t\t\t<div class=\"elementor-container elementor-column-gap-default\">\n\t\t\t\t\t<div class=\"elementor-column elementor-col-100 elementor-top-column elementor-element elementor-element-d08b78a\" data-id=\"d08b78a\" data-element_type=\"column\" data-e-type=\"column\">\n\t\t\t<div class=\"elementor-widget-wrap\">\n\t\t\t\t\t\t\t<\/div>\n\t\t<\/div>\n\t\t\t\t\t<\/div>\n\t\t<\/section>\n\t\t\t\t<\/div>\n\t\t","protected":false},"excerpt":{"rendered":"<p>Por favor, proporcione la informaci\u00f3n m\u00e1s completa y detallada posible.Si se necesita informaci\u00f3n adicional nos pondremos en contacto con usted. Solicitud de Presupuesto de Transporte Mar\u00edtimo Solicitud de Presupuesto Solicitud de Presupuesto de Transporte A\u00e9reo Solicitud de Presupuesto Solicitud de Presupuesto de Transporte Terrestre Solicitud de Presupuesto<\/p>\n","protected":false},"author":1,"featured_media":7543,"parent":0,"menu_order":0,"comment_status":"closed","ping_status":"closed","template":"","meta":{"om_disable_all_campaigns":false,"_monsterinsights_skip_tracking":false,"_monsterinsights_sitenote_active":false,"_monsterinsights_sitenote_note":"","_monsterinsights_sitenote_category":0,"_uf_show_specific_survey":0,"_uf_disable_surveys":false,"footnotes":""},"class_list":["post-7305","page","type-page","status-publish","has-post-thumbnail","hentry"],"_links":{"self":[{"href":"https:\/\/wlportugal.com\/es\/wp-json\/wp\/v2\/pages\/7305","targetHints":{"allow":["GET"]}}],"collection":[{"href":"https:\/\/wlportugal.com\/es\/wp-json\/wp\/v2\/pages"}],"about":[{"href":"https:\/\/wlportugal.com\/es\/wp-json\/wp\/v2\/types\/page"}],"author":[{"embeddable":true,"href":"https:\/\/wlportugal.com\/es\/wp-json\/wp\/v2\/users\/1"}],"replies":[{"embeddable":true,"href":"https:\/\/wlportugal.com\/es\/wp-json\/wp\/v2\/comments?post=7305"}],"version-history":[{"count":0,"href":"https:\/\/wlportugal.com\/es\/wp-json\/wp\/v2\/pages\/7305\/revisions"}],"wp:featuredmedia":[{"embeddable":true,"href":"https:\/\/wlportugal.com\/es\/wp-json\/wp\/v2\/media\/7543"}],"wp:attachment":[{"href":"https:\/\/wlportugal.com\/es\/wp-json\/wp\/v2\/media?parent=7305"}],"curies":[{"name":"wp","href":"https:\/\/api.w.org\/{rel}","templated":true}]}}