{"id":7808,"date":"2023-07-21T11:54:16","date_gmt":"2023-07-21T10:54:16","guid":{"rendered":"http:\/\/wlportugal.com\/23\/politica-de-cookies\/"},"modified":"2023-07-21T12:43:02","modified_gmt":"2023-07-21T11:43:02","slug":"politica-de-cookies","status":"publish","type":"page","link":"https:\/\/wlportugal.com\/es\/politica-de-cookies\/","title":{"rendered":"Pol\u00edtica de Cookies"},"content":{"rendered":"\t\t<div data-elementor-type=\"wp-page\" data-elementor-id=\"7808\" class=\"elementor elementor-7808 elementor-7788\">\n\t\t\t\t\t\t<section class=\"elementor-section elementor-top-section elementor-element elementor-element-d18e32b elementor-section-boxed elementor-section-height-default elementor-section-height-default\" data-id=\"d18e32b\" data-element_type=\"section\" data-e-type=\"section\">\n\t\t\t\t\t\t<div class=\"elementor-container elementor-column-gap-default\">\n\t\t\t\t\t<div class=\"elementor-column elementor-col-100 elementor-top-column elementor-element elementor-element-7376d93\" data-id=\"7376d93\" data-element_type=\"column\" data-e-type=\"column\">\n\t\t\t<div class=\"elementor-widget-wrap elementor-element-populated\">\n\t\t\t\t\t\t<div class=\"elementor-element elementor-element-69dc06d elementor-widget elementor-widget-transx_heading\" data-id=\"69dc06d\" data-element_type=\"widget\" data-e-type=\"widget\" data-widget_type=\"transx_heading.default\">\n\t\t\t\t<div class=\"elementor-widget-container\">\n\t\t\t\t\t\n        <div class=\"transx_heading_widget\">\n                                <div class=\"transx_up_heading\">Politica de cookies<\/div>\n                    \n                <h2 class=\"transx_heading\">\n                    Usamos cookies no nosso website para melhorar o desempenho e a sua experi\u00eancia.                <\/h2>\n                        <\/div>\n        \t\t\t\t<\/div>\n\t\t\t\t<\/div>\n\t\t\t\t\t<\/div>\n\t\t<\/div>\n\t\t\t\t\t<\/div>\n\t\t<\/section>\n\t\t\t\t<section class=\"elementor-section elementor-top-section elementor-element elementor-element-f44a591 elementor-section-boxed elementor-section-height-default elementor-section-height-default\" data-id=\"f44a591\" data-element_type=\"section\" data-e-type=\"section\">\n\t\t\t\t\t\t<div class=\"elementor-container elementor-column-gap-default\">\n\t\t\t\t\t<div class=\"elementor-column elementor-col-100 elementor-top-column elementor-element elementor-element-fb8de0f\" data-id=\"fb8de0f\" data-element_type=\"column\" data-e-type=\"column\">\n\t\t\t<div class=\"elementor-widget-wrap elementor-element-populated\">\n\t\t\t\t\t\t<div class=\"elementor-element elementor-element-445621c elementor-widget elementor-widget-text-editor\" data-id=\"445621c\" data-element_type=\"widget\" data-e-type=\"widget\" data-widget_type=\"text-editor.default\">\n\t\t\t\t<div class=\"elementor-widget-container\">\n\t\t\t\t\t\t\t\t\t<div class=\"vc_row wpb_row vc_row-fluid\">\n<div class=\"parallax-wrapper\">\n<div class=\"wpb_column vc_column_container vc_col-sm-12\">\n<div class=\"vc_column-inner\">\n<div class=\"wpb_wrapper\">\n<div class=\"wpb_text_column wpb_content_element \">\n<div class=\"wpb_wrapper\">\n<p><strong>Qu\u00e9 son las cookies<\/strong><\/p>\n<p>Las cookies son peque\u00f1os archivos de texto que un sitio, al ser visitado por el usuario, coloca en su ordenador o en su dispositivo m\u00f3vil a trav\u00e9s del navegador de Internet (browser). La colocaci\u00f3n de cookies ayudar\u00e1 al sitio a reconocer su dispositivo la pr\u00f3xima vez que el usuario lo visite.<br \/>Utilizamos el t\u00e9rmino cookies en esta pol\u00edtica para referir todos los archivos que recopilan informaci\u00f3n de esta forma.<br \/>Las cookies utilizadas no recopilan informaci\u00f3n que identifica al usuario. Las cookies recopilan informaci\u00f3n gen\u00e9rica, en particular la forma en que los usuarios llegan y utilizan los sitios o la zona del pa\u00eds \/ pa\u00edses a trav\u00e9s del cual acceden al sitio, etc.<br \/>Las cookies s\u00f3lo conservan informaci\u00f3n relacionada con sus preferencias.<br \/>En cualquier momento el usuario puede, a trav\u00e9s de su navegador de Internet, decidir ser notificado sobre la recepci\u00f3n de cookies, as\u00ed como bloquear la respectiva entrada en su sistema.<br \/>El rechazo del uso de cookies en el sitio, puede resultar en la imposibilidad de acceder a algunas de sus \u00e1reas o de recibir informaci\u00f3n personalizada.<\/p>\n<\/div>\n<\/div>\n<\/div>\n<\/div>\n<\/div>\n<\/div>\n<\/div>\n\t\t\t\t\t\t\t\t<\/div>\n\t\t\t\t<\/div>\n\t\t\t\t\t<\/div>\n\t\t<\/div>\n\t\t\t\t\t<\/div>\n\t\t<\/section>\n\t\t\t\t<section class=\"elementor-section elementor-top-section elementor-element elementor-element-a52628d elementor-section-boxed elementor-section-height-default elementor-section-height-default\" data-id=\"a52628d\" data-element_type=\"section\" data-e-type=\"section\">\n\t\t\t\t\t\t<div class=\"elementor-container elementor-column-gap-default\">\n\t\t\t\t\t<div class=\"elementor-column elementor-col-100 elementor-top-column elementor-element elementor-element-575041f\" data-id=\"575041f\" data-element_type=\"column\" data-e-type=\"column\">\n\t\t\t<div class=\"elementor-widget-wrap elementor-element-populated\">\n\t\t\t\t\t\t<div class=\"elementor-element elementor-element-0b70e3c elementor-widget elementor-widget-text-editor\" data-id=\"0b70e3c\" data-element_type=\"widget\" data-e-type=\"widget\" data-widget_type=\"text-editor.default\">\n\t\t\t\t<div class=\"elementor-widget-container\">\n\t\t\t\t\t\t\t\t\t<p><strong>Para que sirven las cookies<\/strong><\/p>\n<p>Las cookies se utilizan para ayudar a determinar la utilidad, el inter\u00e9s y el n\u00famero de usos de los sitios, permitiendo una navegaci\u00f3n m\u00e1s r\u00e1pida y eficiente y eliminando la necesidad de introducir repetidamente la misma informaci\u00f3n.<\/p>\n\t\t\t\t\t\t\t\t<\/div>\n\t\t\t\t<\/div>\n\t\t\t\t\t<\/div>\n\t\t<\/div>\n\t\t\t\t\t<\/div>\n\t\t<\/section>\n\t\t\t\t<section class=\"elementor-section elementor-top-section elementor-element elementor-element-0ef718b elementor-section-boxed elementor-section-height-default elementor-section-height-default\" data-id=\"0ef718b\" data-element_type=\"section\" data-e-type=\"section\">\n\t\t\t\t\t\t<div class=\"elementor-container elementor-column-gap-default\">\n\t\t\t\t\t<div class=\"elementor-column elementor-col-100 elementor-top-column elementor-element elementor-element-2af4445\" data-id=\"2af4445\" data-element_type=\"column\" data-e-type=\"column\">\n\t\t\t<div class=\"elementor-widget-wrap elementor-element-populated\">\n\t\t\t\t\t\t<div class=\"elementor-element elementor-element-aa5c1cd elementor-widget elementor-widget-text-editor\" data-id=\"aa5c1cd\" data-element_type=\"widget\" data-e-type=\"widget\" data-widget_type=\"text-editor.default\">\n\t\t\t\t<div class=\"elementor-widget-container\">\n\t\t\t\t\t\t\t\t\t<p><strong>Qu\u00e9 tipo de cookies utilizamos<\/strong><\/p>\n<p>Nuestras cookies tienen diferentes funciones:<br \/>\u2013 Cookies estrictamente necesarias \u2013 Algunas cookies son esenciales para acceder a \u00e1reas espec\u00edficas de nuestro sitio.<br \/>Permite la navegaci\u00f3n en el sitio y el uso de sus aplicaciones, tal como acceder a \u00e1reas seguras del sitio a trav\u00e9s de login. Sin estas cookies, los servicios que lo exijan no pueden ser prestados.<br \/>\u2013 Cookies anal\u00edticas \u2013 Utilizamos estas cookies para analizar la forma en que los usuarios usan el sitio y monitorear el desempe\u00f1o de \u00e9ste. Esto nos permite proporcionar una experiencia de alta calidad al personalizar nuestra oferta y r\u00e1pidamente identificar y corregir cualquier problema que surja. Por ejemplo, utilizamos cookies de rendimiento para saber qu\u00e9 p\u00e1ginas m\u00e1s populares, qu\u00e9 m\u00e9todo de conexi\u00f3n entre p\u00e1ginas que es m\u00e1s eficaz, o para determinar la raz\u00f3n por la que algunas p\u00e1ginas est\u00e1n recibiendo mensajes de error. En base a la utilizaci\u00f3n del sitio, tambi\u00e9n podemos utilizar estas cookies para destacar art\u00edculos o servicios del sitio que pensamos que es de inter\u00e9s para los usuarios. Estas cookies s\u00f3lo se utilizan para la creaci\u00f3n y el an\u00e1lisis estad\u00edstico, sin recopilar informaci\u00f3n de car\u00e1cter personal.<br \/>\u2013 Cookies funcionales \u2013 Utilizamos cookies de funcionalidad para que podamos recordar las preferencias del usuario. Por ejemplo, las cookies evitan introducir el nombre del usuario cada vez que accede al sitio.<br \/>Tambi\u00e9n utilizamos cookies de funcionalidad para proporcionar servicios avanzados al usuario, como por ejemplo efectuar comentarios a un art\u00edculo.<br \/>En resumen, las cookies de funcionalidad guardan las preferencias del usuario con respecto al uso del sitio, por lo que no es necesario volver a configurar el sitio cada vez que lo visita.<br \/>\u2013 Cookies de terceros \u2013 Sirven para medir el \u00e9xito de las aplicaciones y la eficacia de la publicidad de terceros.<br \/>\u2013 Cookies de publicidad \u2013 Sirven para dirigir la publicidad en funci\u00f3n de los intereses de cada usuario, permitiendo limitar el n\u00famero de veces de la visualizaci\u00f3n del anuncio. Estas cookies ayudan a medir la eficacia de la publicidad. Sin embargo, no identifican al usu\u00e1rio.<\/p>\n\t\t\t\t\t\t\t\t<\/div>\n\t\t\t\t<\/div>\n\t\t\t\t\t<\/div>\n\t\t<\/div>\n\t\t\t\t\t<\/div>\n\t\t<\/section>\n\t\t\t\t<section class=\"elementor-section elementor-top-section elementor-element elementor-element-c3f38e1 elementor-section-boxed elementor-section-height-default elementor-section-height-default\" data-id=\"c3f38e1\" data-element_type=\"section\" data-e-type=\"section\">\n\t\t\t\t\t\t<div class=\"elementor-container elementor-column-gap-default\">\n\t\t\t\t\t<div class=\"elementor-column elementor-col-100 elementor-top-column elementor-element elementor-element-e94bf79\" data-id=\"e94bf79\" data-element_type=\"column\" data-e-type=\"column\">\n\t\t\t<div class=\"elementor-widget-wrap elementor-element-populated\">\n\t\t\t\t\t\t<div class=\"elementor-element elementor-element-f15fb52 elementor-widget elementor-widget-text-editor\" data-id=\"f15fb52\" data-element_type=\"widget\" data-e-type=\"widget\" data-widget_type=\"text-editor.default\">\n\t\t\t\t<div class=\"elementor-widget-container\">\n\t\t\t\t\t\t\t\t\t<p><strong>Las cookies utilizadas pueden ser:<\/strong><\/p>\n<p>\u2013 Cookies permanentes \u2013 Se almacenan a nivel del navegador de Internet (browser) en sus dispositivos de acceso (pc, mobile y tablet) y se utilizan siempre que el usuario hace una nueva visita al sitio. Generalmente se utilizan para dirigir la navegaci\u00f3n de acuerdo con los intereses del usuario, permiti\u00e9ndonos prestar un servicio m\u00e1s personalizado.<br \/>\u2013 Cookies de sesi\u00f3n \u2013 Son temporales, permanecen en las cookies de su navegador de Internet (browser) hasta salir del sitio. La informaci\u00f3n obtenida permite identificar problemas y proporcionar una mejor experiencia de navegaci\u00f3n.<\/p>\n\t\t\t\t\t\t\t\t<\/div>\n\t\t\t\t<\/div>\n\t\t\t\t\t<\/div>\n\t\t<\/div>\n\t\t\t\t\t<\/div>\n\t\t<\/section>\n\t\t\t\t<section class=\"elementor-section elementor-top-section elementor-element elementor-element-47569c6 elementor-section-boxed elementor-section-height-default elementor-section-height-default\" data-id=\"47569c6\" data-element_type=\"section\" data-e-type=\"section\">\n\t\t\t\t\t\t<div class=\"elementor-container elementor-column-gap-default\">\n\t\t\t\t\t<div class=\"elementor-column elementor-col-100 elementor-top-column elementor-element elementor-element-dee7980\" data-id=\"dee7980\" data-element_type=\"column\" data-e-type=\"column\">\n\t\t\t<div class=\"elementor-widget-wrap elementor-element-populated\">\n\t\t\t\t\t\t<div class=\"elementor-element elementor-element-a07f1b2 elementor-widget elementor-widget-text-editor\" data-id=\"a07f1b2\" data-element_type=\"widget\" data-e-type=\"widget\" data-widget_type=\"text-editor.default\">\n\t\t\t\t<div class=\"elementor-widget-container\">\n\t\t\t\t\t\t\t\t\t<p><strong>El uso de cookies puede bloquearse<\/strong><\/p>\n<p>Como hemos explicado las cookies le ayudan a sacar el m\u00e1ximo provecho de nuestros sitios.<br \/>Despu\u00e9s de autorizar el uso de cookies, el usuario siempre puede desactivar parte o la totalidad de nuestras cookies. Para o efeito, o utilizador deve seguir as instru\u00e7\u00f5es na nossa p\u00e1gina \u201d <a href=\"https:\/\/cbcportonorte.pt\/como-gerir-cookies\/\" target=\"_blank\" rel=\"noopener noreferrer\"><strong>C\u00f3mo administrar cookies<\/strong><\/a>\u201c.<\/p>\n\t\t\t\t\t\t\t\t<\/div>\n\t\t\t\t<\/div>\n\t\t\t\t\t<\/div>\n\t\t<\/div>\n\t\t\t\t\t<\/div>\n\t\t<\/section>\n\t\t\t\t<section class=\"elementor-section elementor-top-section elementor-element elementor-element-d43e599 elementor-section-boxed elementor-section-height-default elementor-section-height-default\" data-id=\"d43e599\" data-element_type=\"section\" data-e-type=\"section\">\n\t\t\t\t\t\t<div class=\"elementor-container elementor-column-gap-default\">\n\t\t\t\t\t<div class=\"elementor-column elementor-col-100 elementor-top-column elementor-element elementor-element-b0f6138\" data-id=\"b0f6138\" data-element_type=\"column\" data-e-type=\"column\">\n\t\t\t<div class=\"elementor-widget-wrap elementor-element-populated\">\n\t\t\t\t\t\t<div class=\"elementor-element elementor-element-abc621b elementor-widget elementor-widget-text-editor\" data-id=\"abc621b\" data-element_type=\"widget\" data-e-type=\"widget\" data-widget_type=\"text-editor.default\">\n\t\t\t\t<div class=\"elementor-widget-container\">\n\t\t\t\t\t\t\t\t\t<p><strong>Recordamos que al desactivar las cookies, partes de nuestro sitio pueden no funcionar correctamente.<\/strong><\/p>\n\t\t\t\t\t\t\t\t<\/div>\n\t\t\t\t<\/div>\n\t\t\t\t\t<\/div>\n\t\t<\/div>\n\t\t\t\t\t<\/div>\n\t\t<\/section>\n\t\t\t\t<section class=\"elementor-section elementor-top-section elementor-element elementor-element-07e862c elementor-section-boxed elementor-section-height-default elementor-section-height-default\" data-id=\"07e862c\" data-element_type=\"section\" data-e-type=\"section\">\n\t\t\t\t\t\t<div class=\"elementor-container elementor-column-gap-default\">\n\t\t\t\t\t<div class=\"elementor-column elementor-col-100 elementor-top-column elementor-element elementor-element-48c6c4e\" data-id=\"48c6c4e\" data-element_type=\"column\" data-e-type=\"column\">\n\t\t\t<div class=\"elementor-widget-wrap elementor-element-populated\">\n\t\t\t\t\t\t<div class=\"elementor-element elementor-element-e5b5b19 elementor-widget elementor-widget-text-editor\" data-id=\"e5b5b19\" data-element_type=\"widget\" data-e-type=\"widget\" data-widget_type=\"text-editor.default\">\n\t\t\t\t<div class=\"elementor-widget-container\">\n\t\t\t\t\t\t\t\t\t<p><strong>Uso de cookies en la apertura de nuestros boletines<\/strong><\/p>\n<p>Nuestros boletines pueden, para fines estad\u00edsticos, contener un solo \u00abp\u00edxel\u00bb que nos permite saber si son abiertos y verificar los clics a trav\u00e9s de enlaces o anuncios dentro deel bolet\u00edn.<br \/>El usuario siempre tiene la posibilidad de cancelar la recepci\u00f3n de nuestro bolet\u00edn haciendo clic al efecto en el enlace \u00abCancelar\u00bb al pie de la misma.<\/p>\n\t\t\t\t\t\t\t\t<\/div>\n\t\t\t\t<\/div>\n\t\t\t\t\t<\/div>\n\t\t<\/div>\n\t\t\t\t\t<\/div>\n\t\t<\/section>\n\t\t\t\t<\/div>\n\t\t","protected":false},"excerpt":{"rendered":"<p>Qu\u00e9 son las cookies Las cookies son peque\u00f1os archivos de texto que un sitio, al ser visitado por el usuario, coloca en su ordenador o en su dispositivo m\u00f3vil a trav\u00e9s del navegador de Internet (browser). La colocaci\u00f3n de cookies ayudar\u00e1 al sitio a reconocer su dispositivo la pr\u00f3xima vez que el usuario lo visite.Utilizamos [&hellip;]<\/p>\n","protected":false},"author":1,"featured_media":7091,"parent":0,"menu_order":0,"comment_status":"closed","ping_status":"closed","template":"","meta":{"om_disable_all_campaigns":false,"_monsterinsights_skip_tracking":false,"_monsterinsights_sitenote_active":false,"_monsterinsights_sitenote_note":"","_monsterinsights_sitenote_category":0,"_uf_show_specific_survey":0,"_uf_disable_surveys":false,"footnotes":""},"class_list":["post-7808","page","type-page","status-publish","has-post-thumbnail","hentry"],"_links":{"self":[{"href":"https:\/\/wlportugal.com\/es\/wp-json\/wp\/v2\/pages\/7808","targetHints":{"allow":["GET"]}}],"collection":[{"href":"https:\/\/wlportugal.com\/es\/wp-json\/wp\/v2\/pages"}],"about":[{"href":"https:\/\/wlportugal.com\/es\/wp-json\/wp\/v2\/types\/page"}],"author":[{"embeddable":true,"href":"https:\/\/wlportugal.com\/es\/wp-json\/wp\/v2\/users\/1"}],"replies":[{"embeddable":true,"href":"https:\/\/wlportugal.com\/es\/wp-json\/wp\/v2\/comments?post=7808"}],"version-history":[{"count":0,"href":"https:\/\/wlportugal.com\/es\/wp-json\/wp\/v2\/pages\/7808\/revisions"}],"wp:featuredmedia":[{"embeddable":true,"href":"https:\/\/wlportugal.com\/es\/wp-json\/wp\/v2\/media\/7091"}],"wp:attachment":[{"href":"https:\/\/wlportugal.com\/es\/wp-json\/wp\/v2\/media?parent=7808"}],"curies":[{"name":"wp","href":"https:\/\/api.w.org\/{rel}","templated":true}]}}