{"id":8141,"date":"2023-07-24T09:54:30","date_gmt":"2023-07-24T08:54:30","guid":{"rendered":"http:\/\/wlportugal.com\/23\/vision-mision-valores\/"},"modified":"2023-07-26T15:01:57","modified_gmt":"2023-07-26T14:01:57","slug":"vision-mision-valores","status":"publish","type":"page","link":"https:\/\/wlportugal.com\/es\/vision-mision-valores\/","title":{"rendered":"Visi\u00f3n, Misi\u00f3n, Valores"},"content":{"rendered":"\t\t<div data-elementor-type=\"wp-page\" data-elementor-id=\"8141\" class=\"elementor elementor-8141 elementor-7957\">\n\t\t\t\t\t\t<section class=\"elementor-section elementor-top-section elementor-element elementor-element-d18e32b elementor-section-boxed elementor-section-height-default elementor-section-height-default\" data-id=\"d18e32b\" data-element_type=\"section\" data-e-type=\"section\">\n\t\t\t\t\t\t<div class=\"elementor-container elementor-column-gap-default\">\n\t\t\t\t\t<div class=\"elementor-column elementor-col-100 elementor-top-column elementor-element elementor-element-7376d93\" data-id=\"7376d93\" data-element_type=\"column\" data-e-type=\"column\">\n\t\t\t<div class=\"elementor-widget-wrap elementor-element-populated\">\n\t\t\t\t\t\t<div class=\"elementor-element elementor-element-69dc06d elementor-widget elementor-widget-transx_heading\" data-id=\"69dc06d\" data-element_type=\"widget\" data-e-type=\"widget\" data-widget_type=\"transx_heading.default\">\n\t\t\t\t<div class=\"elementor-widget-container\">\n\t\t\t\t\t\n        <div class=\"transx_heading_widget\">\n                                <div class=\"transx_up_heading\">Visi\u00f3n, Misi\u00f3n, Valores<\/div>\n                    \n                <h2 class=\"transx_heading\">\n                    <span>Worldwide Logistics Portugal<\/span>                <\/h2>\n                        <\/div>\n        \t\t\t\t<\/div>\n\t\t\t\t<\/div>\n\t\t\t\t<div class=\"elementor-element elementor-element-5f9a505 elementor-widget elementor-widget-text-editor\" data-id=\"5f9a505\" data-element_type=\"widget\" data-e-type=\"widget\" data-widget_type=\"text-editor.default\">\n\t\t\t\t<div class=\"elementor-widget-container\">\n\t\t\t\t\t\t\t\t\t<h3 style=\"text-align: left;\">Soluciones Log\u00edsticas Globales <\/h3>\n\t\t\t\t\t\t\t\t<\/div>\n\t\t\t\t<\/div>\n\t\t\t\t<div class=\"elementor-element elementor-element-9f5c297 elementor-widget elementor-widget-spacer\" data-id=\"9f5c297\" data-element_type=\"widget\" data-e-type=\"widget\" data-widget_type=\"spacer.default\">\n\t\t\t\t<div class=\"elementor-widget-container\">\n\t\t\t\t\t\t\t<div class=\"elementor-spacer\">\n\t\t\t<div class=\"elementor-spacer-inner\"><\/div>\n\t\t<\/div>\n\t\t\t\t\t\t<\/div>\n\t\t\t\t<\/div>\n\t\t\t\t\t<\/div>\n\t\t<\/div>\n\t\t\t\t\t<\/div>\n\t\t<\/section>\n\t\t\t\t<section class=\"elementor-section elementor-top-section elementor-element elementor-element-cee3498 elementor-section-boxed elementor-section-height-default elementor-section-height-default\" data-id=\"cee3498\" data-element_type=\"section\" data-e-type=\"section\">\n\t\t\t\t\t\t<div class=\"elementor-container elementor-column-gap-default\">\n\t\t\t\t\t<div class=\"elementor-column elementor-col-50 elementor-top-column elementor-element elementor-element-8646e84\" data-id=\"8646e84\" data-element_type=\"column\" data-e-type=\"column\">\n\t\t\t<div class=\"elementor-widget-wrap elementor-element-populated\">\n\t\t\t\t\t\t<div class=\"elementor-element elementor-element-83c437b elementor-widget elementor-widget-image\" data-id=\"83c437b\" data-element_type=\"widget\" data-e-type=\"widget\" data-widget_type=\"image.default\">\n\t\t\t\t<div class=\"elementor-widget-container\">\n\t\t\t\t\t\t\t\t\t\t\t\t\t\t\t<img fetchpriority=\"high\" decoding=\"async\" width=\"350\" height=\"260\" src=\"https:\/\/wlportugal.com\/wp-content\/uploads\/2023\/07\/visao-topo-350x260px.jpg\" class=\"attachment-full size-full wp-image-8014\" alt=\"\" srcset=\"https:\/\/wlportugal.com\/wp-content\/uploads\/2023\/07\/visao-topo-350x260px.jpg 350w, https:\/\/wlportugal.com\/wp-content\/uploads\/2023\/07\/visao-topo-350x260px-300x223.jpg 300w\" sizes=\"(max-width: 350px) 100vw, 350px\" title=\"\">\t\t\t\t\t\t\t\t\t\t\t\t\t\t\t<\/div>\n\t\t\t\t<\/div>\n\t\t\t\t\t<\/div>\n\t\t<\/div>\n\t\t\t\t<div class=\"elementor-column elementor-col-50 elementor-top-column elementor-element elementor-element-9d7b52d\" data-id=\"9d7b52d\" data-element_type=\"column\" data-e-type=\"column\">\n\t\t\t<div class=\"elementor-widget-wrap elementor-element-populated\">\n\t\t\t\t\t\t<div class=\"elementor-element elementor-element-fc16bb9 elementor-widget elementor-widget-heading\" data-id=\"fc16bb9\" data-element_type=\"widget\" data-e-type=\"widget\" data-widget_type=\"heading.default\">\n\t\t\t\t<div class=\"elementor-widget-container\">\n\t\t\t\t\t<h2 class=\"elementor-heading-title elementor-size-default\">Visi\u00f3n<\/h2>\t\t\t\t<\/div>\n\t\t\t\t<\/div>\n\t\t\t\t<div class=\"elementor-element elementor-element-ce14ff9 elementor-widget elementor-widget-text-editor\" data-id=\"ce14ff9\" data-element_type=\"widget\" data-e-type=\"widget\" data-widget_type=\"text-editor.default\">\n\t\t\t\t<div class=\"elementor-widget-container\">\n\t\t\t\t\t\t\t\t\t<p style=\"font-weight: 400;\">&#8211; Continuar siendo reconocidos por la <strong><span style=\"color: #1e73be;\">proactividad y excelencia en el servicio<\/span><\/strong> proporcionado por nuestros profesionales.<\/p>\n<p style=\"font-weight: 400;\">&#8211; Tener un lugar destacado en el \u00e1rea de la log\u00edstica y ser <strong><span style=\"color: #1e73be;\">reconocidos como un player de referencia<\/span><\/strong> a nivel nacional e internacional.<\/p>\n\t\t\t\t\t\t\t\t<\/div>\n\t\t\t\t<\/div>\n\t\t\t\t<div class=\"elementor-element elementor-element-00d52ac elementor-widget elementor-widget-spacer\" data-id=\"00d52ac\" data-element_type=\"widget\" data-e-type=\"widget\" data-widget_type=\"spacer.default\">\n\t\t\t\t<div class=\"elementor-widget-container\">\n\t\t\t\t\t\t\t<div class=\"elementor-spacer\">\n\t\t\t<div class=\"elementor-spacer-inner\"><\/div>\n\t\t<\/div>\n\t\t\t\t\t\t<\/div>\n\t\t\t\t<\/div>\n\t\t\t\t\t<\/div>\n\t\t<\/div>\n\t\t\t\t\t<\/div>\n\t\t<\/section>\n\t\t\t\t<section class=\"elementor-section elementor-top-section elementor-element elementor-element-3ec92ab elementor-section-boxed elementor-section-height-default elementor-section-height-default\" data-id=\"3ec92ab\" data-element_type=\"section\" data-e-type=\"section\">\n\t\t\t\t\t\t<div class=\"elementor-container elementor-column-gap-default\">\n\t\t\t\t\t<div class=\"elementor-column elementor-col-50 elementor-top-column elementor-element elementor-element-9231ceb\" data-id=\"9231ceb\" data-element_type=\"column\" data-e-type=\"column\">\n\t\t\t<div class=\"elementor-widget-wrap elementor-element-populated\">\n\t\t\t\t\t\t<div class=\"elementor-element elementor-element-be42b9e elementor-widget elementor-widget-image\" data-id=\"be42b9e\" data-element_type=\"widget\" data-e-type=\"widget\" data-widget_type=\"image.default\">\n\t\t\t\t<div class=\"elementor-widget-container\">\n\t\t\t\t\t\t\t\t\t\t\t\t\t\t\t<img decoding=\"async\" width=\"350\" height=\"260\" src=\"https:\/\/wlportugal.com\/wp-content\/uploads\/2023\/07\/missao-topo-350x260px.jpg\" class=\"attachment-full size-full wp-image-8011\" alt=\"\" srcset=\"https:\/\/wlportugal.com\/wp-content\/uploads\/2023\/07\/missao-topo-350x260px.jpg 350w, https:\/\/wlportugal.com\/wp-content\/uploads\/2023\/07\/missao-topo-350x260px-300x223.jpg 300w\" sizes=\"(max-width: 350px) 100vw, 350px\" title=\"\">\t\t\t\t\t\t\t\t\t\t\t\t\t\t\t<\/div>\n\t\t\t\t<\/div>\n\t\t\t\t\t<\/div>\n\t\t<\/div>\n\t\t\t\t<div class=\"elementor-column elementor-col-50 elementor-top-column elementor-element elementor-element-b7a7cd6\" data-id=\"b7a7cd6\" data-element_type=\"column\" data-e-type=\"column\">\n\t\t\t<div class=\"elementor-widget-wrap elementor-element-populated\">\n\t\t\t\t\t\t<div class=\"elementor-element elementor-element-0f85a26 elementor-widget elementor-widget-heading\" data-id=\"0f85a26\" data-element_type=\"widget\" data-e-type=\"widget\" data-widget_type=\"heading.default\">\n\t\t\t\t<div class=\"elementor-widget-container\">\n\t\t\t\t\t<h2 class=\"elementor-heading-title elementor-size-default\">Misi\u00f3n<\/h2>\t\t\t\t<\/div>\n\t\t\t\t<\/div>\n\t\t\t\t<div class=\"elementor-element elementor-element-a8e5102 elementor-widget elementor-widget-text-editor\" data-id=\"a8e5102\" data-element_type=\"widget\" data-e-type=\"widget\" data-widget_type=\"text-editor.default\">\n\t\t\t\t<div class=\"elementor-widget-container\">\n\t\t\t\t\t\t\t\t\t<p style=\"font-weight: 400;\">&#8211; PB\u00fasqueda incesante de la <strong><span style=\"color: #1e73be;\">Excelencia<\/span><\/strong>.<\/p>\n<p style=\"font-weight: 400;\">&#8211; Proporcionar a nuestros Clientes\/Asociados <strong><span style=\"color: #1e73be;\">la mejor soluci\u00f3n log\u00edstica<\/span><\/strong> que vaya de acuerdo con sus objetivos. Servicios dedicados y con seguimiento desde el inicio hasta el final del proceso.<\/p>\n<p>Siempre buscar presentar a nuestros clientes <strong><span style=\"color: #1e73be;\">soluciones log\u00edsticas \u00abm\u00e1s amigables con el medio ambiente\u00bb<\/span><\/strong>, pero que mantengan su competitividad econ\u00f3mica.<\/p>\n\t\t\t\t\t\t\t\t<\/div>\n\t\t\t\t<\/div>\n\t\t\t\t<div class=\"elementor-element elementor-element-e2a8955 elementor-widget elementor-widget-spacer\" data-id=\"e2a8955\" data-element_type=\"widget\" data-e-type=\"widget\" data-widget_type=\"spacer.default\">\n\t\t\t\t<div class=\"elementor-widget-container\">\n\t\t\t\t\t\t\t<div class=\"elementor-spacer\">\n\t\t\t<div class=\"elementor-spacer-inner\"><\/div>\n\t\t<\/div>\n\t\t\t\t\t\t<\/div>\n\t\t\t\t<\/div>\n\t\t\t\t\t<\/div>\n\t\t<\/div>\n\t\t\t\t\t<\/div>\n\t\t<\/section>\n\t\t\t\t<section class=\"elementor-section elementor-top-section elementor-element elementor-element-0b4488d elementor-section-boxed elementor-section-height-default elementor-section-height-default\" data-id=\"0b4488d\" data-element_type=\"section\" data-e-type=\"section\">\n\t\t\t\t\t\t<div class=\"elementor-container elementor-column-gap-default\">\n\t\t\t\t\t<div class=\"elementor-column elementor-col-50 elementor-top-column elementor-element elementor-element-a10505a\" data-id=\"a10505a\" data-element_type=\"column\" data-e-type=\"column\">\n\t\t\t<div class=\"elementor-widget-wrap elementor-element-populated\">\n\t\t\t\t\t\t<div class=\"elementor-element elementor-element-119dc31 elementor-widget elementor-widget-image\" data-id=\"119dc31\" data-element_type=\"widget\" data-e-type=\"widget\" data-widget_type=\"image.default\">\n\t\t\t\t<div class=\"elementor-widget-container\">\n\t\t\t\t\t\t\t\t\t\t\t\t\t\t\t<img decoding=\"async\" width=\"350\" height=\"260\" src=\"https:\/\/wlportugal.com\/wp-content\/uploads\/2023\/07\/valores-topo-350x260px.jpg\" class=\"attachment-full size-full wp-image-8017\" alt=\"\" srcset=\"https:\/\/wlportugal.com\/wp-content\/uploads\/2023\/07\/valores-topo-350x260px.jpg 350w, https:\/\/wlportugal.com\/wp-content\/uploads\/2023\/07\/valores-topo-350x260px-300x223.jpg 300w\" sizes=\"(max-width: 350px) 100vw, 350px\" title=\"\">\t\t\t\t\t\t\t\t\t\t\t\t\t\t\t<\/div>\n\t\t\t\t<\/div>\n\t\t\t\t\t<\/div>\n\t\t<\/div>\n\t\t\t\t<div class=\"elementor-column elementor-col-50 elementor-top-column elementor-element elementor-element-7580d33\" data-id=\"7580d33\" data-element_type=\"column\" data-e-type=\"column\">\n\t\t\t<div class=\"elementor-widget-wrap elementor-element-populated\">\n\t\t\t\t\t\t<div class=\"elementor-element elementor-element-d5f23b5 elementor-widget elementor-widget-heading\" data-id=\"d5f23b5\" data-element_type=\"widget\" data-e-type=\"widget\" data-widget_type=\"heading.default\">\n\t\t\t\t<div class=\"elementor-widget-container\">\n\t\t\t\t\t<h2 class=\"elementor-heading-title elementor-size-default\">Valores <\/h2>\t\t\t\t<\/div>\n\t\t\t\t<\/div>\n\t\t\t\t<div class=\"elementor-element elementor-element-7b3bc08 elementor-widget elementor-widget-text-editor\" data-id=\"7b3bc08\" data-element_type=\"widget\" data-e-type=\"widget\" data-widget_type=\"text-editor.default\">\n\t\t\t\t<div class=\"elementor-widget-container\">\n\t\t\t\t\t\t\t\t\t<p style=\"font-weight: 400;\">&#8211; <strong><span style=\"color: #1e73be;\">Confianza<\/span><\/strong> en los socios y profesionales que forman parte de nuestra organizaci\u00f3n, quienes hacen todo lo posible para obtener los mejores resultados.<\/p>\n<p style=\"font-weight: 400;\">&#8211; <strong><span style=\"color: #1e73be;\">Asertividad<\/span><\/strong> &#8211; Nuestros procesos est\u00e1n bien definidos y estructurados para asegurar que siempre se alcancen nuestros objetivos, y tambi\u00e9n los de nuestros clientes\/colaboradores.<\/p>\n<p style=\"font-weight: 400;\">&#8211; <strong><span style=\"color: #1e73be;\">Recursos<\/span><\/strong> &#8211; Profesionales de alto nivel con conocimientos y formaci\u00f3n constante. As\u00ed como nuevas tecnolog\u00edas asociadas al conocimiento, de esta manera siempre podemos ofrecer el mejor servicio.<\/p>\n<p style=\"font-weight: 400;\">&#8211; <strong><span style=\"color: #1e73be;\">Din\u00e1mica<\/span><\/strong> &#8211; Ning\u00fan proceso es igual al anterior, siempre buscamos la excelencia y nuevos m\u00e9todos para alcanzar vuestros\/nuestros objetivos.<\/p>\n<p style=\"font-weight: 400;\">&#8211; <strong><span style=\"color: #1e73be;\">Objetivos<\/span><\/strong> &#8211; Bien definidos desde el d\u00eda de la fundaci\u00f3n, ser reconocidos en general como un socio de confianza y renombre.<\/p>\n<p style=\"font-weight: 400;\">&#8211; <strong><span style=\"color: #1e73be;\">Seguridad<\/span><\/strong> &#8211; De nuestros colaboradores y de todas las mercanc\u00edas y procesos.<\/p>\n<p style=\"font-weight: 400;\">&#8211; <strong><span style=\"color: #1e73be;\">Organizaci\u00f3n<\/span><\/strong> &#8211; Una organizaci\u00f3n bien estructurada y bien definida.<\/p>\n\t\t\t\t\t\t\t\t<\/div>\n\t\t\t\t<\/div>\n\t\t\t\t<div class=\"elementor-element elementor-element-589f444 elementor-widget elementor-widget-spacer\" data-id=\"589f444\" data-element_type=\"widget\" data-e-type=\"widget\" data-widget_type=\"spacer.default\">\n\t\t\t\t<div class=\"elementor-widget-container\">\n\t\t\t\t\t\t\t<div class=\"elementor-spacer\">\n\t\t\t<div class=\"elementor-spacer-inner\"><\/div>\n\t\t<\/div>\n\t\t\t\t\t\t<\/div>\n\t\t\t\t<\/div>\n\t\t\t\t\t<\/div>\n\t\t<\/div>\n\t\t\t\t\t<\/div>\n\t\t<\/section>\n\t\t\t\t<section class=\"elementor-section elementor-top-section elementor-element elementor-element-acb9160 elementor-section-boxed elementor-section-height-default elementor-section-height-default\" data-id=\"acb9160\" data-element_type=\"section\" data-e-type=\"section\">\n\t\t\t\t\t\t<div class=\"elementor-container elementor-column-gap-default\">\n\t\t\t\t\t<div class=\"elementor-column elementor-col-100 elementor-top-column elementor-element elementor-element-e8c2db9\" data-id=\"e8c2db9\" data-element_type=\"column\" data-e-type=\"column\">\n\t\t\t<div class=\"elementor-widget-wrap\">\n\t\t\t\t\t\t\t<\/div>\n\t\t<\/div>\n\t\t\t\t\t<\/div>\n\t\t<\/section>\n\t\t\t\t<\/div>\n\t\t","protected":false},"excerpt":{"rendered":"<p>Soluciones Log\u00edsticas Globales Visi\u00f3n &#8211; Continuar siendo reconocidos por la proactividad y excelencia en el servicio proporcionado por nuestros profesionales. &#8211; Tener un lugar destacado en el \u00e1rea de la log\u00edstica y ser reconocidos como un player de referencia a nivel nacional e internacional. Misi\u00f3n &#8211; PB\u00fasqueda incesante de la Excelencia. &#8211; Proporcionar a nuestros [&hellip;]<\/p>\n","protected":false},"author":1,"featured_media":8055,"parent":0,"menu_order":0,"comment_status":"closed","ping_status":"closed","template":"","meta":{"om_disable_all_campaigns":false,"_monsterinsights_skip_tracking":false,"_monsterinsights_sitenote_active":false,"_monsterinsights_sitenote_note":"","_monsterinsights_sitenote_category":0,"_uf_show_specific_survey":0,"_uf_disable_surveys":false,"footnotes":""},"class_list":["post-8141","page","type-page","status-publish","has-post-thumbnail","hentry"],"_links":{"self":[{"href":"https:\/\/wlportugal.com\/es\/wp-json\/wp\/v2\/pages\/8141","targetHints":{"allow":["GET"]}}],"collection":[{"href":"https:\/\/wlportugal.com\/es\/wp-json\/wp\/v2\/pages"}],"about":[{"href":"https:\/\/wlportugal.com\/es\/wp-json\/wp\/v2\/types\/page"}],"author":[{"embeddable":true,"href":"https:\/\/wlportugal.com\/es\/wp-json\/wp\/v2\/users\/1"}],"replies":[{"embeddable":true,"href":"https:\/\/wlportugal.com\/es\/wp-json\/wp\/v2\/comments?post=8141"}],"version-history":[{"count":0,"href":"https:\/\/wlportugal.com\/es\/wp-json\/wp\/v2\/pages\/8141\/revisions"}],"wp:featuredmedia":[{"embeddable":true,"href":"https:\/\/wlportugal.com\/es\/wp-json\/wp\/v2\/media\/8055"}],"wp:attachment":[{"href":"https:\/\/wlportugal.com\/es\/wp-json\/wp\/v2\/media?parent=8141"}],"curies":[{"name":"wp","href":"https:\/\/api.w.org\/{rel}","templated":true}]}}