{"id":9991,"date":"2024-02-26T10:51:50","date_gmt":"2024-02-26T10:51:50","guid":{"rendered":"http:\/\/wlportugal.com\/soluciones-criticas\/"},"modified":"2024-02-27T11:44:49","modified_gmt":"2024-02-27T11:44:49","slug":"soluciones-criticas","status":"publish","type":"page","link":"https:\/\/wlportugal.com\/es\/soluciones-criticas\/","title":{"rendered":"Soluciones Cr\u00edticas"},"content":{"rendered":"\t\t<div data-elementor-type=\"wp-page\" data-elementor-id=\"9991\" class=\"elementor elementor-9991 elementor-9931\">\n\t\t\t\t\t\t<section class=\"elementor-section elementor-top-section elementor-element elementor-element-b8a1607 elementor-section-boxed elementor-section-height-default elementor-section-height-default\" data-id=\"b8a1607\" data-element_type=\"section\" data-e-type=\"section\">\n\t\t\t\t\t\t<div class=\"elementor-container elementor-column-gap-default\">\n\t\t\t\t\t<div class=\"elementor-column elementor-col-66 elementor-top-column elementor-element elementor-element-a97348e\" data-id=\"a97348e\" data-element_type=\"column\" data-e-type=\"column\">\n\t\t\t<div class=\"elementor-widget-wrap elementor-element-populated\">\n\t\t\t\t\t\t<div class=\"elementor-element elementor-element-a8115cb elementor-widget elementor-widget-heading\" data-id=\"a8115cb\" data-element_type=\"widget\" data-e-type=\"widget\" data-widget_type=\"heading.default\">\n\t\t\t\t<div class=\"elementor-widget-container\">\n\t\t\t\t\t<h3 class=\"elementor-heading-title elementor-size-default\">Soluciones Cr\u00edticas<\/h3>\t\t\t\t<\/div>\n\t\t\t\t<\/div>\n\t\t\t\t<div class=\"elementor-element elementor-element-658f305 elementor-widget elementor-widget-spacer\" data-id=\"658f305\" data-element_type=\"widget\" data-e-type=\"widget\" data-widget_type=\"spacer.default\">\n\t\t\t\t<div class=\"elementor-widget-container\">\n\t\t\t\t\t\t\t<div class=\"elementor-spacer\">\n\t\t\t<div class=\"elementor-spacer-inner\"><\/div>\n\t\t<\/div>\n\t\t\t\t\t\t<\/div>\n\t\t\t\t<\/div>\n\t\t\t\t\t<\/div>\n\t\t<\/div>\n\t\t\t\t<div class=\"elementor-column elementor-col-33 elementor-top-column elementor-element elementor-element-052dcfd\" data-id=\"052dcfd\" data-element_type=\"column\" data-e-type=\"column\">\n\t\t\t<div class=\"elementor-widget-wrap\">\n\t\t\t\t\t\t\t<\/div>\n\t\t<\/div>\n\t\t\t\t\t<\/div>\n\t\t<\/section>\n\t\t\t\t<section class=\"elementor-section elementor-top-section elementor-element elementor-element-2ae2f1c0 elementor-section-boxed elementor-section-height-default elementor-section-height-default\" data-id=\"2ae2f1c0\" data-element_type=\"section\" data-e-type=\"section\">\n\t\t\t\t\t\t<div class=\"elementor-container elementor-column-gap-extended\">\n\t\t\t\t\t<div class=\"elementor-column elementor-col-50 elementor-top-column elementor-element elementor-element-981e343\" data-id=\"981e343\" data-element_type=\"column\" data-e-type=\"column\">\n\t\t\t<div class=\"elementor-widget-wrap elementor-element-populated\">\n\t\t\t\t\t\t<div class=\"elementor-element elementor-element-7439b991 elementor-widget elementor-widget-heading\" data-id=\"7439b991\" data-element_type=\"widget\" data-e-type=\"widget\" data-widget_type=\"heading.default\">\n\t\t\t\t<div class=\"elementor-widget-container\">\n\t\t\t\t\t<h4 class=\"elementor-heading-title elementor-size-default\">AIR CHARTER<\/h4>\t\t\t\t<\/div>\n\t\t\t\t<\/div>\n\t\t\t\t<div class=\"elementor-element elementor-element-a9e1009 elementor-widget elementor-widget-image\" data-id=\"a9e1009\" data-element_type=\"widget\" data-e-type=\"widget\" data-widget_type=\"image.default\">\n\t\t\t\t<div class=\"elementor-widget-container\">\n\t\t\t\t\t\t\t\t\t\t\t\t\t\t\t<img fetchpriority=\"high\" decoding=\"async\" width=\"800\" height=\"490\" src=\"https:\/\/wlportugal.com\/wp-content\/uploads\/2024\/02\/air-charter-800x490-1.jpg\" class=\"attachment-large size-large wp-image-9939\" alt=\"Solu\u00e7\u00f5es Cr\u00edticas - Air Charter ou Fretamento A\u00e9reo - WLP\" srcset=\"https:\/\/wlportugal.com\/wp-content\/uploads\/2024\/02\/air-charter-800x490-1.jpg 800w, https:\/\/wlportugal.com\/wp-content\/uploads\/2024\/02\/air-charter-800x490-1-300x184.jpg 300w, https:\/\/wlportugal.com\/wp-content\/uploads\/2024\/02\/air-charter-800x490-1-768x470.jpg 768w\" sizes=\"(max-width: 800px) 100vw, 800px\" title=\"\">\t\t\t\t\t\t\t\t\t\t\t\t\t\t\t<\/div>\n\t\t\t\t<\/div>\n\t\t\t\t<div class=\"elementor-element elementor-element-8f216e2 elementor-widget elementor-widget-text-editor\" data-id=\"8f216e2\" data-element_type=\"widget\" data-e-type=\"widget\" data-widget_type=\"text-editor.default\">\n\t\t\t\t<div class=\"elementor-widget-container\">\n\t\t\t\t\t\t\t\t\t<p>Los din\u00e1micos mercados globales actuales requieren un socio log\u00edstico que responda r\u00e1pidamente con soluciones ch\u00e1rter confiables y competitivas.<\/p>\n<p><strong>Air Charter<\/strong> es generalmente una alternativa que las empresas adoptan cuando otras opciones de transporte a\u00e9reo no son pr\u00e1cticas o imposibles. Este tipo de transporte a\u00e9reo es crucial cuando los clientes enfrentan paradas en las l\u00edneas o tienen equipos de gran tama\u00f1o que no caben en un vuelo comercial regular.<\/p>\n<p><span style=\"letter-spacing: 0px;\">Tenemos acceso directo a todos los aviones de carga del mercado ch\u00e1rter. Esto, combinado con nuestras redes y soluciones globales de carga multimodal, significa que podemos ofrecer una soluci\u00f3n flexible y un servicio de transporte completo, independientemente de la complejidad.<\/span><\/p>\n\t\t\t\t\t\t\t\t<\/div>\n\t\t\t\t<\/div>\n\t\t\t\t\t<\/div>\n\t\t<\/div>\n\t\t\t\t<div class=\"elementor-column elementor-col-50 elementor-top-column elementor-element elementor-element-3b2f52cf\" data-id=\"3b2f52cf\" data-element_type=\"column\" data-e-type=\"column\">\n\t\t\t<div class=\"elementor-widget-wrap elementor-element-populated\">\n\t\t\t\t\t\t<div class=\"elementor-element elementor-element-2fc809c elementor-widget elementor-widget-heading\" data-id=\"2fc809c\" data-element_type=\"widget\" data-e-type=\"widget\" data-widget_type=\"heading.default\">\n\t\t\t\t<div class=\"elementor-widget-container\">\n\t\t\t\t\t<h4 class=\"elementor-heading-title elementor-size-default\">ON BOARD COURIER - 24\/7<\/h4>\t\t\t\t<\/div>\n\t\t\t\t<\/div>\n\t\t\t\t<div class=\"elementor-element elementor-element-52ff7d8 elementor-widget elementor-widget-image\" data-id=\"52ff7d8\" data-element_type=\"widget\" data-e-type=\"widget\" data-widget_type=\"image.default\">\n\t\t\t\t<div class=\"elementor-widget-container\">\n\t\t\t\t\t\t\t\t\t\t\t\t\t\t\t<img decoding=\"async\" width=\"800\" height=\"490\" src=\"https:\/\/wlportugal.com\/wp-content\/uploads\/2024\/02\/on-board-courier-800x490px.jpg\" class=\"attachment-large size-large wp-image-9936\" alt=\"on-board-courier\" srcset=\"https:\/\/wlportugal.com\/wp-content\/uploads\/2024\/02\/on-board-courier-800x490px.jpg 800w, https:\/\/wlportugal.com\/wp-content\/uploads\/2024\/02\/on-board-courier-800x490px-300x184.jpg 300w, https:\/\/wlportugal.com\/wp-content\/uploads\/2024\/02\/on-board-courier-800x490px-768x470.jpg 768w\" sizes=\"(max-width: 800px) 100vw, 800px\" title=\"\">\t\t\t\t\t\t\t\t\t\t\t\t\t\t\t<\/div>\n\t\t\t\t<\/div>\n\t\t\t\t<div class=\"elementor-element elementor-element-ff80d81 elementor-widget elementor-widget-text-editor\" data-id=\"ff80d81\" data-element_type=\"widget\" data-e-type=\"widget\" data-widget_type=\"text-editor.default\">\n\t\t\t\t<div class=\"elementor-widget-container\">\n\t\t\t\t\t\t\t\t\t<p>Cuando el tiempo es esencial, un servicio de mensajer\u00eda a bordo 24 horas al d\u00eda, 7 d\u00edas a la semana <strong>(On Board Courier 24\/7)<\/strong> es uno de los m\u00e9todos de transporte m\u00e1s r\u00e1pidos disponibles para su env\u00edo en el que el tiempo es cr\u00edtico.<\/p>\n<p>Cada soluci\u00f3n de correo a bordo es \u00fanica.<br \/><span style=\"letter-spacing: 0px;\">Cada parte del transporte, desde la recogida hasta la entrega, ha sido creada individualmente para satisfacer sus necesidades. <\/span><\/p>\n<p>Nuestro servicio de mensajer\u00eda a bordo no se limita a env\u00edos peque\u00f1os y port\u00e1tiles. Gracias a nuestros transportistas, podemos transportar vol\u00famenes importantes a bordo de aviones comerciales, a menudo transportando cantidades superiores a la carga \u00fatil m\u00e1xima de aviones ch\u00e1rter m\u00e1s peque\u00f1os.<\/p>\n<p>On-Board-Courier es la combinaci\u00f3n de <span style=\"letter-spacing: 0px;\">rapidez, servicio, conocimiento y experiencia.<\/span><\/p>\n\t\t\t\t\t\t\t\t<\/div>\n\t\t\t\t<\/div>\n\t\t\t\t\t<\/div>\n\t\t<\/div>\n\t\t\t\t\t<\/div>\n\t\t<\/section>\n\t\t\t\t<section class=\"elementor-section elementor-top-section elementor-element elementor-element-17d7832 elementor-section-boxed elementor-section-height-default elementor-section-height-default\" data-id=\"17d7832\" data-element_type=\"section\" data-e-type=\"section\">\n\t\t\t\t\t\t<div class=\"elementor-container elementor-column-gap-default\">\n\t\t\t\t\t<div class=\"elementor-column elementor-col-100 elementor-top-column elementor-element elementor-element-3e3a9db\" data-id=\"3e3a9db\" data-element_type=\"column\" data-e-type=\"column\">\n\t\t\t<div class=\"elementor-widget-wrap elementor-element-populated\">\n\t\t\t\t\t\t<div class=\"elementor-element elementor-element-1569f0b elementor-widget elementor-widget-spacer\" data-id=\"1569f0b\" data-element_type=\"widget\" data-e-type=\"widget\" data-widget_type=\"spacer.default\">\n\t\t\t\t<div class=\"elementor-widget-container\">\n\t\t\t\t\t\t\t<div class=\"elementor-spacer\">\n\t\t\t<div class=\"elementor-spacer-inner\"><\/div>\n\t\t<\/div>\n\t\t\t\t\t\t<\/div>\n\t\t\t\t<\/div>\n\t\t\t\t\t<\/div>\n\t\t<\/div>\n\t\t\t\t\t<\/div>\n\t\t<\/section>\n\t\t\t\t<section class=\"elementor-section elementor-top-section elementor-element elementor-element-5004894 elementor-section-boxed elementor-section-height-default elementor-section-height-default\" data-id=\"5004894\" data-element_type=\"section\" data-e-type=\"section\">\n\t\t\t\t\t\t<div class=\"elementor-container elementor-column-gap-extended\">\n\t\t\t\t\t<div class=\"elementor-column elementor-col-50 elementor-top-column elementor-element elementor-element-69d9dc9\" data-id=\"69d9dc9\" data-element_type=\"column\" data-e-type=\"column\">\n\t\t\t<div class=\"elementor-widget-wrap elementor-element-populated\">\n\t\t\t\t\t\t<div class=\"elementor-element elementor-element-fd2eba2 elementor-widget elementor-widget-heading\" data-id=\"fd2eba2\" data-element_type=\"widget\" data-e-type=\"widget\" data-widget_type=\"heading.default\">\n\t\t\t\t<div class=\"elementor-widget-container\">\n\t\t\t\t\t<h4 class=\"elementor-heading-title elementor-size-default\">NEXT FLIGHT OUT<\/h4>\t\t\t\t<\/div>\n\t\t\t\t<\/div>\n\t\t\t\t<div class=\"elementor-element elementor-element-c5d405b elementor-widget elementor-widget-image\" data-id=\"c5d405b\" data-element_type=\"widget\" data-e-type=\"widget\" data-widget_type=\"image.default\">\n\t\t\t\t<div class=\"elementor-widget-container\">\n\t\t\t\t\t\t\t\t\t\t\t\t\t\t\t<img decoding=\"async\" width=\"800\" height=\"490\" src=\"https:\/\/wlportugal.com\/wp-content\/uploads\/2024\/02\/next-flight-out-800x490-1.jpg\" class=\"attachment-large size-large wp-image-9945\" alt=\"Solu\u00e7\u00f5es Cr\u00edticas - Pr\u00f3ximo Voo ou Next Flight Out - WLP\" srcset=\"https:\/\/wlportugal.com\/wp-content\/uploads\/2024\/02\/next-flight-out-800x490-1.jpg 800w, https:\/\/wlportugal.com\/wp-content\/uploads\/2024\/02\/next-flight-out-800x490-1-300x184.jpg 300w, https:\/\/wlportugal.com\/wp-content\/uploads\/2024\/02\/next-flight-out-800x490-1-768x470.jpg 768w\" sizes=\"(max-width: 800px) 100vw, 800px\" title=\"\">\t\t\t\t\t\t\t\t\t\t\t\t\t\t\t<\/div>\n\t\t\t\t<\/div>\n\t\t\t\t<div class=\"elementor-element elementor-element-bf16636 elementor-widget elementor-widget-text-editor\" data-id=\"bf16636\" data-element_type=\"widget\" data-e-type=\"widget\" data-widget_type=\"text-editor.default\">\n\t\t\t\t<div class=\"elementor-widget-container\">\n\t\t\t\t\t\t\t\t\t<p>En caso de emergencias log\u00edsticas, nuestro servicio <strong>Next Flight Out (NFO)<\/strong> garantiza la entrega de los env\u00edos en el menor tiempo posible.<\/p>\n<p>La soluci\u00f3n para cada tipo de env\u00edo, cada destino y cada presupuesto.<\/p>\n<p>Ya sea que desee transportar piezas automotrices voluminosas, peque\u00f1os materiales semiconductores o componentes aeroespaciales, WLP ofrece soluciones NFO validadas a nivel mundial para evitar situaciones de falla en la l\u00ednea.<\/p>\n<p>Acceso garantizado a la capacidad de carga a\u00e9rea global en carga a\u00e9rea programada para env\u00edos urgentes el mismo d\u00eda, al d\u00eda siguiente o al d\u00eda siguiente.<\/p>\n\t\t\t\t\t\t\t\t<\/div>\n\t\t\t\t<\/div>\n\t\t\t\t\t<\/div>\n\t\t<\/div>\n\t\t\t\t<div class=\"elementor-column elementor-col-50 elementor-top-column elementor-element elementor-element-66124db\" data-id=\"66124db\" data-element_type=\"column\" data-e-type=\"column\">\n\t\t\t<div class=\"elementor-widget-wrap elementor-element-populated\">\n\t\t\t\t\t\t<div class=\"elementor-element elementor-element-2900e4c elementor-widget elementor-widget-heading\" data-id=\"2900e4c\" data-element_type=\"widget\" data-e-type=\"widget\" data-widget_type=\"heading.default\">\n\t\t\t\t<div class=\"elementor-widget-container\">\n\t\t\t\t\t<h4 class=\"elementor-heading-title elementor-size-default\">EXPRESS ROAD<\/h4>\t\t\t\t<\/div>\n\t\t\t\t<\/div>\n\t\t\t\t<div class=\"elementor-element elementor-element-66e1d96 elementor-widget elementor-widget-image\" data-id=\"66e1d96\" data-element_type=\"widget\" data-e-type=\"widget\" data-widget_type=\"image.default\">\n\t\t\t\t<div class=\"elementor-widget-container\">\n\t\t\t\t\t\t\t\t\t\t\t\t\t\t\t<img loading=\"lazy\" decoding=\"async\" width=\"800\" height=\"490\" src=\"https:\/\/wlportugal.com\/wp-content\/uploads\/2024\/02\/express-road-800x490-1.jpg\" class=\"attachment-large size-large wp-image-9952\" alt=\"Solu\u00e7\u00f5es Cr\u00edticas - Express Road - WLP\" srcset=\"https:\/\/wlportugal.com\/wp-content\/uploads\/2024\/02\/express-road-800x490-1.jpg 800w, https:\/\/wlportugal.com\/wp-content\/uploads\/2024\/02\/express-road-800x490-1-300x184.jpg 300w, https:\/\/wlportugal.com\/wp-content\/uploads\/2024\/02\/express-road-800x490-1-768x470.jpg 768w\" sizes=\"(max-width: 800px) 100vw, 800px\" title=\"\">\t\t\t\t\t\t\t\t\t\t\t\t\t\t\t<\/div>\n\t\t\t\t<\/div>\n\t\t\t\t<div class=\"elementor-element elementor-element-de399c4 elementor-widget elementor-widget-text-editor\" data-id=\"de399c4\" data-element_type=\"widget\" data-e-type=\"widget\" data-widget_type=\"text-editor.default\">\n\t\t\t\t<div class=\"elementor-widget-container\">\n\t\t\t\t\t\t\t\t\t<p>Con el panorama log\u00edstico cambiante, desde la entrega por avi\u00f3n hasta la entrega por cami\u00f3n, brindar servicios de log\u00edstica por carretera Expresso a las empresas se ha convertido en una soluci\u00f3n log\u00edstica eficaz para proteger las cadenas de suministro.<\/p>\n<p>Para un servicio de transporte puerta a puerta en toda Europa, especialmente para env\u00edos grandes y urgentes que no pueden transportarse a bordo de un avi\u00f3n debido a limitaciones de tama\u00f1o, peso, mercanc\u00eda o tiempo, WLP puede ofrecerle un <strong>servicio expresso exclusivo por carretera<\/strong>.<\/p>\n<p>Nuestra red europea de transporte por carretera se mejora continuamente en funci\u00f3n de las necesidades de nuestros clientes. Dependiendo del tama\u00f1o de su env\u00edo, podemos ofrecerle veh\u00edculos peque\u00f1os y medianos o camiones completos.<br \/>Todos los d\u00edas de la semana, cada hora del d\u00eda, tu env\u00edo ser\u00e1 recogido y entregado en el menor tiempo posible.<\/p>\n\t\t\t\t\t\t\t\t<\/div>\n\t\t\t\t<\/div>\n\t\t\t\t\t<\/div>\n\t\t<\/div>\n\t\t\t\t\t<\/div>\n\t\t<\/section>\n\t\t\t\t<section class=\"elementor-section elementor-top-section elementor-element elementor-element-77ca548 elementor-section-boxed elementor-section-height-default elementor-section-height-default\" data-id=\"77ca548\" data-element_type=\"section\" data-e-type=\"section\">\n\t\t\t\t\t\t<div class=\"elementor-container elementor-column-gap-default\">\n\t\t\t\t\t<div class=\"elementor-column elementor-col-100 elementor-top-column elementor-element elementor-element-7354f29\" data-id=\"7354f29\" data-element_type=\"column\" data-e-type=\"column\">\n\t\t\t<div class=\"elementor-widget-wrap elementor-element-populated\">\n\t\t\t\t\t\t<div class=\"elementor-element elementor-element-6b01242 elementor-widget elementor-widget-spacer\" data-id=\"6b01242\" data-element_type=\"widget\" data-e-type=\"widget\" data-widget_type=\"spacer.default\">\n\t\t\t\t<div class=\"elementor-widget-container\">\n\t\t\t\t\t\t\t<div class=\"elementor-spacer\">\n\t\t\t<div class=\"elementor-spacer-inner\"><\/div>\n\t\t<\/div>\n\t\t\t\t\t\t<\/div>\n\t\t\t\t<\/div>\n\t\t\t\t\t<\/div>\n\t\t<\/div>\n\t\t\t\t\t<\/div>\n\t\t<\/section>\n\t\t\t\t<\/div>\n\t\t","protected":false},"excerpt":{"rendered":"<p>Soluciones Cr\u00edticas AIR CHARTER Los din\u00e1micos mercados globales actuales requieren un socio log\u00edstico que responda r\u00e1pidamente con soluciones ch\u00e1rter confiables y competitivas. Air Charter es generalmente una alternativa que las empresas adoptan cuando otras opciones de transporte a\u00e9reo no son pr\u00e1cticas o imposibles. Este tipo de transporte a\u00e9reo es crucial cuando los clientes enfrentan paradas [&hellip;]<\/p>\n","protected":false},"author":1,"featured_media":9961,"parent":0,"menu_order":0,"comment_status":"closed","ping_status":"closed","template":"","meta":{"om_disable_all_campaigns":false,"_monsterinsights_skip_tracking":false,"_monsterinsights_sitenote_active":false,"_monsterinsights_sitenote_note":"","_monsterinsights_sitenote_category":0,"_uf_show_specific_survey":0,"_uf_disable_surveys":false,"footnotes":""},"class_list":["post-9991","page","type-page","status-publish","has-post-thumbnail","hentry"],"_links":{"self":[{"href":"https:\/\/wlportugal.com\/es\/wp-json\/wp\/v2\/pages\/9991","targetHints":{"allow":["GET"]}}],"collection":[{"href":"https:\/\/wlportugal.com\/es\/wp-json\/wp\/v2\/pages"}],"about":[{"href":"https:\/\/wlportugal.com\/es\/wp-json\/wp\/v2\/types\/page"}],"author":[{"embeddable":true,"href":"https:\/\/wlportugal.com\/es\/wp-json\/wp\/v2\/users\/1"}],"replies":[{"embeddable":true,"href":"https:\/\/wlportugal.com\/es\/wp-json\/wp\/v2\/comments?post=9991"}],"version-history":[{"count":0,"href":"https:\/\/wlportugal.com\/es\/wp-json\/wp\/v2\/pages\/9991\/revisions"}],"wp:featuredmedia":[{"embeddable":true,"href":"https:\/\/wlportugal.com\/es\/wp-json\/wp\/v2\/media\/9961"}],"wp:attachment":[{"href":"https:\/\/wlportugal.com\/es\/wp-json\/wp\/v2\/media?parent=9991"}],"curies":[{"name":"wp","href":"https:\/\/api.w.org\/{rel}","templated":true}]}}